{"id":103,"date":"2021-01-12T00:40:53","date_gmt":"2021-01-12T00:40:53","guid":{"rendered":"http:\/\/palyazat.jaszalsoszentgyorgy.hu\/?page_id=103"},"modified":"2021-01-12T01:19:06","modified_gmt":"2021-01-12T01:19:06","slug":"kozbeszerzes","status":"publish","type":"page","link":"https:\/\/palyazat.jaszalsoszentgyorgy.hu\/?page_id=103","title":{"rendered":"K\u00d6ZBESZERZ\u00c9S"},"content":{"rendered":"<h2><span style=\"font-size: 10px; font-family: 'book antiqua', palatino, serif; color: #3366ff;\"><a style=\"color: #3366ff;\" href=\"http:\/\/palyazat.jaszalsoszentgyorgy.hu\/\">VISSZA A F\u0150OLDALRA<\/a><\/span><\/h2>\n<p><span style=\"font-family: 'book antiqua', palatino, serif; font-size: 18px;\">K\u00f6z\u00adbe\u00adszer\u00adz\u00e9s dokumentumai:<\/span><\/p>\n<p><span style=\"font-family: 'book antiqua', palatino, serif; font-size: 18px;\"><a href=\"http:\/\/www.jaszalsoszentgyorgy.hu\/wp-content\/uploads\/Aj%C3%A1nlatt%C3%A9teli_felh%C3%ADv%C3%A1s_0406_signed.pdf\">Aj\u00e1nlatt\u00e9teli_felh\u00edv\u00e1s<\/a><\/span><\/p>\n<p><span style=\"font-family: 'book antiqua', palatino, serif; font-size: 18px;\"><a href=\"http:\/\/www.jaszalsoszentgyorgy.hu\/wp-content\/uploads\/K%C3%B6zbeszerz%C3%A9si-dokumentumok_J%C3%A1szals%C3%B3szentgy%C3%B6rgy_belv%C3%ADz_0406_signed.pdf\">K\u00f6z\u00adbe\u00adszer\u00adz\u00e9si dokumentumok<\/a><\/span><\/p>\n<p><span style=\"font-family: 'book antiqua', palatino, serif; font-size: 18px;\"><a href=\"http:\/\/www.jaszalsoszentgyorgy.hu\/wp-content\/uploads\/Bont%C3%A1si-jegyz%C5%91k%C3%B6nyv-%C3%A9s-jelenl%C3%A9ti-%C3%ADv-belv%C3%ADz_signed.pdf\">Bon\u00adt\u00e1si jegyz\u0151k\u00f6nyv<\/a><\/span><\/p>\n<p><span style=\"font-family: 'book antiqua', palatino, serif; font-size: 18px;\"><a href=\"http:\/\/www.jaszalsoszentgyorgy.hu\/wp-content\/uploads\/%C3%96sszegez%C3%A9s_az_aj%C3%A1nlatok_elb%C3%ADr%C3%A1l%C3%A1s%C3%A1r%C3%B3l_20180427.pdf\">\u00d6sszegez\u00e9s_az_aj\u00e1nlatok_elb\u00edr\u00e1l\u00e1s\u00e1r\u00f3l<\/a><\/span><\/p>\n<p>&nbsp;<\/p>\n<p><span style=\"font-family: 'book antiqua', palatino, serif; font-size: 18px;\">Al\u00e1\u00ad\u00edrt v\u00e1l\u00adlal\u00adko\u00adz\u00e1si szerz\u0151d\u00e9s:<\/span><\/p>\n<p><span style=\"font-family: 'book antiqua', palatino, serif; font-size: 18px;\"><a href=\"http:\/\/www.jaszalsoszentgyorgy.hu\/wp-content\/uploads\/V%C3%A1ll.szerz_Malaj-Center.pdf\">MALAJ Cen\u00adter Kft. al\u00e1\u00ad\u00edrt szerz\u0151d\u00e9s<\/a><\/span><\/p>\n","protected":false},"excerpt":{"rendered":"<p>VISSZA A F\u0150OLDALRA K\u00f6z\u00adbe\u00adszer\u00adz\u00e9s dokumentumai: Aj\u00e1nlatt\u00e9teli_felh\u00edv\u00e1s K\u00f6z\u00adbe\u00adszer\u00adz\u00e9si dokumentumok Bon\u00adt\u00e1si jegyz\u0151k\u00f6nyv \u00d6sszegez\u00e9s_az_aj\u00e1nlatok_elb\u00edr\u00e1l\u00e1s\u00e1r\u00f3l &nbsp; Al\u00e1\u00ad\u00edrt v\u00e1l\u00adlal\u00adko\u00adz\u00e1si szerz\u0151d\u00e9s: MALAJ Cen\u00adter Kft. al\u00e1\u00ad\u00edrt szerz\u0151d\u00e9s<\/p>\n","protected":false},"author":1,"featured_media":0,"parent":101,"menu_order":0,"comment_status":"closed","ping_status":"closed","template":"","meta":{"footnotes":""},"class_list":["post-103","page","type-page","status-publish","hentry","entry","no-media"],"_links":{"self":[{"href":"https:\/\/palyazat.jaszalsoszentgyorgy.hu\/index.php?rest_route=\/wp\/v2\/pages\/103","targetHints":{"allow":["GET"]}}],"collection":[{"href":"https:\/\/palyazat.jaszalsoszentgyorgy.hu\/index.php?rest_route=\/wp\/v2\/pages"}],"about":[{"href":"https:\/\/palyazat.jaszalsoszentgyorgy.hu\/index.php?rest_route=\/wp\/v2\/types\/page"}],"author":[{"embeddable":true,"href":"https:\/\/palyazat.jaszalsoszentgyorgy.hu\/index.php?rest_route=\/wp\/v2\/users\/1"}],"replies":[{"embeddable":true,"href":"https:\/\/palyazat.jaszalsoszentgyorgy.hu\/index.php?rest_route=%2Fwp%2Fv2%2Fcomments&post=103"}],"version-history":[{"count":0,"href":"https:\/\/palyazat.jaszalsoszentgyorgy.hu\/index.php?rest_route=\/wp\/v2\/pages\/103\/revisions"}],"up":[{"embeddable":true,"href":"https:\/\/palyazat.jaszalsoszentgyorgy.hu\/index.php?rest_route=\/wp\/v2\/pages\/101"}],"wp:attachment":[{"href":"https:\/\/palyazat.jaszalsoszentgyorgy.hu\/index.php?rest_route=%2Fwp%2Fv2%2Fmedia&parent=103"}],"curies":[{"name":"wp","href":"https:\/\/api.w.org\/{rel}","templated":true}]}}