{"id":106,"date":"2021-01-12T00:42:56","date_gmt":"2021-01-12T00:42:56","guid":{"rendered":"http:\/\/palyazat.jaszalsoszentgyorgy.hu\/?page_id=106"},"modified":"2021-01-12T01:17:54","modified_gmt":"2021-01-12T01:17:54","slug":"top-1-4-1-15-jn1-2016-00010","status":"publish","type":"page","link":"https:\/\/palyazat.jaszalsoszentgyorgy.hu\/?page_id=106","title":{"rendered":"TOP-1.4.1\u201315-JN1-2016\u201300010"},"content":{"rendered":"<h2><span style=\"font-size: 10px; font-family: 'book antiqua', palatino, serif; color: #3366ff;\"><a style=\"color: #3366ff;\" href=\"http:\/\/palyazat.jaszalsoszentgyorgy.hu\/\">VISSZA A F\u0150OLDALRA<\/a><\/span><\/h2>\n<h2>TOP-1.4.1\u201315-JN1-2016\u201300010 \u201cA Cifrapalota \u00d3vodai \u00e9s B\u00f6lcs\u0151dei Int\u00e9zm\u00e9ny b\u00f6lcs\u0151dei f\u00e9r\u0151helyeinek megdupl\u00e1z\u00e1sa \u00e9s az int\u00e9zm\u00e9ny infrastruktur\u00e1lis fejleszt\u00e9se\u201d<\/h2>\n<div class=\"entry\">\n<p><a href=\"http:\/\/www.jaszalsoszentgyorgy.hu\/wp-content\/uploads\/projektt%C3%A1bla5.jpg\"><img loading=\"lazy\" decoding=\"async\" class=\"aligncenter size-full wp-image-11981\" title=\"projektt\u00e1bla\" src=\"http:\/\/www.jaszalsoszentgyorgy.hu\/wp-content\/uploads\/projektt%C3%A1bla5.jpg\" alt=\"\" width=\"900\" height=\"632\" \/><\/a><\/p>\n<p><strong>Pro\u00adjekt azo\u00adno\u00ads\u00edt\u00f3 sz\u00e1ma:<\/strong>\u00a0 TOP-1.4.1\u201315-JN1-2016\u201300010<\/p>\n<p><strong>Pro\u00adjekt c\u00edme:<\/strong>\u00a0A\u00a0Cif\u00adra\u00adpa\u00adlota \u00d3vo\u00addai \u00e9s B\u00f6lcs\u0151\u00addei Int\u00e9z\u00adm\u00e9ny b\u00f6lcs\u0151\u00addei f\u00e9r\u0151\u00adhe\u00adlye\u00adi\u00adnek meg\u00addup\u00adl\u00e1\u00adz\u00e1sa \u00e9s az int\u00e9z\u00adm\u00e9ny inf\u00adra\u00adstruk\u00adtu\u00adr\u00e1\u00adlis fejleszt\u00e9se<\/p>\n<p><strong>Ked\u00advez\u00adm\u00e9\u00adnye\u00adzett neve:<\/strong>\u00a0J\u00e1szal\u00ads\u00f3\u00adszent\u00adgy\u00f6rgy K\u00f6z\u00ads\u00e9gi \u00d6nkorm\u00e1nyzat<\/p>\n<p><strong>T\u00e1mo\u00adga\u00adt\u00e1s \u00f6sszege:<\/strong>\u00a045.000.000.-Ft<\/p>\n<p><strong>T\u00e1mo\u00adga\u00adt\u00e1s m\u00e9r\u00adt\u00e9ke:<\/strong>\u00a0100%<\/p>\n<p><strong>Pro\u00adjekt ter\u00adve\u00adzett befe\u00adje\u00adz\u00e9si d\u00e1tuma:<\/strong>\u00a02018. novem\u00adber\u00a030.<\/p>\n<p>&nbsp;<\/p>\n<p><strong>A pro\u00adjekt tar\u00adtal\u00adm\u00e1\u00adnak bemutat\u00e1sa:<\/strong><\/p>\n<p>&#8211;\u00a0<strong>a\u00a0jelen\u00adlegi egy b\u00f6lcs\u0151\u00addei cso\u00adpor\u00adtot kib\u0151\u00adv\u00edt\u00adj\u00fck,<\/strong>\u00a0\u00edgy a\u00a0j\u00f6v\u0151\u00adben, el\u0151\u00adre\u00adl\u00e1t\u00adha\u00adt\u00f3\u00adlag 2018. szep\u00adtem\u00adber 1-j\u00e9t\u0151l\u00a0<strong>k\u00e9t b\u00f6lcs\u0151\u00addei cso\u00adport\u00adtal fog m\u0171k\u00f6dni az int\u00e9z\u00adm\u00e9ny,<\/strong>\u00a0amely \u00edgy m\u00e1r 24 gyer\u00adme\u00adket tud majd fogadni a\u00a0jelen\u00adlegi 12 helyett \u00e9s tov\u00e1bbi 2\u20133 f\u0151 b\u00f6lcs\u0151\u00addei dol\u00adgo\u00adz\u00f3\u00adnak tudunk mun\u00adk\u00e1t adni telep\u00fcl\u00e9s\u00fcnk\u00f6n,<\/p>\n<p>&#8211; az Int\u00e9z\u00adm\u00e9ny\u00a0<strong>cso\u00adport\u00adszo\u00adb\u00e1\u00adi\u00adnak, kiszol\u00adg\u00e1l\u00f3 helyi\u00ads\u00e9\u00adge\u00adi\u00adnek bur\u00adko\u00adlat fel\u00ad\u00faj\u00ed\u00adt\u00e1sa<\/strong>\u00a0\u00e9s az<br \/>\n\u00e9p\u00fc\u00adlet bels\u0151 fes\u00adt\u00e9se fog meg\u00adva\u00adl\u00f3\u00adsulni,<strong>\u00a0a\u00a0<\/strong><strong>cso\u00adport\u00adszo\u00adb\u00e1k\u00adhoz tar\u00adtoz\u00f3 tera\u00adszo\u00adkat gumi\u0151r\u00adle\u00adm\u00e9ny, \u00fan. rekor\u00adt\u00e1n bur\u00adko\u00adlat\u00adtal fog\u00adjuk lefedni<\/strong>, \u00edgy sok\u00adkal biz\u00adton\u00ads\u00e1\u00adgo\u00adsabb, k\u00e9nyel\u00adme\u00adsebb lesz a\u00a0tera\u00adszo\u00adkon a\u00a0j\u00e1t\u00e9k a\u00a0gyer\u00adme\u00adkek r\u00e9sz\u00e9re,<\/p>\n<p>&#8211;\u00a0<strong>a\u00a0meleg\u00edt\u0151konyha-mosogat\u00f3-t\u00e1lal\u00f3t tel\u00adje\u00adsen fel\u00ad\u00faj\u00edt\u00adjuk HACCP-rendszer sze\u00adrint,<\/strong>\u00a0illetve a\u00a0kony\u00adhai esz\u00adk\u00f6\u00adz\u00f6\u00adket, ev\u0151esz\u00adk\u00f6\u00adz\u00f6\u00adket, t\u00e1ny\u00e9\u00adro\u00adkat, poha\u00adra\u00adkat, t\u00e1lal\u00f3 esz\u00adk\u00f6\u00adz\u00f6\u00adket kicse\u00adr\u00e9l\u00adj\u00fck, ezen fel\u00fcl nagy \u00e9rt\u00e9k\u0171 kony\u00adhai esz\u00adk\u00f6\u00adz\u00f6k (ipari moso\u00adga\u00adt\u00f3\u00adg\u00e9p, g\u00e1zt\u0171z\u00adhely, mik\u00adro\u00adhul\u00adl\u00e1m\u00fa s\u00fct\u0151, stb\u2026) ker\u00fcl\u00adnek beszerz\u00e9sre,<\/p>\n<p>&#8211;\u00a0<strong>a\u00a0cso\u00adport\u00adszo\u00adb\u00e1k\u00adban komp\u00adlett b\u00fato\u00adrok<\/strong>\u00a0(\u00faj, kor\u00adszer\u0171 fek\u00adtet\u0151k, sz\u00e9\u00adkek, asz\u00adta\u00adlok, szek\u00adr\u00e9\u00adnyek, t\u00e9r\u00adel\u00adv\u00e1\u00adlasz\u00adt\u00f3k stb\u2026), f\u00fcg\u00adg\u00f6\u00adny\u00f6k, sz\u0151\u00adnye\u00adgek, fej\u00adleszt\u0151\u00adj\u00e1\u00adt\u00e9\u00adkok beszer\u00adz\u00e9\u00ads\u00e9re ker\u00fcl majd\u00a0sor.<\/p>\n<p>&#8211; az \u00d3voda ingat\u00adla\u00adnon bel\u00fcli\u00a0<strong>udvar\u00adban l\u00e9v\u0151 par\u00adkol\u00f3\u00a0 bur\u00adkolt fel\u00fc\u00adle\u00adt\u00e9\u00adnek n\u00f6ve\u00adl\u00e9se, aszfaltoz\u00e1sa,<\/strong><\/p>\n<p>&#8211;\u00a0 az int\u00e9z\u00adm\u00e9ny vil\u00adla\u00admos\u00adener\u00adgia ell\u00e1\u00adt\u00e1\u00ads\u00e1t tel\u00adjes eg\u00e9\u00adsz\u00e9\u00adben\u00a0<strong>60 darab nap\u00adelem\u00admel<\/strong>\u00a0meg\u00adter\u00admelt vil\u00adla\u00admos ener\u00adgi\u00ad\u00e1\u00adval fog\u00adjuk biz\u00adto\u00ads\u00ed\u00adtani, amely \u00e9ves szin\u00adten t\u00f6bb sz\u00e1z\u00adezer forint meg\u00adta\u00adka\u00adr\u00ed\u00adt\u00e1st jelent majd.<\/p>\n<p><a href=\"http:\/\/www.jaszalsoszentgyorgy.hu\/wp-content\/uploads\/Projektismertet%C5%91_honlapra.pdf\">Pro\u00adjekt\u00adis\u00admer\u00adtet\u0151<\/a><\/p>\n<h3>H\u00edrek a\u00a0pro\u00adjekt megval\u00f3sul\u00e1s\u00e1r\u00f3l:<\/h3>\n<p><strong>A kivi\u00adte\u00adle\u00adz\u00e9sre vonat\u00adko\u00adz\u00f3an k\u00e9t v\u00e1l\u00adlal\u00adko\u00adz\u00e1si szerz\u0151\u00add\u00e9s ker\u00fclt meg\u00adk\u00f6\u00adt\u00e9sre<\/strong>, az egyik a\u00a0nap\u00adele\u00admes rend\u00adszer ki\u00e9p\u00ed\u00adt\u00e9\u00ads\u00e9re. A\u00a060 db nap\u00adelemb\u0151l \u00e1ll\u00f3 nap\u00adele\u00admes rend\u00adszer ki\u00e9p\u00ed\u00adt\u00e9\u00ads\u00e9re vonat\u00adko\u00adz\u00f3an 2017.08.22-\u00e9n ker\u00fclt meg\u00adk\u00f6\u00adt\u00e9sre a\u00a0v\u00e1l\u00adlal\u00adko\u00adz\u00e1si szerz\u0151\u00add\u00e9s a\u00a0<strong>Grid\u00adSo\u00adlar Group Kft<\/strong>\u2013vel. A\u00a0v\u00e1l\u00adlal\u00adkoz\u00f3 a\u00a0mun\u00adk\u00e1\u00adla\u00adto\u00adkat 2017. szep\u00adtem\u00adber 20-\u00e1ra fejezte be, ezen a\u00a0napon meg\u00adt\u00f6r\u00adt\u00e9nt a\u00a0rend\u00adszer m\u0171szaki \u00e1tad\u00e1s-\u00e1tv\u00e9tele \u00e9s \u00fczembe helyez\u00e9se.<\/p>\n<p>Az \u00e9p\u00ed\u00adt\u00e9si mun\u00adk\u00e1\u00adla\u00adtok tov\u00e1bbi r\u00e9sz\u00e9re (t\u00e1la\u00adl\u00f3\u00adkonyha \u00e9s moso\u00adgat\u00f3 helyi\u00ads\u00e9\u00adgek fel\u00ad\u00faj\u00ed\u00adt\u00e1sa (\u00e9p\u00ed\u00adt\u00e9\u00adszeti, elekt\u00adro\u00admos \u00e9s g\u00e9p\u00e9\u00adszeti kiala\u00adk\u00ed\u00adt\u00e1s), 7\u00a0db cso\u00adport\u00adszoba \u00e9s kap\u00adcso\u00adl\u00f3d\u00f3, kor\u00e1b\u00adban bur\u00adko\u00adlat\u00adcse\u00adr\u00e9\u00advel nem \u00e9rin\u00adtett helyi\u00ads\u00e9\u00adgek bur\u00adko\u00adl\u00e1sa, 7\u00a0db cso\u00adport\u00adszoba el\u0151tti tera\u00adszok bur\u00adko\u00adl\u00e1sa gumi bur\u00adko\u00adlat\u00adtal, \u00f3voda udvar bur\u00adkolt fel\u00fc\u00adle\u00adt\u00e9\u00adnek n\u00f6ve\u00adl\u00e9se, asz\u00adfal\u00adto\u00adz\u00e1s, illetve kapu\u00adbe\u00ad\u00e1ll\u00f3 (25 m2) asz\u00adfal\u00adto\u00adz\u00e1sa) A\u00a0K\u00f6z\u00ads\u00e9gi \u00d6nkor\u00adm\u00e1ny\u00adzat 2018. \u00e1pri\u00adlis 28-\u00e1n az \u00e9p\u00ed\u00adt\u00e9si fel\u00adada\u00adtok elv\u00e9g\u00adz\u00e9\u00ads\u00e9re v\u00e1l\u00adlal\u00adko\u00adz\u00e1si szerz\u0151\u00add\u00e9st k\u00f6t\u00f6tt a\u00a0<strong>J\u00e1sz\u00adge\u00adne\u00adr\u00e1l \u00c9p\u00edt\u0151ipari Kft<\/strong>\u2013vel. 2018. j\u00falius 31-ig meg\u00adva\u00adl\u00f3\u00adsult az 50 %-os tel\u00adje\u00ads\u00ed\u00adt\u00e9s: meg\u00adt\u00f6r\u00adt\u00e9nt a\u00a07 db cso\u00adport\u00adszoba el\u0151tti bur\u00adko\u00adlat fel\u00ad\u00faj\u00ed\u00adt\u00e1sa, az udvar asz\u00adfal\u00adto\u00adz\u00e1sa \u00e9s a\u00a07 db cso\u00adport\u00adszoba egy r\u00e9sz\u00e9\u00adnek burkol\u00e1sa.<\/p>\n<p>&nbsp;<\/p>\n<p>***<\/p>\n<div>\n<h1 align=\"center\"><strong>MEG\u00daJULT \u00d3VOD\u00c1BAN \u00c9S B\u00d6LCS\u0150D\u00c9BEN FOGADJ\u00c1K A\u00a0GYERMEKEKET J\u00c1SZALS\u00d3SZENTGY\u00d6RGY\u00d6N<\/strong><\/h1>\n<h2>J\u00e1szal\u00ads\u00f3\u00adszent\u00adgy\u00f6rgy K\u00f6z\u00ads\u00e9gi \u00d6nkor\u00adm\u00e1ny\u00adzat \u00f3vo\u00add\u00e1ja \u00e9s b\u00f6lcs\u0151\u00add\u00e9je a\u00a0TOP-1.4.1\u201315-JN1-2016\u201300010 azo\u00adno\u00ads\u00edt\u00f3 sz\u00e1\u00admon nyil\u00adv\u00e1n\u00adtar\u00adtott, \u201eA Cif\u00adra\u00adpa\u00adlota \u00d3vo\u00addai \u00e9s B\u00f6lcs\u0151\u00addei Int\u00e9z\u00adm\u00e9ny b\u00f6lcs\u0151\u00addei f\u00e9r\u0151\u00adhe\u00adlye\u00adi\u00adnek meg\u00addup\u00adl\u00e1\u00adz\u00e1sa \u00e9s az int\u00e9z\u00adm\u00e9ny inf\u00adra\u00adstruk\u00adtu\u00adr\u00e1\u00adlis fej\u00adlesz\u00adt\u00e9se\u201d c\u00edm\u0171 p\u00e1ly\u00e1\u00adzata \u2013 a\u00a0Sz\u00e9\u00adche\u00adnyi 2020 prog\u00adram kere\u00adt\u00e9\u00adben \u2013 45.000.000.- Ft vissza nem t\u00e9r\u00ed\u00adtend\u0151, 100 sz\u00e1\u00adza\u00adl\u00e9\u00adkos inten\u00adzi\u00adt\u00e1s\u00fa eur\u00f3\u00adpai uni\u00f3s t\u00e1mo\u00adga\u00adt\u00e1s seg\u00edt\u00ads\u00e9\u00adg\u00e9\u00advel \u00fajult\u00a0meg.<\/h2>\n<\/div>\n<h2><strong>A beru\u00adh\u00e1\u00adz\u00e1s kere\u00adt\u00e9\u00adben az egy b\u00f6lcs\u0151\u00addei cso\u00adpor\u00adtot kib\u0151\u00adv\u00ed\u00adtet\u00adt\u00fck,<\/strong>\u00a0\u00edgy 2018. szep\u00adtem\u00adber 1-j\u00e9t\u0151l\u00a0<strong>k\u00e9t b\u00f6lcs\u0151\u00addei cso\u00adport\u00adtal m\u0171k\u00f6\u00addik az int\u00e9z\u00adm\u00e9ny,<\/strong>\u00a0amely \u00edgy m\u00e1r 24 gyer\u00adme\u00adket tud fogadni a\u00a0kor\u00e1bbi 12 helyett \u00e9s tov\u00e1bbi 3\u00a0f\u0151 b\u00f6lcs\u0151\u00addei dol\u00adgo\u00adz\u00f3\u00adnak tudunk mun\u00adk\u00e1t adni telep\u00fcl\u00e9s\u00fcnk\u00f6n.<\/h2>\n<h2>Az Int\u00e9z\u00adm\u00e9ny\u00a0<strong>cso\u00adport\u00adszo\u00adb\u00e1\u00adi\u00adnak, kiszol\u00adg\u00e1l\u00f3 helyi\u00ads\u00e9\u00adge\u00adi\u00adnek bur\u00adko\u00adlat fel\u00ad\u00faj\u00ed\u00adt\u00e1sa<\/strong>\u00a0\u00e9s az<br \/>\n\u00e9p\u00fc\u00adlet bels\u0151 fes\u00adt\u00e9se val\u00f3\u00adsult meg,<strong>\u00a0a\u00a0<\/strong><strong>cso\u00adport\u00adszo\u00adb\u00e1k\u00adhoz tar\u00adtoz\u00f3 tera\u00adszo\u00adkat gumi\u0151r\u00adle\u00adm\u00e9ny, \u00fan. rekor\u00adt\u00e1n bur\u00adko\u00adlat\u00adtal fed\u00adt\u00fck le<\/strong>, \u00edgy sok\u00adkal biz\u00adton\u00ads\u00e1\u00adgo\u00adsabb, k\u00e9nyel\u00adme\u00adsebb a\u00a0tera\u00adszo\u00adkon a\u00a0j\u00e1t\u00e9k a\u00a0gyer\u00adme\u00adkek r\u00e9sz\u00e9re.<\/h2>\n<h2>A<strong>\u00a0meleg\u00edt\u0151konyha-mosogat\u00f3-t\u00e1lal\u00f3t tel\u00adje\u00adsen fel\u00ad\u00faj\u00ed\u00adtot\u00adtuk HACCP-rendszer sze\u00adrint,<\/strong>\u00a0illetve a\u00a0kony\u00adhai esz\u00adk\u00f6\u00adz\u00f6\u00adket, ev\u0151esz\u00adk\u00f6\u00adz\u00f6\u00adket, t\u00e1ny\u00e9\u00adro\u00adkat, poha\u00adra\u00adkat, t\u00e1lal\u00f3 esz\u00adk\u00f6\u00adz\u00f6\u00adket kicse\u00adr\u00e9l\u00adt\u00fck, ezen fel\u00fcl nagy \u00e9rt\u00e9k\u0171 kony\u00adhai esz\u00adk\u00f6\u00adz\u00f6k (ipari moso\u00adga\u00adt\u00f3\u00adg\u00e9p, g\u00e1zt\u0171z\u00adhely, mik\u00adro\u00adhul\u00adl\u00e1m\u00fa s\u00fct\u0151, stb\u2026) ker\u00fcl\u00adtek beszerz\u00e9sre.<\/h2>\n<h2>\u00a0<strong>A\u00a0cso\u00adport\u00adszo\u00adb\u00e1k\u00adban komp\u00adlett b\u00fato\u00adrok<\/strong>\u00a0(\u00faj, kor\u00adszer\u0171 fek\u00adtet\u0151k, sz\u00e9\u00adkek, asz\u00adta\u00adlok, szek\u00adr\u00e9\u00adnyek, t\u00e9r\u00adel\u00adv\u00e1\u00adlasz\u00adt\u00f3k stb\u2026), f\u00fcg\u00adg\u00f6\u00adny\u00f6k, sz\u0151\u00adnye\u00adgek, fej\u00adleszt\u0151\u00adj\u00e1\u00adt\u00e9\u00adkok beszer\u00adz\u00e9\u00ads\u00e9re ker\u00fclt sor.<\/h2>\n<h2>Az \u00d3voda ingat\u00adla\u00adnon bel\u00fcli\u00a0<strong>udvar\u00adban l\u00e9v\u0151 par\u00adkol\u00f3 bur\u00adkolt fel\u00fc\u00adle\u00adt\u00e9\u00adnek n\u00f6ve\u00adl\u00e9se, asz\u00adfal\u00adto\u00adz\u00e1sa val\u00f3\u00adsult\u00a0meg.<\/strong><\/h2>\n<h2>Az int\u00e9z\u00adm\u00e9ny vil\u00adla\u00admos\u00adener\u00adgia ell\u00e1\u00adt\u00e1\u00ads\u00e1t tel\u00adjes eg\u00e9\u00adsz\u00e9\u00adben\u00a0<strong>60 darab nap\u00adelem\u00admel<\/strong>\u00a0meg\u00adter\u00admelt vil\u00adla\u00admos ener\u00adgi\u00ad\u00e1\u00adval biz\u00adto\u00ads\u00edt\u00adjuk, amely \u00e9ves szin\u00adten t\u00f6bb sz\u00e1z\u00adezer forint meg\u00adta\u00adka\u00adr\u00ed\u00adt\u00e1st jelent majd.<\/h2>\n<h2><\/h2>\n<h2>A fel\u00adso\u00adrolt fej\u00adlesz\u00adt\u00e9\u00adsek\u00adnek k\u00f6sz\u00f6n\u00adhet\u0151en b\u00e1t\u00adran kije\u00adlent\u00adhet\u00adj\u00fck, hogy a\u00a0kor\u00e1bbi \u00e9s a\u00a0jelen\u00adlegi p\u00e1ly\u00e1\u00adza\u00adtok ered\u00adm\u00e9\u00adnye\u00adk\u00e9nt inf\u00adra\u00adstruk\u00adt\u00fa\u00adr\u00e1\u00adj\u00e1\u00adban egy min\u00adden t\u00e9ren meg\u00ad\u00fajult \u00e9s a\u00a0XXI. sz\u00e1\u00adzadi ig\u00e9\u00adnyek\u00adnek tel\u00adjes m\u00e9r\u00adt\u00e9k\u00adben meg\u00adfe\u00adlel\u0151, modern \u00f3voda \u00e9s b\u00f6lcs\u0151de v\u00e1rja J\u00e1szal\u00ads\u00f3\u00adszent\u00adgy\u00f6rgy leg\u00adif\u00adjabb rem\u00e9nys\u00e9geit.<\/h2>\n<div>\n<p>A pro\u00adjekt meg\u00adva\u00adl\u00f3\u00ads\u00ed\u00adt\u00e1si ideje: 2017. m\u00e1jus \u2014 2018. november<\/p>\n<h3>\u00a0K\u00e9pes besz\u00e1mol\u00f3<\/h3>\n<p><a href=\"http:\/\/www.jaszalsoszentgyorgy.hu\/wp-content\/uploads\/%C3%A9p%C3%ADt%C3%A9s-%C3%A9s-eszk%C3%B6zbeszerz%C3%A9s_csoportszoba.jpg\"><img loading=\"lazy\" decoding=\"async\" class=\"aligncenter size-medium wp-image-12146\" title=\"\u00e9p\u00edt\u00e9s \u00e9s eszk\u00f6zbeszerz\u00e9s_csoportszoba\" src=\"http:\/\/www.jaszalsoszentgyorgy.hu\/wp-content\/uploads\/%C3%A9p%C3%ADt%C3%A9s-%C3%A9s-eszk%C3%B6zbeszerz%C3%A9s_csoportszoba-168x300.jpg\" alt=\"\" width=\"168\" height=\"300\" \/><\/a><\/p>\n<p><a href=\"http:\/\/www.jaszalsoszentgyorgy.hu\/wp-content\/uploads\/%C3%A9p%C3%ADt%C3%A9s-%C3%A9s-eszk%C3%B6zbeszerz%C3%A9s_csoportszoba2.jpg\"><img loading=\"lazy\" decoding=\"async\" class=\"aligncenter size-medium wp-image-12147\" title=\"\u00e9p\u00edt\u00e9s \u00e9s eszk\u00f6zbeszerz\u00e9s_csoportszoba2\" src=\"http:\/\/www.jaszalsoszentgyorgy.hu\/wp-content\/uploads\/%C3%A9p%C3%ADt%C3%A9s-%C3%A9s-eszk%C3%B6zbeszerz%C3%A9s_csoportszoba2-300x168.jpg\" alt=\"\" width=\"300\" height=\"168\" \/><\/a><\/p>\n<p><a href=\"http:\/\/www.jaszalsoszentgyorgy.hu\/wp-content\/uploads\/eszk%C3%B6zbeszerz%C3%A9s_-b%C3%BAtorok_csoportszoba.jpg\"><img loading=\"lazy\" decoding=\"async\" class=\"aligncenter size-medium wp-image-12154\" title=\"eszk\u00f6zbeszerz\u00e9s_ b\u00fatorok_csoportszoba\" src=\"http:\/\/www.jaszalsoszentgyorgy.hu\/wp-content\/uploads\/eszk%C3%B6zbeszerz%C3%A9s_-b%C3%BAtorok_csoportszoba-300x168.jpg\" alt=\"\" width=\"300\" height=\"168\" \/><\/a><\/p>\n<p><a href=\"http:\/\/www.jaszalsoszentgyorgy.hu\/wp-content\/uploads\/eszk%C3%B6zbeszerz%C3%A9s_b%C3%BAtorok-j%C3%A1t%C3%A9kok.jpg\"><img loading=\"lazy\" decoding=\"async\" class=\"aligncenter size-medium wp-image-12155\" title=\"eszk\u00f6zbeszerz\u00e9s_b\u00fatorok, j\u00e1t\u00e9kok\" src=\"http:\/\/www.jaszalsoszentgyorgy.hu\/wp-content\/uploads\/eszk%C3%B6zbeszerz%C3%A9s_b%C3%BAtorok-j%C3%A1t%C3%A9kok-300x168.jpg\" alt=\"\" width=\"300\" height=\"168\" \/><\/a><\/p>\n<p><a href=\"http:\/\/www.jaszalsoszentgyorgy.hu\/wp-content\/uploads\/eszk%C3%B6zbeszerz%C3%A9s_b%C3%BAtorok-sz%C5%91nyeg-f%C3%BCgg%C3%B6ny_csoportszoba.jpg\"><img loading=\"lazy\" decoding=\"async\" class=\"aligncenter size-medium wp-image-12156\" title=\"eszk\u00f6zbeszerz\u00e9s_b\u00fatorok, sz\u0151nyeg, f\u00fcgg\u00f6ny_csoportszoba\" src=\"http:\/\/www.jaszalsoszentgyorgy.hu\/wp-content\/uploads\/eszk%C3%B6zbeszerz%C3%A9s_b%C3%BAtorok-sz%C5%91nyeg-f%C3%BCgg%C3%B6ny_csoportszoba-300x168.jpg\" alt=\"\" width=\"300\" height=\"168\" \/><\/a><\/p>\n<p><a href=\"http:\/\/www.jaszalsoszentgyorgy.hu\/wp-content\/uploads\/eszk%C3%B6zbeszerz%C3%A9s_b%C3%BAtorok.jpg\"><img loading=\"lazy\" decoding=\"async\" class=\"aligncenter size-medium wp-image-12157\" title=\"eszk\u00f6zbeszerz\u00e9s_b\u00fatorok\" src=\"http:\/\/www.jaszalsoszentgyorgy.hu\/wp-content\/uploads\/eszk%C3%B6zbeszerz%C3%A9s_b%C3%BAtorok-300x168.jpg\" alt=\"\" width=\"300\" height=\"168\" \/><\/a><\/p>\n<p><a href=\"http:\/\/www.jaszalsoszentgyorgy.hu\/wp-content\/uploads\/eszk%C3%B6zbeszerz%C3%A9s_fektet%C5%91k.jpg\"><img loading=\"lazy\" decoding=\"async\" class=\"aligncenter size-medium wp-image-12158\" title=\"eszk\u00f6zbeszerz\u00e9s_fektet\u0151k\" src=\"http:\/\/www.jaszalsoszentgyorgy.hu\/wp-content\/uploads\/eszk%C3%B6zbeszerz%C3%A9s_fektet%C5%91k-300x168.jpg\" alt=\"\" width=\"300\" height=\"168\" \/><\/a><\/p>\n<p><a href=\"http:\/\/www.jaszalsoszentgyorgy.hu\/wp-content\/uploads\/eszk%C3%B6zbeszerz%C3%A9s_sz%C5%91nyeg-j%C3%A1t%C3%A9kok.jpg\"><img loading=\"lazy\" decoding=\"async\" class=\"aligncenter size-medium wp-image-12160\" title=\"eszk\u00f6zbeszerz\u00e9s_sz\u0151nyeg, j\u00e1t\u00e9kok\" src=\"http:\/\/www.jaszalsoszentgyorgy.hu\/wp-content\/uploads\/eszk%C3%B6zbeszerz%C3%A9s_sz%C5%91nyeg-j%C3%A1t%C3%A9kok-300x168.jpg\" alt=\"\" width=\"300\" height=\"168\" \/><\/a><\/p>\n<p><a href=\"http:\/\/www.jaszalsoszentgyorgy.hu\/wp-content\/uploads\/%C3%A9p%C3%ADt%C3%A9s_fel%C3%BAj%C3%ADtott-t%C3%A1lal%C3%B3konyha.jpg\"><img loading=\"lazy\" decoding=\"async\" class=\"aligncenter size-medium wp-image-12148\" title=\"\u00e9p\u00edt\u00e9s_fel\u00faj\u00edtott t\u00e1lal\u00f3konyha\" src=\"http:\/\/www.jaszalsoszentgyorgy.hu\/wp-content\/uploads\/%C3%A9p%C3%ADt%C3%A9s_fel%C3%BAj%C3%ADtott-t%C3%A1lal%C3%B3konyha-168x300.jpg\" alt=\"\" width=\"168\" height=\"300\" \/><\/a><\/p>\n<p><a href=\"http:\/\/www.jaszalsoszentgyorgy.hu\/wp-content\/uploads\/eszk%C3%B6zbeszerz%C3%A9s_mosogat%C3%B3konyha.jpg\"><img loading=\"lazy\" decoding=\"async\" class=\"aligncenter size-medium wp-image-12161\" title=\"eszk\u00f6zbeszerz\u00e9s_mosogat\u00f3konyha\" src=\"http:\/\/www.jaszalsoszentgyorgy.hu\/wp-content\/uploads\/eszk%C3%B6zbeszerz%C3%A9s_mosogat%C3%B3konyha-168x300.jpg\" alt=\"\" width=\"168\" height=\"300\" \/><\/a><\/p>\n<p><a href=\"http:\/\/www.jaszalsoszentgyorgy.hu\/wp-content\/uploads\/eszk%C3%B6zbeszerz%C3%A9s_g%C3%A1zt%C5%B1zhely.jpg\"><img loading=\"lazy\" decoding=\"async\" class=\"aligncenter size-medium wp-image-12162\" title=\"eszk\u00f6zbeszerz\u00e9s_g\u00e1zt\u0171zhely\" src=\"http:\/\/www.jaszalsoszentgyorgy.hu\/wp-content\/uploads\/eszk%C3%B6zbeszerz%C3%A9s_g%C3%A1zt%C5%B1zhely-168x300.jpg\" alt=\"\" width=\"168\" height=\"300\" \/><\/a><\/p>\n<p><a href=\"http:\/\/www.jaszalsoszentgyorgy.hu\/wp-content\/uploads\/%C3%A9p%C3%ADt%C3%A9s_folyos%C3%B3-burkolat.jpg\"><img loading=\"lazy\" decoding=\"async\" class=\"aligncenter size-medium wp-image-12149\" title=\"\u00e9p\u00edt\u00e9s_folyos\u00f3 burkolat\" src=\"http:\/\/www.jaszalsoszentgyorgy.hu\/wp-content\/uploads\/%C3%A9p%C3%ADt%C3%A9s_folyos%C3%B3-burkolat-300x168.jpg\" alt=\"\" width=\"300\" height=\"168\" \/><\/a><\/p>\n<p><a href=\"http:\/\/www.jaszalsoszentgyorgy.hu\/wp-content\/uploads\/%C3%A9p%C3%ADt%C3%A9s_folyos%C3%B3-burkolat2.jpg\"><img loading=\"lazy\" decoding=\"async\" class=\"aligncenter size-medium wp-image-12150\" title=\"\u00e9p\u00edt\u00e9s_folyos\u00f3 burkolat2\" src=\"http:\/\/www.jaszalsoszentgyorgy.hu\/wp-content\/uploads\/%C3%A9p%C3%ADt%C3%A9s_folyos%C3%B3-burkolat2-300x168.jpg\" alt=\"\" width=\"300\" height=\"168\" \/><\/a><\/p>\n<p><a href=\"http:\/\/www.jaszalsoszentgyorgy.hu\/wp-content\/uploads\/%C3%A9p%C3%ADt%C3%A9s_napelem-gumiburkolat.jpg\"><img loading=\"lazy\" decoding=\"async\" class=\"aligncenter size-medium wp-image-12151\" title=\"\u00e9p\u00edt\u00e9s_napelem, gumiburkolat\" src=\"http:\/\/www.jaszalsoszentgyorgy.hu\/wp-content\/uploads\/%C3%A9p%C3%ADt%C3%A9s_napelem-gumiburkolat-300x168.jpg\" alt=\"\" width=\"300\" height=\"168\" \/><\/a><\/p>\n<p><a href=\"http:\/\/www.jaszalsoszentgyorgy.hu\/wp-content\/uploads\/%C3%A9p%C3%ADt%C3%A9s_terasz-burkolat.jpg\"><img loading=\"lazy\" decoding=\"async\" class=\"aligncenter size-medium wp-image-12152\" title=\"\u00e9p\u00edt\u00e9s_terasz burkolat\" src=\"http:\/\/www.jaszalsoszentgyorgy.hu\/wp-content\/uploads\/%C3%A9p%C3%ADt%C3%A9s_terasz-burkolat-300x168.jpg\" alt=\"\" width=\"300\" height=\"168\" \/><\/a><\/p>\n<p><a href=\"http:\/\/www.jaszalsoszentgyorgy.hu\/wp-content\/uploads\/%C3%A9p%C3%ADt%C3%A9s_udvar-parkol%C3%B3-aszfaltoz%C3%A1sa.jpg\"><img loading=\"lazy\" decoding=\"async\" class=\"aligncenter size-medium wp-image-12153\" title=\"\u00e9p\u00edt\u00e9s_udvar parkol\u00f3 aszfaltoz\u00e1sa\" src=\"http:\/\/www.jaszalsoszentgyorgy.hu\/wp-content\/uploads\/%C3%A9p%C3%ADt%C3%A9s_udvar-parkol%C3%B3-aszfaltoz%C3%A1sa-300x168.jpg\" alt=\"\" width=\"300\" height=\"168\" \/><\/a><\/p>\n<p>&nbsp;<\/p>\n<\/div>\n<\/div>\n","protected":false},"excerpt":{"rendered":"<p>VISSZA A F\u0150OLDALRA TOP-1.4.1\u201315-JN1-2016\u201300010 \u201cA Cifrapalota \u00d3vodai \u00e9s B\u00f6lcs\u0151dei Int\u00e9zm\u00e9ny b\u00f6lcs\u0151dei f\u00e9r\u0151helyeinek megdupl\u00e1z\u00e1sa \u00e9s az int\u00e9zm\u00e9ny infrastruktur\u00e1lis fejleszt\u00e9se\u201d Pro\u00adjekt azo\u00adno\u00ads\u00edt\u00f3 sz\u00e1ma:\u00a0 TOP-1.4.1\u201315-JN1-2016\u201300010 Pro\u00adjekt c\u00edme:\u00a0A\u00a0Cif\u00adra\u00adpa\u00adlota \u00d3vo\u00addai \u00e9s B\u00f6lcs\u0151\u00addei Int\u00e9z\u00adm\u00e9ny b\u00f6lcs\u0151\u00addei f\u00e9r\u0151\u00adhe\u00adlye\u00adi\u00adnek meg\u00addup\u00adl\u00e1\u00adz\u00e1sa \u00e9s az int\u00e9z\u00adm\u00e9ny inf\u00adra\u00adstruk\u00adtu\u00adr\u00e1\u00adlis fejleszt\u00e9se Ked\u00advez\u00adm\u00e9\u00adnye\u00adzett neve:\u00a0J\u00e1szal\u00ads\u00f3\u00adszent\u00adgy\u00f6rgy K\u00f6z\u00ads\u00e9gi \u00d6nkorm\u00e1nyzat T\u00e1mo\u00adga\u00adt\u00e1s \u00f6sszege:\u00a045.000.000.-Ft T\u00e1mo\u00adga\u00adt\u00e1s m\u00e9r\u00adt\u00e9ke:\u00a0100% Pro\u00adjekt ter\u00adve\u00adzett befe\u00adje\u00adz\u00e9si d\u00e1tuma:\u00a02018. novem\u00adber\u00a030. &nbsp; A pro\u00adjekt tar\u00adtal\u00adm\u00e1\u00adnak bemutat\u00e1sa: &#8211;\u00a0a\u00a0jelen\u00adlegi&hellip;<\/p>\n","protected":false},"author":1,"featured_media":0,"parent":28,"menu_order":0,"comment_status":"closed","ping_status":"closed","template":"","meta":{"footnotes":""},"class_list":["post-106","page","type-page","status-publish","hentry","entry","no-media"],"_links":{"self":[{"href":"https:\/\/palyazat.jaszalsoszentgyorgy.hu\/index.php?rest_route=\/wp\/v2\/pages\/106","targetHints":{"allow":["GET"]}}],"collection":[{"href":"https:\/\/palyazat.jaszalsoszentgyorgy.hu\/index.php?rest_route=\/wp\/v2\/pages"}],"about":[{"href":"https:\/\/palyazat.jaszalsoszentgyorgy.hu\/index.php?rest_route=\/wp\/v2\/types\/page"}],"author":[{"embeddable":true,"href":"https:\/\/palyazat.jaszalsoszentgyorgy.hu\/index.php?rest_route=\/wp\/v2\/users\/1"}],"replies":[{"embeddable":true,"href":"https:\/\/palyazat.jaszalsoszentgyorgy.hu\/index.php?rest_route=%2Fwp%2Fv2%2Fcomments&post=106"}],"version-history":[{"count":0,"href":"https:\/\/palyazat.jaszalsoszentgyorgy.hu\/index.php?rest_route=\/wp\/v2\/pages\/106\/revisions"}],"up":[{"embeddable":true,"href":"https:\/\/palyazat.jaszalsoszentgyorgy.hu\/index.php?rest_route=\/wp\/v2\/pages\/28"}],"wp:attachment":[{"href":"https:\/\/palyazat.jaszalsoszentgyorgy.hu\/index.php?rest_route=%2Fwp%2Fv2%2Fmedia&parent=106"}],"curies":[{"name":"wp","href":"https:\/\/api.w.org\/{rel}","templated":true}]}}