{"id":109,"date":"2021-01-12T00:44:37","date_gmt":"2021-01-12T00:44:37","guid":{"rendered":"http:\/\/palyazat.jaszalsoszentgyorgy.hu\/?page_id=109"},"modified":"2022-09-06T09:41:47","modified_gmt":"2022-09-06T08:41:47","slug":"top-5-3-1-16-jn1-2017-00003","status":"publish","type":"page","link":"https:\/\/palyazat.jaszalsoszentgyorgy.hu\/?page_id=109","title":{"rendered":"TOP-5.3.1\u201316-JN1-2017\u201300003"},"content":{"rendered":"<h2><span style=\"font-size: 10px; font-family: 'book antiqua', palatino, serif; color: #3366ff;\"><a style=\"color: #3366ff;\" href=\"http:\/\/palyazat.jaszalsoszentgyorgy.hu\/\">VISSZA A F\u0150OLDALRA<\/a><\/span><\/h2>\n<h2>TOP-5.3.1\u201316-JN1-2017\u201300003 Helyi k\u00f6z\u00f6ss\u00e9gek fejleszt\u00e9se a\u00a0J\u00e1szap\u00e1ti j\u00e1r\u00e1s 9\u00a0telep\u00fcl\u00e9s\u00e9nek \u00f6sszefog\u00e1s\u00e1val<\/h2>\n<div class=\"entry\">\n<p>&nbsp;<\/p>\n<p><a href=\"http:\/\/www.jaszalsoszentgyorgy.hu\/wp-content\/uploads\/t%C3%A1bla1.jpg\"><img loading=\"lazy\" decoding=\"async\" class=\"aligncenter size-full wp-image-11725\" title=\"t\u00e1bla\" src=\"http:\/\/www.jaszalsoszentgyorgy.hu\/wp-content\/uploads\/t%C3%A1bla1.jpg\" alt=\"\" width=\"813\" height=\"582\" \/><\/a><\/p>\n<p>&nbsp;<\/p>\n<h2>T\u00e1mo\u00adga\u00adt\u00e1si szerz\u0151d\u00e9s:<\/h2>\n<h4><strong><a href=\"http:\/\/www.jaszalsoszentgyorgy.hu\/wp-content\/uploads\/TSZ_TOP-5.3.11.pdf\">TSZ_TOP-5.3.1<\/a><\/strong><\/h4>\n<h4><span style=\"font-size: 16px;\"><strong><a href=\"http:\/\/palyazat.jaszalsoszentgyorgy.hu\/wp-content\/uploads\/2022\/09\/Tanulmany_projekt_tapasztalatai_jo_gyakorlatok.pdf\">K\u00f6z\u00f6ss\u00e9gi tev\u00e9kenys\u00e9gek t\u00f6rt\u00e9neti felt\u00e1r\u00e1sa &#8211; j\u00f3 gyakorlatok bemutat\u00e1sa<\/a><\/strong><\/span><\/h4>\n<\/div>\n","protected":false},"excerpt":{"rendered":"<p>VISSZA A F\u0150OLDALRA TOP-5.3.1\u201316-JN1-2017\u201300003 Helyi k\u00f6z\u00f6ss\u00e9gek fejleszt\u00e9se a\u00a0J\u00e1szap\u00e1ti j\u00e1r\u00e1s 9\u00a0telep\u00fcl\u00e9s\u00e9nek \u00f6sszefog\u00e1s\u00e1val &nbsp; &nbsp; T\u00e1mo\u00adga\u00adt\u00e1si szerz\u0151d\u00e9s: TSZ_TOP-5.3.1 K\u00f6z\u00f6ss\u00e9gi tev\u00e9kenys\u00e9gek t\u00f6rt\u00e9neti felt\u00e1r\u00e1sa &#8211; j\u00f3 gyakorlatok bemutat\u00e1sa<\/p>\n","protected":false},"author":1,"featured_media":0,"parent":28,"menu_order":0,"comment_status":"closed","ping_status":"closed","template":"","meta":{"footnotes":""},"class_list":["post-109","page","type-page","status-publish","hentry","entry","no-media"],"_links":{"self":[{"href":"https:\/\/palyazat.jaszalsoszentgyorgy.hu\/index.php?rest_route=\/wp\/v2\/pages\/109","targetHints":{"allow":["GET"]}}],"collection":[{"href":"https:\/\/palyazat.jaszalsoszentgyorgy.hu\/index.php?rest_route=\/wp\/v2\/pages"}],"about":[{"href":"https:\/\/palyazat.jaszalsoszentgyorgy.hu\/index.php?rest_route=\/wp\/v2\/types\/page"}],"author":[{"embeddable":true,"href":"https:\/\/palyazat.jaszalsoszentgyorgy.hu\/index.php?rest_route=\/wp\/v2\/users\/1"}],"replies":[{"embeddable":true,"href":"https:\/\/palyazat.jaszalsoszentgyorgy.hu\/index.php?rest_route=%2Fwp%2Fv2%2Fcomments&post=109"}],"version-history":[{"count":4,"href":"https:\/\/palyazat.jaszalsoszentgyorgy.hu\/index.php?rest_route=\/wp\/v2\/pages\/109\/revisions"}],"predecessor-version":[{"id":605,"href":"https:\/\/palyazat.jaszalsoszentgyorgy.hu\/index.php?rest_route=\/wp\/v2\/pages\/109\/revisions\/605"}],"up":[{"embeddable":true,"href":"https:\/\/palyazat.jaszalsoszentgyorgy.hu\/index.php?rest_route=\/wp\/v2\/pages\/28"}],"wp:attachment":[{"href":"https:\/\/palyazat.jaszalsoszentgyorgy.hu\/index.php?rest_route=%2Fwp%2Fv2%2Fmedia&parent=109"}],"curies":[{"name":"wp","href":"https:\/\/api.w.org\/{rel}","templated":true}]}}