{"id":115,"date":"2021-01-12T00:48:22","date_gmt":"2021-01-12T00:48:22","guid":{"rendered":"http:\/\/palyazat.jaszalsoszentgyorgy.hu\/?page_id=115"},"modified":"2021-01-12T01:16:56","modified_gmt":"2021-01-12T01:16:56","slug":"efop-1-5-3-16-2017-00032","status":"publish","type":"page","link":"https:\/\/palyazat.jaszalsoszentgyorgy.hu\/?page_id=115","title":{"rendered":"EFOP-1.5.3\u201316\u20132017\u201300032"},"content":{"rendered":"<h2><span style=\"font-size: 10px; font-family: 'book antiqua', palatino, serif; color: #3366ff;\"><a style=\"color: #3366ff;\" href=\"http:\/\/palyazat.jaszalsoszentgyorgy.hu\/\">VISSZA A F\u0150OLDALRA<\/a><\/span><\/h2>\n<h2>EFOP-1.5.3\u201316-2017\u201300032 Hum\u00e1n szolg\u00e1ltat\u00e1sok fejleszt\u00e9se a\u00a0J\u00e1szap\u00e1ti j\u00e1r\u00e1sban<\/h2>\n<div class=\"entry\">\n<p>&nbsp;<\/p>\n<p><a href=\"http:\/\/www.jaszalsoszentgyorgy.hu\/?attachment_id=12537\" rel=\"attachment wp-att-12537\"><img loading=\"lazy\" decoding=\"async\" class=\"alignright size-medium wp-image-12537\" title=\"szechenyi2020x\" src=\"http:\/\/www.jaszalsoszentgyorgy.hu\/wp-content\/uploads\/szechenyi2020x-300x207.png\" alt=\"\" width=\"300\" height=\"207\" \/><\/a><a href=\"http:\/\/www.jaszalsoszentgyorgy.hu\/wp-content\/uploads\/EFOP-1.5.3.t%C3%A1bla.jpg\"><br \/>\n<\/a><\/p>\n<h2><\/h2>\n<p>&nbsp;<\/p>\n<h2><\/h2>\n<p align=\"left\">2018 | 02 |\u00a019<\/p>\n<p align=\"left\">J\u00e1sz\u00ada\u00adp\u00e1ti V\u00e1rosi \u00d6nkorm\u00e1nyzat<\/p>\n<p>&nbsp;<\/p>\n<h2 align=\"left\">Saj\u00adt\u00f3\u00adk\u00f6z\u00adle\u00adm\u00e9ny<\/h2>\n<h2 align=\"left\">HUM\u00c1N SZOLG\u00c1LTAT\u00c1SOK FEJLESZT\u00c9SE A\u00a0J\u00c1SZAP\u00c1TI J\u00c1R\u00c1SBAN<\/h2>\n<p><strong>J\u00e1sz\u00ada\u00adp\u00e1ti j\u00e1r\u00e1s tele\u00adp\u00fc\u00adl\u00e9\u00adse\u00adib\u0151l \u00e9s egy civil szer\u00adve\u00adzetb\u0151l \u00e1ll\u00f3 9\u00a0tag\u00fa kon\u00adzor\u00adcium az EFOP-1\u20135.3\u201316 azo\u00adno\u00ads\u00ed\u00adt\u00f3\u00adsz\u00e1m\u00fa p\u00e1ly\u00e1\u00adzati konst\u00adruk\u00adci\u00f3 kere\u00adt\u00e9\u00adben beny\u00faj\u00adtotta a \u201eHum\u00e1n szol\u00adg\u00e1l\u00adta\u00adt\u00e1\u00adsok fej\u00adlesz\u00adt\u00e9se a\u00a0J\u00e1sz\u00ada\u00adp\u00e1ti j\u00e1r\u00e1s\u00adban\u201d c\u00edm\u0171 pro\u00adjek\u00adtet. A\u00a0kon\u00adzor\u00adcium \u2014 a\u00a0pozi\u00adt\u00edv t\u00e1mo\u00adga\u00adt\u00f3i d\u00f6n\u00adt\u00e9s \u00e9rtel\u00adm\u00e9\u00adben \u2014 500.000.000,- Ft vissza nem t\u00e9r\u00ed\u00adtend\u0151 t\u00e1mo\u00adga\u00adt\u00e1s\u00adban r\u00e9sze\u00ads\u00fclt az Emberi Er\u0151\u00adfor\u00adr\u00e1s Fej\u00adlesz\u00adt\u00e9si Ope\u00adra\u00adt\u00edv Prog\u00adram kere\u00adt\u00e9n bel\u00fcl. A\u00a0t\u00e1mo\u00adga\u00adt\u00e1si szerz\u0151\u00add\u00e9s 2018. feb\u00adru\u00e1r 1-j\u00e9n l\u00e9pett hat\u00e1lyba.<\/strong><\/p>\n<p>&nbsp;<\/p>\n<p>A 9\u00a0tag\u00fa kon\u00adzor\u00adci\u00adu\u00admot J\u00e1sz\u00ada\u00adp\u00e1ti j\u00e1r\u00e1s 8\u00a0tele\u00adp\u00fc\u00adl\u00e9se, k\u00f6z\u00adt\u00fck J\u00e1sz\u00ada\u00adp\u00e1ti, J\u00e1sz\u00adla\u00add\u00e1ny, J\u00e1sz\u00add\u00f3\u00adzsa, J\u00e1sziv\u00e1ny,\u00a0 J\u00e1nos\u00adhida, Alatty\u00e1n, J\u00e1szal\u00ads\u00f3\u00adszent\u00adgy\u00f6rgy, J\u00e1sz\u00ads\u00adzentand\u00adr\u00e1s tele\u00adp\u00fc\u00adl\u00e9\u00adsek \u00e9s a\u00a0J\u00e1sz\u00ada\u00adp\u00e1ti a\u00a0Mi V\u00e1ro\u00adsunk Ala\u00adp\u00edt\u00adv\u00e1ny alkotja. A\u00a0pro\u00adjekt c\u00e9lja a\u00a0t\u00e1r\u00adsa\u00addalmi kire\u00adkeszt\u0151\u00add\u00e9s cs\u00f6k\u00adken\u00adt\u00e9se, m\u00e9r\u00ads\u00e9k\u00adl\u00e9se, tov\u00e1bb\u00e1 a\u00a0kis\u00adt\u00e9r\u00ads\u00e9g bels\u0151 \u00f6ssze\u00adfo\u00adg\u00e1\u00ads\u00e1\u00adnak er\u0151\u00ads\u00ed\u00adt\u00e9se. A\u00a0pro\u00adjekt meg\u00adva\u00adl\u00f3\u00ads\u00ed\u00adt\u00e1\u00ads\u00e1\u00adval a\u00a0hum\u00e1n k\u00f6z\u00adszol\u00adg\u00e1l\u00adta\u00adt\u00e1s\u00adban dol\u00adgo\u00adz\u00f3k k\u00e9p\u00adzett\u00ads\u00e9gi szint\u00adj\u00e9\u00adnek fej\u00adlesz\u00adt\u00e9se, a\u00a0k\u00f6z\u00adok\u00adta\u00adt\u00e1s\u00adban r\u00e9szt\u00advev\u0151 tanu\u00adl\u00f3k fej\u00adlesz\u00adt\u00e9se, a\u00a0h\u00e1t\u00adr\u00e1\u00adnyos hely\u00adzet\u0171 tanu\u00adl\u00f3k okta\u00adt\u00e1si es\u00e9ly\u00adte\u00adrem\u00adt\u00e9se val\u00f3\u00adsul meg. A\u00a0pro\u00adjekt\u00adben meg\u00adva\u00adl\u00f3\u00adsul\u00f3 beavat\u00adko\u00adz\u00e1\u00adsok hoz\u00adz\u00e1\u00adj\u00e1\u00adrul\u00adnak a\u00a0tehet\u00ads\u00e9g\u00adgon\u00addo\u00adz\u00e1s\u00adhoz, a\u00a0fel\u00adz\u00e1r\u00adk\u00f3z\u00adta\u00adt\u00e1s\u00adhoz sz\u00fck\u00ads\u00e9\u00adges fel\u00adt\u00e9\u00adte\u00adlek meg\u00adte\u00adrem\u00adt\u00e9\u00ads\u00e9\u00adhez, tov\u00e1bb\u00e1 a\u00a0k\u00f6z\u00adszol\u00adg\u00e1l\u00adta\u00adt\u00e1s\u00adban dol\u00adgoz\u00f3 emberi er\u0151\u00adfor\u00adr\u00e1s min\u0151\u00ads\u00e9\u00adg\u00e9\u00adnek jav\u00edt\u00e1s\u00e1hoz.<\/p>\n<p>&nbsp;<\/p>\n<p>A pro\u00adjekt leg\u00adf\u0151bb c\u00e9l\u00adkit\u0171\u00adz\u00e9\u00adsei, hogy a\u00a0munkaer\u0151-piaci integ\u00adr\u00e1l\u00f3 prog\u00adra\u00admokba 230 f\u0151 h\u00e1t\u00adr\u00e1\u00adnyos hely\u00adzet\u0171 sze\u00adm\u00e9lyt, eg\u00e9sz\u00ads\u00e9g\u00adfej\u00adleszt\u0151 \u00e9s beteg\u00ads\u00e9g\u00admeg\u00adel\u0151z\u0151 prog\u00adra\u00admokba 250 f\u0151t von\u00adjunk be, vala\u00admint a\u00a0kisebb\u00ads\u00e9gi r\u00e9szt\u00advev\u0151k k\u00f6z\u00fcl 200 f\u0151 vegyen r\u00e9szt a\u00a0p\u00e1ly\u00e1\u00adzati prog\u00adra\u00admok\u00adban. A\u00a0prog\u00adram tov\u00e1bbi c\u00e9lja, hogy a\u00a0prog\u00adram elha\u00adgy\u00e1\u00ads\u00e1t k\u00f6vet\u0151en a\u00a0munkaer\u0151-piacra vagy munkaer\u0151-piaci prog\u00adramba bel\u00e9p\u0151k sz\u00e1ma el\u00e9rje az 50 f\u0151t, vala\u00admint 5\u00a0int\u00e9z\u00adm\u00e9nyt \u00e9rint\u0151en val\u00f3\u00adsul\u00adja\u00adnak meg szer\u00adve\u00adzet\u00adfej\u00adlesz\u00adt\u00e9si int\u00e9zked\u00e9sek.<\/p>\n<p>&nbsp;<\/p>\n<p>A pro\u00adjekt ter\u00adve\u00adzett id\u0151\u00adtar\u00adtama: 36\u00a0h\u00f3nap<\/p>\n<p>A pro\u00adjekt ter\u00adve\u00adzett fizi\u00adkai befe\u00adje\u00adz\u00e9se: 2020.12.31.<\/p>\n<p>A szerz\u0151\u00add\u00f6tt t\u00e1mo\u00adga\u00adt\u00e1s m\u00e9r\u00adt\u00e9ke:\u00a0100 %.<\/p>\n<p>********************<\/p>\n<h2>T\u00e1mo\u00adga\u00adt\u00e1si szerz\u0151d\u00e9s:<\/h2>\n<h2><a href=\"https:\/\/docs.google.com\/viewerng\/viewer?url=www.jaszapati.hu\/images\/Palyazatok\/P%C3%A1ly%C3%A1zat_2020\/human_szolgaltat\/tszalairt.pdf\" target=\"_blank\" rel=\"noopener\">TSZ_al\u00e1\u00edrt<\/a><\/h2>\n<\/div>\n","protected":false},"excerpt":{"rendered":"<p>VISSZA A F\u0150OLDALRA EFOP-1.5.3\u201316-2017\u201300032 Hum\u00e1n szolg\u00e1ltat\u00e1sok fejleszt\u00e9se a\u00a0J\u00e1szap\u00e1ti j\u00e1r\u00e1sban &nbsp; &nbsp; 2018 | 02 |\u00a019 J\u00e1sz\u00ada\u00adp\u00e1ti V\u00e1rosi \u00d6nkorm\u00e1nyzat &nbsp; Saj\u00adt\u00f3\u00adk\u00f6z\u00adle\u00adm\u00e9ny HUM\u00c1N SZOLG\u00c1LTAT\u00c1SOK FEJLESZT\u00c9SE A\u00a0J\u00c1SZAP\u00c1TI J\u00c1R\u00c1SBAN J\u00e1sz\u00ada\u00adp\u00e1ti j\u00e1r\u00e1s tele\u00adp\u00fc\u00adl\u00e9\u00adse\u00adib\u0151l \u00e9s egy civil szer\u00adve\u00adzetb\u0151l \u00e1ll\u00f3 9\u00a0tag\u00fa kon\u00adzor\u00adcium az EFOP-1\u20135.3\u201316 azo\u00adno\u00ads\u00ed\u00adt\u00f3\u00adsz\u00e1m\u00fa p\u00e1ly\u00e1\u00adzati konst\u00adruk\u00adci\u00f3 kere\u00adt\u00e9\u00adben beny\u00faj\u00adtotta a \u201eHum\u00e1n szol\u00adg\u00e1l\u00adta\u00adt\u00e1\u00adsok fej\u00adlesz\u00adt\u00e9se a\u00a0J\u00e1sz\u00ada\u00adp\u00e1ti j\u00e1r\u00e1s\u00adban\u201d c\u00edm\u0171 pro\u00adjek\u00adtet. A\u00a0kon\u00adzor\u00adcium \u2014 a\u00a0pozi\u00adt\u00edv t\u00e1mo\u00adga\u00adt\u00f3i d\u00f6n\u00adt\u00e9s&hellip;<\/p>\n","protected":false},"author":1,"featured_media":0,"parent":28,"menu_order":0,"comment_status":"closed","ping_status":"closed","template":"","meta":{"footnotes":""},"class_list":["post-115","page","type-page","status-publish","hentry","entry","no-media"],"_links":{"self":[{"href":"https:\/\/palyazat.jaszalsoszentgyorgy.hu\/index.php?rest_route=\/wp\/v2\/pages\/115","targetHints":{"allow":["GET"]}}],"collection":[{"href":"https:\/\/palyazat.jaszalsoszentgyorgy.hu\/index.php?rest_route=\/wp\/v2\/pages"}],"about":[{"href":"https:\/\/palyazat.jaszalsoszentgyorgy.hu\/index.php?rest_route=\/wp\/v2\/types\/page"}],"author":[{"embeddable":true,"href":"https:\/\/palyazat.jaszalsoszentgyorgy.hu\/index.php?rest_route=\/wp\/v2\/users\/1"}],"replies":[{"embeddable":true,"href":"https:\/\/palyazat.jaszalsoszentgyorgy.hu\/index.php?rest_route=%2Fwp%2Fv2%2Fcomments&post=115"}],"version-history":[{"count":0,"href":"https:\/\/palyazat.jaszalsoszentgyorgy.hu\/index.php?rest_route=\/wp\/v2\/pages\/115\/revisions"}],"up":[{"embeddable":true,"href":"https:\/\/palyazat.jaszalsoszentgyorgy.hu\/index.php?rest_route=\/wp\/v2\/pages\/28"}],"wp:attachment":[{"href":"https:\/\/palyazat.jaszalsoszentgyorgy.hu\/index.php?rest_route=%2Fwp%2Fv2%2Fmedia&parent=115"}],"curies":[{"name":"wp","href":"https:\/\/api.w.org\/{rel}","templated":true}]}}