{"id":118,"date":"2021-01-12T00:50:53","date_gmt":"2021-01-12T00:50:53","guid":{"rendered":"http:\/\/palyazat.jaszalsoszentgyorgy.hu\/?page_id=118"},"modified":"2022-05-05T00:19:35","modified_gmt":"2022-05-04T23:19:35","slug":"efop-1-2-11-16-2017-00037","status":"publish","type":"page","link":"https:\/\/palyazat.jaszalsoszentgyorgy.hu\/?page_id=118","title":{"rendered":"EFOP-1.2.11\u201316-2017\u201300037"},"content":{"rendered":"<div class=\"wpb-content-wrapper\">[vc_row][vc_column][vc_column_text]\n<h2><span style=\"font-size: 10px; font-family: 'book antiqua', palatino, serif; color: #3366ff;\"><a style=\"color: #3366ff;\" href=\"http:\/\/palyazat.jaszalsoszentgyorgy.hu\/\">VISSZA A F\u0150OLDALRA<\/a><\/span><\/h2>\n<h2>EFOP-1.2.11\u201316-2017\u201300037 \u201cA fiatalok lakhat\u00e1si k\u00f6r\u00fclm\u00e9nyeinek jav\u00edt\u00e1sa \u00e9s helyben marad\u00e1suk \u00f6szt\u00f6nz\u00e9se J\u00e1szals\u00f3szentgy\u00f6rgy\u00f6n\u201d<\/h2>\n[\/vc_column_text][\/vc_column][\/vc_row][vc_row equal_height=&#8221;yes&#8221;][vc_column width=&#8221;2\/3&#8243;][vc_column_text]<strong>Ked\u00advez\u00adm\u00e9\u00adnye\u00adzett neve:<\/strong>\u00a0J\u00e1szal\u00ads\u00f3\u00adszent\u00adgy\u00f6rgy K\u00f6z\u00ads\u00e9gi \u00d6nkorm\u00e1nyzat<\/p>\n<p><strong>Pro\u00adjekt azo\u00adno\u00ads\u00edt\u00f3 sz\u00e1ma:<\/strong>\u00a0 EFOP-1.2.11\u201316-2017\u201300037<\/p>\n<p><strong>Pro\u00adjekt c\u00edme:<\/strong>\u00a0A\u00a0fia\u00adta\u00adlok lak\u00adha\u00adt\u00e1si k\u00f6r\u00fcl\u00adm\u00e9\u00adnye\u00adi\u00adnek jav\u00ed\u00adt\u00e1sa \u00e9s hely\u00adben mara\u00add\u00e1\u00adsuk \u00f6sz\u00adt\u00f6n\u00adz\u00e9se J\u00e1szals\u00f3szentgy\u00f6rgy\u00f6n<\/p>\n<p><strong>T\u00e1mo\u00adga\u00adt\u00e1s \u00f6sszege:<\/strong>\u00a0134.847.000.-Ft<\/p>\n<p><strong>T\u00e1mo\u00adga\u00adt\u00e1s m\u00e9r\u00adt\u00e9ke:<\/strong>\u00a0100%<\/p>\n<p><strong>Pro\u00adjekt ter\u00adve\u00adzett befe\u00adje\u00adz\u00e9si d\u00e1tuma:<\/strong>\u00a02021. szep\u00adtem\u00adber\u00a028.[\/vc_column_text][\/vc_column][vc_column width=&#8221;1\/3&#8243;][vc_column_text]<img loading=\"lazy\" decoding=\"async\" class=\"alignleft size-medium wp-image-160\" src=\"http:\/\/palyazat.jaszalsoszentgyorgy.hu\/wp-content\/uploads\/2021\/01\/infoblokk_kedv_final_felso_cmyk_ESZA-300x207.jpg\" alt=\"\" width=\"300\" height=\"207\" srcset=\"https:\/\/palyazat.jaszalsoszentgyorgy.hu\/wp-content\/uploads\/2021\/01\/infoblokk_kedv_final_felso_cmyk_ESZA-300x207.jpg 300w, https:\/\/palyazat.jaszalsoszentgyorgy.hu\/wp-content\/uploads\/2021\/01\/infoblokk_kedv_final_felso_cmyk_ESZA-1024x708.jpg 1024w, https:\/\/palyazat.jaszalsoszentgyorgy.hu\/wp-content\/uploads\/2021\/01\/infoblokk_kedv_final_felso_cmyk_ESZA-768x531.jpg 768w, https:\/\/palyazat.jaszalsoszentgyorgy.hu\/wp-content\/uploads\/2021\/01\/infoblokk_kedv_final_felso_cmyk_ESZA.jpg 1453w\" sizes=\"auto, (max-width: 300px) 100vw, 300px\" \/>[\/vc_column_text][\/vc_column][\/vc_row][vc_row][vc_column][vc_column_text]\n<div class=\"entry\">\n<p><strong>A pro\u00adjekt tar\u00adtal\u00adm\u00e1\u00adnak bemutat\u00e1sa:<\/strong><\/p>\n<p>A pro\u00adjekt az al\u00e1bbi 4\u00a0f\u0151 tev\u00e9\u00adkeny\u00ads\u00e9\u00adget fog\u00adlalja mag\u00e1ba:<\/p>\n<p>1. A\u00a0t\u00e1mo\u00adga\u00adt\u00e1st ig\u00e9nyl\u0151 vagy kon\u00adzor\u00adci\u00adumi part\u00adne\u00adr\u00e9\u00adnek tulaj\u00addo\u00adn\u00e1\u00adban l\u00e9v\u0151 ingat\u00adla\u00adnok fel\u00faj\u00edt\u00e1sa-\u00e1talak\u00edt\u00e1sa, fel\u00adsze\u00adre\u00adl\u00e9se \u00f6n\u00e1ll\u00f3 lak\u00adha\u00adt\u00e1s c\u00e9l\u00adj\u00e1\u00adb\u00f3l, a\u00a0pro\u00adjekt\u00adben r\u00e9szt\u00advev\u0151, a\u00a0c\u00e9l\u00adcso\u00adportba tar\u00adtoz\u00f3 fia\u00adtal egy\u00e9\u00adnek, illetve p\u00e1rok, csa\u00adl\u00e1\u00addok sz\u00e1m\u00e1ra.<\/p>\n<p>A pro\u00adjekt kere\u00adt\u00e9\u00adben az al\u00e1bbi n\u00e9gy ingat\u00adlan fel\u00ad\u00faj\u00ed\u00adt\u00e1\u00ads\u00e1ra ker\u00fclne majd sor:<br \/>\n\u2013 5054 J\u00c1SZALS\u00d3SZENTGY\u00d6RGY, R\u00e1k\u00f3\u00adczi \u00fat 14. (hrsz 94.)<br \/>\n\u2013 5054 J\u00c1SZALS\u00d3SZENTGY\u00d6RGY, F\u0151 \u00fat 103. (hrsz 216.)<br \/>\n\u2013 5054 J\u00c1SZALS\u00d3SZENTGY\u00d6RGY, Rad\u00adn\u00f3ti \u00fat 14. (hrsz 1632.)<br \/>\n\u2013 5054 J\u00c1SZALS\u00d3SZENTGY\u00d6RGY, Rad\u00adn\u00f3ti \u00fat 13. (hrsz 1643.)<br \/>\nAz \u00e9let\u00adfel\u00adt\u00e9\u00adte\u00adlek k\u00f6r\u00adnye\u00adzeti t\u00e9nyez\u0151i \u2014 ha nem is meg\u00adha\u00adt\u00e1\u00adroz\u00f3 de \u2013 jelent\u0151s befo\u00adly\u00e1s\u00adsal b\u00edr\u00adnak a\u00a0tele\u00adp\u00fc\u00adl\u00e9s n\u00e9pes\u00ads\u00e9g\u00admeg\u00adtart\u00f3 k\u00e9pes\u00ads\u00e9\u00adg\u00e9re. A\u00a0tele\u00adp\u00fc\u00adl\u00e9si k\u00f6r\u00adnye\u00adzet adja a\u00a0l\u00e1to\u00adga\u00adt\u00f3k els\u0151 benyo\u00adm\u00e1\u00ads\u00e1t is, teh\u00e1t mind\u00adk\u00e9t szem\u00adpont\u00adb\u00f3l l\u00e9nye\u00adges a\u00a0v\u00e1rosi k\u00f6r\u00adnye\u00adzet, \u00e9p\u00fc\u00adlet, k\u00f6z\u00adte\u00adr\u00fc\u00adlet egy\u00ads\u00e9\u00adges rend\u00adszer\u00adben \u00e1tgon\u00addolt \u00e9s meg\u00adva\u00adl\u00f3\u00ads\u00ed\u00adtott fej\u00adlesz\u00adt\u00e9se. A\u00a0fel\u00ad\u00faj\u00ed\u00adt\u00e1st k\u00f6vet\u0151en 13 fia\u00adtal\u00adnak tudunk lak\u00adha\u00adt\u00e1st biz\u00adto\u00ads\u00ed\u00adtani az ingat\u00adla\u00adnok\u00adban<br \/>\n2. Fia\u00adta\u00adlok \u00e9letp\u00e1lya-tervez\u00e9s\u00e9t seg\u00edt\u0151 helyi szol\u00adg\u00e1l\u00adta\u00adt\u00e1\u00adsok ny\u00faj\u00adt\u00e1sa, mun\u00adka\u00adszer\u00adz\u00e9si isme\u00adre\u00adtek (pl. \u00f6n\u00e9let\u00adrajz \u00edr\u00e1s, interj\u00fa fel\u00adk\u00e9\u00adsz\u00ed\u00adt\u00e9s, mun\u00adka\u00adke\u00adre\u00ads\u00e9si lehet\u0151\u00ads\u00e9\u00adgek meg\u00adis\u00adme\u00adr\u00e9se, tov\u00e1bb\u00adk\u00e9p\u00adz\u00e9si \u00e9s \u00e1tk\u00e9p\u00adz\u00e9si lehet\u0151\u00ads\u00e9\u00adgek) b\u0151v\u00edt\u00e9se:<\/p>\n<p>Egy\u00e9n elhe\u00adlyez\u00adke\u00add\u00e9\u00ads\u00e9t szol\u00adg\u00e1l\u00f3 sze\u00adm\u00e9lyre sza\u00adbott tan\u00e1cs\u00adad\u00e1s, f\u00e9l \u00e9ven keresz\u00adt\u00fcl k\u00e9t\u00adhe\u00adtente, vagy a\u00a0mun\u00adka\u00adhe\u00adlyi elhe\u00adlyez\u00adke\u00add\u00e9st szol\u00adg\u00e1l\u00f3 cso\u00adpor\u00adtos szol\u00adg\u00e1l\u00adta\u00adt\u00e1s ny\u00faj\u00adt\u00e1sa f\u00e9l \u00e9ven keresz\u00adt\u00fcl havonta. Az el\u0151\u00adze\u00adtes ig\u00e9ny\u00adfel\u00adm\u00e9\u00adr\u00e9\u00adsek, k\u00e9rd\u0151\u00ed\u00advek fel\u00addol\u00adgo\u00adz\u00e1sa sor\u00e1n nagy \u00e9rdekl\u0151\u00add\u00e9s volt a\u00a02. pont\u00adban sze\u00adrepl\u0151 szol\u00adg\u00e1l\u00adta\u00adt\u00e1\u00adsok ir\u00e1nt. Az \u00f6nkor\u00adm\u00e1ny\u00adzat ez\u00e9rt a\u00a0hely\u00adben lak\u00f3 fia\u00adta\u00adlo\u00adkat k\u00edv\u00e1nja t\u00e1mo\u00adgatni az olyan szol\u00adg\u00e1l\u00adta\u00adt\u00e1\u00adsok ny\u00faj\u00adt\u00e1\u00ads\u00e1\u00adval, ame\u00adlyek mun\u00adka\u00adszer\u00adz\u00e9si isme\u00adre\u00adtek b\u0151v\u00ed\u00adt\u00e9\u00ads\u00e9t ered\u00adm\u00e9\u00adnyezi \u00e9s jav\u00edtja az elhe\u00adlyez\u00adke\u00add\u00e9si ar\u00e1nyt.<\/p>\n<p>A k\u00f6vet\u00adkez\u0151 prog\u00adra\u00admo\u00adkat val\u00f3\u00ads\u00edt\u00adjuk meg a\u00a0c\u00e9l\u00adcso\u00adport\u00adta\u00adgok sz\u00e1\u00adm\u00e1ra:<br \/>\nKar\u00adrier\u2013 \u00e9s \u00e9let\u00adp\u00e1\u00adlya tan\u00e1cs\u00adad\u00e1s<br \/>\n\u00d6nis\u00adme\u00adreti tr\u00e9\u00adning, Konf\u00adlik\u00adtus\u00adke\u00adze\u00adl\u00e9si \u00e9s kom\u00admu\u00adni\u00adk\u00e1\u00adci\u00f3s tr\u00e9\u00adning<br \/>\n\u00c9let\u00adve\u00adze\u00adt\u00e9si kom\u00adpe\u00adten\u00adci\u00e1k, k\u00e9sz\u00ads\u00e9\u00adgek fej\u00adlesz\u00adt\u00e9se, \u00f6n\u00e9let\u00adrajz \u00edr\u00e1sa<br \/>\nV\u00e1l\u00adlal\u00adko\u00adz\u00f3i f\u00f3rum meg\u00adszer\u00adve\u00adz\u00e9se a\u00a0c\u00e9l\u00adcso\u00adport k\u00f6z\u00adrem\u0171\u00adk\u00f6\u00add\u00e9\u00ads\u00e9\u00advel<br \/>\nK\u00f6z\u00e9p\u00adis\u00adko\u00adl\u00e1\u00adsok fel\u00adk\u00e9\u00adsz\u00ed\u00adt\u00e9se a\u00a0v\u00e1l\u00adlal\u00adko\u00adz\u00f3i \u00e9letre<br \/>\nV\u00e1l\u00adlal\u00adko\u00adz\u00e1s\u00adfej\u00adlesz\u00adt\u00e9si p\u00e1ly\u00e1\u00adzati lehet\u0151\u00ads\u00e9\u00adgekr\u0151l t\u00e1j\u00e9\u00adkoz\u00adta\u00adt\u00e1s<br \/>\nEzen tr\u00e9\u00adnin\u00adgek, szak\u00adk\u00f6\u00adr\u00f6k hoz\u00adz\u00e1\u00adj\u00e1\u00adrul\u00adnak, ahhoz hogy a\u00a0c\u00e9l\u00adcso\u00adport tagok k\u00f6nnyeb\u00adben el tud\u00adja\u00adnak helyez\u00adkedni a\u00a0tele\u00adp\u00fc\u00adl\u00e9\u00adsen, meg\u00adis\u00admer\u00adked\u00adhet\u00adnek a\u00a0v\u00e1l\u00adlal\u00adkoz\u00f3 v\u00e1l\u00e1s folyamat\u00e1val.<\/p>\n<p>3. A\u00a0c\u00e9l\u00adcso\u00adport bevo\u00adn\u00e1\u00ads\u00e1\u00adval, a\u00a0t\u00e1mo\u00adga\u00adt\u00e1si k\u00e9re\u00adlem\u00adben beny\u00faj\u00adtott fej\u00adlesz\u00adt\u00e9si kon\u00adcep\u00adci\u00f3n ala\u00adpul\u00f3 helyi lehet\u0151\u00ads\u00e9\u00adge\u00adket, \u00e9rt\u00e9\u00adke\u00adket, adott\u00ads\u00e1\u00adgo\u00adkat fel\u00adt\u00e1r\u00f3, erre \u00e9p\u00fcl\u0151 gaz\u00adda\u00ads\u00e1gi egy\u00fcttm\u0171\u00adk\u00f6\u00add\u00e9\u00adse\u00adket gene\u00adr\u00e1l\u00f3 tev\u00e9\u00adkeny\u00ads\u00e9\u00adgek szervez\u00e9se:<\/p>\n<p>Helyi k\u00f6z\u00f6s\u00ads\u00e9gi szol\u00adg\u00e1l\u00adta\u00adt\u00e1\u00adsok biz\u00adto\u00ads\u00ed\u00adt\u00e1\u00ads\u00e1ba t\u00f6r\u00adt\u00e9n\u0151 bevo\u00adn\u00e1s A\u00a0lak\u00adha\u00adt\u00e1si c\u00e9l\u00fa t\u00e1mo\u00adga\u00adt\u00e1s\u00adban, illetve az \u00f6sz\u00adt\u00f6nz\u0151k\u00adben r\u00e9sze\u00ads\u00fcl\u0151 fia\u00adta\u00adlok k\u00f6te\u00adlez\u0151en bevo\u00adnan\u00add\u00f3ak a\u00a0tele\u00adp\u00fc\u00adl\u00e9s ifj\u00fa\u00ads\u00e1gi c\u00e9l\u00adcso\u00adport sz\u00e1\u00adm\u00e1ra ny\u00faj\u00adtott szol\u00adg\u00e1l\u00adta\u00adt\u00e1\u00adsa\u00adi\u00adnak (meg\u00adl\u00e9v\u0151, \u00fajon\u00adnan indul\u00f3) megval\u00f3s\u00edt\u00e1s\u00e1ba:<\/p>\n<p>&#8211; a\u00a0cse\u00adlek\u00adv\u00e9si ter\u00advek elk\u00e9\u00adsz\u00ed\u00adt\u00e9\u00ads\u00e9be, fel\u00fcl\u00advizs\u00adg\u00e1\u00adla\u00adt\u00e1ba<br \/>\n\u2013 a\u00a0cse\u00adlek\u00adv\u00e9si terv\u00adben r\u00f6g\u00adz\u00ed\u00adtett fel\u00adada\u00adtok meg\u00adva\u00adl\u00f3\u00ads\u00ed\u00adt\u00e1\u00ads\u00e1\u00adban akt\u00edv, tev\u0151\u00adle\u00adges r\u00e9sz\u00adv\u00e9\u00adtel<br \/>\n\u2013 a\u00a0prog\u00adram ir\u00e1nt \u00e9rdekl\u0151d\u0151k sz\u00e1\u00adm\u00e1ra infor\u00adm\u00e1\u00adci\u00f3 ny\u00faj\u00adt\u00e1sa, a\u00a0prog\u00adram m\u0171k\u00f6d\u00adte\u00adt\u00e9\u00ads\u00e9\u00adnek bemu\u00adta\u00adt\u00e1sa hely\u00adben, szak\u00admai ren\u00addez\u00adv\u00e9\u00adnye\u00adken r\u00e9szt v\u00e9tel, p\u00e1ly\u00e1\u00adzati konst\u00adruk\u00adci\u00ad\u00f3\u00adban nyer\u00adtes m\u00e1s ked\u00advez\u00adm\u00e9\u00adnye\u00adzet\u00adtek foga\u00add\u00e1sa r\u00e9sz\u00adv\u00e9\u00adtele ered\u00adm\u00e9\u00adnyeik, prob\u00adl\u00e9\u00adm\u00e1ik k\u00f6z\u00f6s fel\u00addol\u00adgo\u00adz\u00e1sa, meg\u00adis\u00adme\u00adr\u00e9se c\u00e9l\u00adj\u00e1\u00adb\u00f3l meg\u00adva\u00adl\u00f3\u00adsul\u00f3 ren\u00addez\u00adv\u00e9\u00adnye\u00adken<br \/>\n\u2013 akt\u00edv r\u00e9sz\u00adv\u00e9\u00adtel a\u00a0telep\u00fcl\u00e9s\/t\u00e9rs\u00e9g k\u00f6z\u00f6s\u00ads\u00e9g\u00adfej\u00adlesz\u00adt\u00e9si programjaiban<\/p>\n<p>A v\u00e1l\u00adlal\u00adko\u00adz\u00e1\u00adsok\u00adkal t\u00f6r\u00adt\u00e9n\u0151 egy\u00fcttm\u0171\u00adk\u00f6\u00add\u00e9s fel\u00ad\u00e9l\u00e9n\u00adk\u00ed\u00adt\u00e9se \u00e9rde\u00adk\u00e9\u00adben t\u00f6r\u00adt\u00e9n\u00adtek m\u00e1r l\u00e9p\u00e9\u00adsek, mint pl. az \u00e9ves v\u00e1l\u00adlal\u00adko\u00adz\u00f3i kon\u00adzul\u00adt\u00e1\u00adci\u00f3, ahol a\u00a0k\u00f6z\u00ads\u00e9g v\u00e1l\u00adlal\u00adko\u00adz\u00f3i besz\u00e9l\u00adnek fej\u00adlesz\u00adt\u00e9si elk\u00e9p\u00adze\u00adl\u00e9\u00adse\u00adikr\u0151l \u2013csak\u00ad\u00fagy, mint a\u00a0k\u00f6z\u00ads\u00e9g\u00adve\u00adzet\u0151k \u2013 \u00edgy lehet\u0151v\u00e9 v\u00e1lik a\u00a0c\u00e9lok egyeztet\u00e9se.<\/p>\n<p>J\u00e1szal\u00ads\u00f3\u00adszent\u00adgy\u00f6rgy tele\u00adp\u00fc\u00adl\u00e9s c\u00e9lja a\u00a0v\u00e1l\u00adlal\u00adko\u00adz\u00e1\u00adsok \u00e9s az \u00f6nkor\u00adm\u00e1ny\u00adzat egyez\u00adte\u00adt\u00e9si lehet\u0151\u00ads\u00e9\u00adge\u00adi\u00adnek min\u0151\u00ads\u00e9gi \u00e9s mennyi\u00ads\u00e9gi fej\u00adlesz\u00adt\u00e9se, azaz min\u00e9l t\u00f6bb\u00adf\u00e9le k\u00f6z\u00f6s \u00fcgy\u00adben min\u00e9l gyak\u00adrab\u00adban \u00e9rdem\u00adben egyez\u00adtetni az \u00e9rde\u00adke\u00adket \u00e9s a\u00a0konk\u00adr\u00e9t fej\u00adlesz\u00adt\u00e9si l\u00e9p\u00e9\u00adse\u00adket. A\u00a0pro\u00adjekt kap\u00adcs\u00e1n a\u00a0t\u00e9r\u00ads\u00e9g \u00e9s a\u00a0tele\u00adp\u00fc\u00adl\u00e9\u00adsen tal\u00e1l\u00adhat\u00f3 v\u00e1l\u00adlal\u00adko\u00adz\u00f3k meg\u00adis\u00adme\u00adr\u00e9se, a\u00a0fog\u00adlal\u00adkoz\u00adta\u00adt\u00e1si ig\u00e9\u00adnyek bemu\u00adta\u00adt\u00e1\u00ads\u00e1ra a\u00a0f\u00f3ru\u00admok \u00e1ltal, tov\u00e1bb\u00e1 a\u00a0hazai \u00e9s uni\u00f3s v\u00e1l\u00adlal\u00adko\u00adz\u00e1s ind\u00ed\u00adt\u00e1\u00ads\u00e1\u00adval, m\u0171k\u00f6d\u00adte\u00adt\u00e9\u00ads\u00e9\u00advel kap\u00adcso\u00adla\u00adtos p\u00e1ly\u00e1\u00adzati lehet\u0151\u00ads\u00e9\u00adgekr\u0151l is tudo\u00adm\u00e1st sze\u00adrez\u00adnek a\u00a0c\u00e9l\u00adcso\u00adport\u00a0tagok.<\/p>\n<p>4. A\u00a03. pont alap\u00adj\u00e1n a\u00a0helyi gaz\u00adda\u00ads\u00e1gba val\u00f3 bekap\u00adcso\u00adl\u00f3\u00add\u00e1st lehet\u0151v\u00e9 tev\u0151 isme\u00adret\u00ad\u00e1t\u00adad\u00e1s \/ helyi \u00f6sz\u00adt\u00f6nz\u0151 rend\u00adszer kiala\u00adk\u00ed\u00adt\u00e1sa \u00e9s ny\u00faj\u00adt\u00e1sa c\u00e9l\u00adcso\u00adport sz\u00e1m\u00e1ra:<\/p>\n<p>Az \u00f6sz\u00adt\u00f6nz\u0151 rend\u00adszerbe val\u00f3 csat\u00adla\u00adko\u00adz\u00e1s szin\u00adt\u00e9n nagy \u00e9rdekl\u0151\u00add\u00e9st muta\u00adtott a\u00a0helyi fia\u00adta\u00adlok k\u00f6r\u00e9\u00adben. A\u00a0tele\u00adp\u00fc\u00adl\u00e9\u00adsen sok a\u00a0h\u00e1t\u00adr\u00e1\u00adnyos hely\u00adzet\u0171 fia\u00adtal, akik\u00adnek nagy seg\u00edt\u00ads\u00e9\u00adget jelent az \u00f6sz\u00adt\u00f6nz\u0151 rend\u00adszer\u00adhez val\u00f3 csat\u00adla\u00adko\u00adz\u00e1s. C\u00e9l\u00adcso\u00adport munkaer\u0151-piaci h\u00e1t\u00adr\u00e1ny kom\u00adpen\u00adz\u00e1\u00adl\u00e1sa c\u00e9l\u00adj\u00e1\u00adb\u00f3l, a\u00a0tele\u00adp\u00fc\u00adl\u00e9s k\u00f6z\u00f6s\u00ads\u00e9ge sz\u00e1\u00adm\u00e1ra fon\u00adtos, hi\u00e1nyz\u00f3 tev\u00e9\u00adkeny\u00ads\u00e9g\u00adnek, fog\u00adlal\u00adko\u00adz\u00e1s\u00adnak sz\u00e1\u00adm\u00edt\u00f3 szak\u00adem\u00adber hi\u00e1ny\u00adp\u00f3t\u00adl\u00e1\u00ads\u00e1t szol\u00adg\u00e1l\u00f3, a\u00a0fenti ter\u00fc\u00adle\u00adten\u00a0 elhe\u00adlyez\u00adked\u0151 olyan fia\u00adtal\u00adnak adhat\u00f3, aki a\u00a0t\u00e1mo\u00adga\u00adt\u00e1si k\u00e9rel\u00admet beny\u00fajt\u00f3 tele\u00adp\u00fc\u00adl\u00e9\u00adsen a\u00a0t\u00e1mo\u00adga\u00adt\u00e1s ered\u00adm\u00e9\u00adnye\u00adk\u00e9nt \u00e9let\u00advi\u00adtel\u00adszer\u0171en a\u00a0tele\u00adp\u00fc\u00adl\u00e9\u00adsen tar\u00adt\u00f3z\u00adko\u00addik, vala\u00admint \u00e1lland\u00f3 lak\u00adc\u00edm\u00admel rendelkezik.<\/p>\n<p>&nbsp;<\/p>\n<p><a href=\"http:\/\/palyazat.jaszalsoszentgyorgy.hu\/?page_id=121\"><span style=\"font-size: 13px;\">K\u00f6zbeszerz\u00e9s<\/span><\/a><\/p>\n<p><span style=\"font-size: 10pt;\"><a href=\"http:\/\/palyazat.jaszalsoszentgyorgy.hu\/?page_id=509\">Cselekv\u00e9si terv<\/a><\/span><\/p>\n<p><a href=\"http:\/\/palyazat.jaszalsoszentgyorgy.hu\/?page_id=213\"><span style=\"font-size: 13px;\">Sajt\u00f3k\u00f6zlem\u00e9ny<\/span><\/a><\/p>\n<p><a href=\"http:\/\/palyazat.jaszalsoszentgyorgy.hu\/?page_id=215\"><span style=\"font-size: 13px;\">V\u00e1llalkoz\u00f3i f\u00f3rumok<\/span><\/a><\/p>\n<p><a href=\"http:\/\/palyazat.jaszalsoszentgyorgy.hu\/?page_id=217\"><span style=\"font-size: 13px;\">\u00d6szt\u00f6nd\u00edjak<\/span><\/a><\/p>\n<p><a href=\"http:\/\/palyazat.jaszalsoszentgyorgy.hu\/?page_id=219\"><span style=\"font-size: 13px;\">\u00c9letp\u00e1lya-tervez\u00e9st seg\u00edt\u0151 szolg\u00e1ltat\u00e1sok, munkaszerz\u00e9si ismeretek<\/span><\/a><\/p>\n<p><a href=\"http:\/\/palyazat.jaszalsoszentgyorgy.hu\/?page_id=221\"><span style=\"font-size: 13px;\">Fecskelak\u00e1sok fel\u00faj\u00edt\u00e1sa, \u00e1talak\u00edt\u00e1sa<\/span><\/a><\/p>\n<\/div>\n<p>&nbsp;<\/p>\n<p>&nbsp;<\/p>\n[\/vc_column_text][\/vc_column][\/vc_row]\n<\/div>","protected":false},"excerpt":{"rendered":"<p>[vc_row][vc_column][vc_column_text] VISSZA A F\u0150OLDALRA EFOP-1.2.11\u201316-2017\u201300037 \u201cA fiatalok lakhat\u00e1si k\u00f6r\u00fclm\u00e9nyeinek jav\u00edt\u00e1sa \u00e9s helyben marad\u00e1suk \u00f6szt\u00f6nz\u00e9se J\u00e1szals\u00f3szentgy\u00f6rgy\u00f6n\u201d [\/vc_column_text][\/vc_column][\/vc_row][vc_row equal_height=&#8221;yes&#8221;][vc_column width=&#8221;2\/3&#8243;][vc_column_text]Ked\u00advez\u00adm\u00e9\u00adnye\u00adzett neve:\u00a0J\u00e1szal\u00ads\u00f3\u00adszent\u00adgy\u00f6rgy K\u00f6z\u00ads\u00e9gi \u00d6nkorm\u00e1nyzat Pro\u00adjekt azo\u00adno\u00ads\u00edt\u00f3 sz\u00e1ma:\u00a0 EFOP-1.2.11\u201316-2017\u201300037 Pro\u00adjekt c\u00edme:\u00a0A\u00a0fia\u00adta\u00adlok lak\u00adha\u00adt\u00e1si k\u00f6r\u00fcl\u00adm\u00e9\u00adnye\u00adi\u00adnek jav\u00ed\u00adt\u00e1sa \u00e9s hely\u00adben mara\u00add\u00e1\u00adsuk \u00f6sz\u00adt\u00f6n\u00adz\u00e9se J\u00e1szals\u00f3szentgy\u00f6rgy\u00f6n T\u00e1mo\u00adga\u00adt\u00e1s \u00f6sszege:\u00a0134.847.000.-Ft T\u00e1mo\u00adga\u00adt\u00e1s m\u00e9r\u00adt\u00e9ke:\u00a0100% Pro\u00adjekt ter\u00adve\u00adzett befe\u00adje\u00adz\u00e9si d\u00e1tuma:\u00a02021. szep\u00adtem\u00adber\u00a028.[\/vc_column_text][\/vc_column][vc_column width=&#8221;1\/3&#8243;][vc_column_text][\/vc_column_text][\/vc_column][\/vc_row][vc_row][vc_column][vc_column_text] A pro\u00adjekt tar\u00adtal\u00adm\u00e1\u00adnak bemutat\u00e1sa: A pro\u00adjekt az al\u00e1bbi 4\u00a0f\u0151 tev\u00e9\u00adkeny\u00ads\u00e9\u00adget&hellip;<\/p>\n","protected":false},"author":1,"featured_media":0,"parent":28,"menu_order":0,"comment_status":"closed","ping_status":"closed","template":"","meta":{"footnotes":""},"class_list":["post-118","page","type-page","status-publish","hentry","entry","no-media"],"_links":{"self":[{"href":"https:\/\/palyazat.jaszalsoszentgyorgy.hu\/index.php?rest_route=\/wp\/v2\/pages\/118","targetHints":{"allow":["GET"]}}],"collection":[{"href":"https:\/\/palyazat.jaszalsoszentgyorgy.hu\/index.php?rest_route=\/wp\/v2\/pages"}],"about":[{"href":"https:\/\/palyazat.jaszalsoszentgyorgy.hu\/index.php?rest_route=\/wp\/v2\/types\/page"}],"author":[{"embeddable":true,"href":"https:\/\/palyazat.jaszalsoszentgyorgy.hu\/index.php?rest_route=\/wp\/v2\/users\/1"}],"replies":[{"embeddable":true,"href":"https:\/\/palyazat.jaszalsoszentgyorgy.hu\/index.php?rest_route=%2Fwp%2Fv2%2Fcomments&post=118"}],"version-history":[{"count":11,"href":"https:\/\/palyazat.jaszalsoszentgyorgy.hu\/index.php?rest_route=\/wp\/v2\/pages\/118\/revisions"}],"predecessor-version":[{"id":549,"href":"https:\/\/palyazat.jaszalsoszentgyorgy.hu\/index.php?rest_route=\/wp\/v2\/pages\/118\/revisions\/549"}],"up":[{"embeddable":true,"href":"https:\/\/palyazat.jaszalsoszentgyorgy.hu\/index.php?rest_route=\/wp\/v2\/pages\/28"}],"wp:attachment":[{"href":"https:\/\/palyazat.jaszalsoszentgyorgy.hu\/index.php?rest_route=%2Fwp%2Fv2%2Fmedia&parent=118"}],"curies":[{"name":"wp","href":"https:\/\/api.w.org\/{rel}","templated":true}]}}