{"id":121,"date":"2021-01-12T00:51:44","date_gmt":"2021-01-12T00:51:44","guid":{"rendered":"http:\/\/palyazat.jaszalsoszentgyorgy.hu\/?page_id=121"},"modified":"2022-05-03T07:08:19","modified_gmt":"2022-05-03T07:08:19","slug":"kozbeszerzes","status":"publish","type":"page","link":"https:\/\/palyazat.jaszalsoszentgyorgy.hu\/?page_id=121","title":{"rendered":"K\u00f6zbeszerz\u00e9s"},"content":{"rendered":"<h2><span style=\"font-size: 10px; font-family: 'book antiqua', palatino, serif; color: #3366ff;\"><a style=\"color: #3366ff;\" href=\"http:\/\/palyazat.jaszalsoszentgyorgy.hu\/?page_id=118\">VISSZA AZ EL\u0150Z\u0150 OLDALRA<\/a><\/span><\/h2>\n<p><span style=\"font-family: 'book antiqua', palatino, serif; font-size: 18px;\">K\u00f6z\u00adbe\u00adszer\u00adz\u00e9si dokumentumok:<\/span><\/p>\n<p><span style=\"font-family: 'book antiqua', palatino, serif; font-size: 18px;\"><a href=\"http:\/\/www.jaszalsoszentgyorgy.hu\/wp-content\/uploads\/Aj%C3%A1nlatt%C3%A9teli_felh%C3%ADv%C3%A1s20180720.pdf\">Aj\u00e1nlatt\u00e9teli felh\u00edv\u00e1s<\/a><\/span><\/p>\n<p><span style=\"font-family: 'book antiqua', palatino, serif; font-size: 18px;\"><a href=\"http:\/\/www.jaszalsoszentgyorgy.hu\/wp-content\/uploads\/K%C3%B6zbeszerz%C3%A9si_dokumentum201807202.pdf\">K\u00f6zbeszerz\u00e9si dokumentum<\/a><\/span><\/p>\n<p><span style=\"font-family: 'book antiqua', palatino, serif; font-size: 18px;\"><a href=\"http:\/\/www.jaszalsoszentgyorgy.hu\/wp-content\/uploads\/Megh%C3%ADvand%C3%B3_c%C3%A9gek_kivonat.pdf\">Megh\u00edvand\u00f3 c\u00e9gek kivonat<\/a><\/span><\/p>\n<p><span style=\"font-family: 'book antiqua', palatino, serif; font-size: 18px;\"><a href=\"http:\/\/www.jaszalsoszentgyorgy.hu\/wp-content\/uploads\/9_Bont%C3%A1si-jegyz%C5%91k%C3%B6nyv_ellenjegyzett.pdf\">Bon\u00adt\u00e1si jegyz\u0151k\u00f6nyv<\/a><\/span><\/p>\n<p><span style=\"font-family: 'book antiqua', palatino, serif; font-size: 18px;\"><a href=\"http:\/\/www.jaszalsoszentgyorgy.hu\/wp-content\/uploads\/%C3%96sszegez%C3%A9s_az_aj%C3%A1nlatok_elb%C3%ADr%C3%A1l%C3%A1s%C3%A1r%C3%B3l_EKR.pdf\">\u00d6sszegez\u00e9s az aj\u00e1nlatok elb\u00edr\u00e1l\u00e1s\u00e1r\u00f3l EKR<\/a><\/span><\/p>\n","protected":false},"excerpt":{"rendered":"<p>VISSZA AZ EL\u0150Z\u0150 OLDALRA K\u00f6z\u00adbe\u00adszer\u00adz\u00e9si dokumentumok: Aj\u00e1nlatt\u00e9teli felh\u00edv\u00e1s K\u00f6zbeszerz\u00e9si dokumentum Megh\u00edvand\u00f3 c\u00e9gek kivonat Bon\u00adt\u00e1si jegyz\u0151k\u00f6nyv \u00d6sszegez\u00e9s az aj\u00e1nlatok elb\u00edr\u00e1l\u00e1s\u00e1r\u00f3l EKR<\/p>\n","protected":false},"author":1,"featured_media":0,"parent":118,"menu_order":0,"comment_status":"closed","ping_status":"closed","template":"","meta":{"footnotes":""},"class_list":["post-121","page","type-page","status-publish","hentry","entry","no-media"],"_links":{"self":[{"href":"https:\/\/palyazat.jaszalsoszentgyorgy.hu\/index.php?rest_route=\/wp\/v2\/pages\/121","targetHints":{"allow":["GET"]}}],"collection":[{"href":"https:\/\/palyazat.jaszalsoszentgyorgy.hu\/index.php?rest_route=\/wp\/v2\/pages"}],"about":[{"href":"https:\/\/palyazat.jaszalsoszentgyorgy.hu\/index.php?rest_route=\/wp\/v2\/types\/page"}],"author":[{"embeddable":true,"href":"https:\/\/palyazat.jaszalsoszentgyorgy.hu\/index.php?rest_route=\/wp\/v2\/users\/1"}],"replies":[{"embeddable":true,"href":"https:\/\/palyazat.jaszalsoszentgyorgy.hu\/index.php?rest_route=%2Fwp%2Fv2%2Fcomments&post=121"}],"version-history":[{"count":0,"href":"https:\/\/palyazat.jaszalsoszentgyorgy.hu\/index.php?rest_route=\/wp\/v2\/pages\/121\/revisions"}],"up":[{"embeddable":true,"href":"https:\/\/palyazat.jaszalsoszentgyorgy.hu\/index.php?rest_route=\/wp\/v2\/pages\/118"}],"wp:attachment":[{"href":"https:\/\/palyazat.jaszalsoszentgyorgy.hu\/index.php?rest_route=%2Fwp%2Fv2%2Fmedia&parent=121"}],"curies":[{"name":"wp","href":"https:\/\/api.w.org\/{rel}","templated":true}]}}