{"id":164,"date":"2022-01-25T12:31:37","date_gmt":"2022-01-25T12:31:37","guid":{"rendered":"http:\/\/palyazat.jaszalsoszentgyorgy.hu\/?page_id=164"},"modified":"2022-04-16T06:07:20","modified_gmt":"2022-04-16T06:07:20","slug":"kofop-1-2-1-vekop-16-2017-00940","status":"publish","type":"page","link":"https:\/\/palyazat.jaszalsoszentgyorgy.hu\/?page_id=164","title":{"rendered":"K\u00d6FOP-1.2.1-VEKOP-16-2017-00940"},"content":{"rendered":"<p><a href=\"http:\/\/palyazat.jaszalsoszentgyorgy.hu\/\">VISSZA A F\u0150OLDALRA<\/a><\/p>\n<h2><img loading=\"lazy\" decoding=\"async\" class=\"aligncenter wp-image-170 size-large\" src=\"http:\/\/palyazat.jaszalsoszentgyorgy.hu\/wp-content\/uploads\/2022\/01\/0001-1024x752.jpg\" alt=\"\" width=\"980\" height=\"720\" srcset=\"https:\/\/palyazat.jaszalsoszentgyorgy.hu\/wp-content\/uploads\/2022\/01\/0001-1024x752.jpg 1024w, https:\/\/palyazat.jaszalsoszentgyorgy.hu\/wp-content\/uploads\/2022\/01\/0001-300x220.jpg 300w, https:\/\/palyazat.jaszalsoszentgyorgy.hu\/wp-content\/uploads\/2022\/01\/0001-768x564.jpg 768w, https:\/\/palyazat.jaszalsoszentgyorgy.hu\/wp-content\/uploads\/2022\/01\/0001-1536x1128.jpg 1536w, https:\/\/palyazat.jaszalsoszentgyorgy.hu\/wp-content\/uploads\/2022\/01\/0001-2048x1504.jpg 2048w\" sizes=\"auto, (max-width: 980px) 100vw, 980px\" \/><\/h2>\n<h2>J\u00c1SZALS\u00d3SZENTGY\u00d6RGY K\u00d6ZS\u00c9GI \u00d6NKORM\u00c1NYZAT ASP K\u00d6ZPONTHOZ VAL\u00d3 CSATLAKOZ\u00c1SA<\/h2>\n<p><span style=\"font-size: 13px;\">Projekt le\u00edr\u00e1s:<\/span><\/p>\n<p><span style=\"font-size: 13px;\">J\u00e1szals\u00f3szentgy\u00f6rgy K\u00f6zs\u00e9gi \u00d6nkorm\u00e1nyzat az ASP Korm. rendeletben \u00e9s jelen Felh\u00edv\u00e1sban r\u00f6gz\u00edtettek szerint az ASP rendszerhez val\u00f3 csatlakoz\u00e1sra az 2. \u00fctemben jogosult. J\u00e1szals\u00f3szentgy\u00f6rgy K\u00f6zs\u00e9gi \u00d6nkorm\u00e1nyzat eset\u00e9ben az \u00f6nkorm\u00e1nyzati feladatokat a J\u00e1szals\u00f3szentgy\u00f6rgyi Polg\u00e1rmesteri Hivatal l\u00e1tja el, \u00f6n\u00e1ll\u00f3 polg\u00e1rmesteri hivatalk\u00e9nt<\/span><\/p>\n<p><span style=\"font-size: 13px;\">A J\u00e1szals\u00f3szentgy\u00f6rgyi Polg\u00e1rmesteri Hivatal jelenleg egy f\u0151 jegyz\u0151vel \u00e9s 11 f\u0151 k\u00f6ztisztvisel\u0151vel l\u00e1tja el\u00a0 J\u00e1szals\u00f3szentgy\u00f6rgy K\u00f6zs\u00e9gi \u00d6nkorm\u00e1nyzat k\u00f6telez\u0151 \u00e9s \u00f6nk\u00e9nt v\u00e1llalt feladatait. A p\u00e1ly\u00e1zat keret\u00e9ben a beszerz\u00e9sek kapcs\u00e1n k\u00f6zbeszerz\u00e9si k\u00f6telezetts\u00e9ge nem lesz az \u00d6nkorm\u00e1nyzatnak.<\/span><\/p>\n<p><span style=\"font-size: 13px;\">Az egyes v\u00e1llalt tev\u00e9kenys\u00e9gek ( tev\u00e9kenys\u00e9genk\u00e9nt) sor\u00e1n elv\u00e9gzend\u0151 feladatok:<\/span><\/p>\n<ol>\n<li><span style=\"font-size: 13px;\">Eszk\u00f6z\u00f6k (szoftverrel egy\u00fctt) beszerz\u00e9se (k\u00fcls\u0151 er\u0151forr\u00e1ssal): Az ASP k\u00f6zponthoz t\u00f6rt\u00e9n\u0151 csatlakoz\u00e1shoz sz\u00fcks\u00e9ges infrastruktur\u00e1lis felt\u00e9telek megteremt\u00e9s\u00e9hez \u00e9s a hat\u00e9kony m\u0171k\u00f6d\u00e9s\u00e9hez elengedhetetlen, az ASP Korm. rendeletben foglalt minimum krit\u00e9riumokat teljes\u00edt\u0151 eszk\u00f6z\u00f6k \u00e9s szoftverek beszerz\u00e9se \u00fczembe helyez\u00e9ssel egy\u00fctt: Munka\u00e1llom\u00e1s (PC \u00e9s szoftver) (7 db), Laptop (eszk\u00f6z \u00e9s szoftver) (2 db), K\u00e1rtyaolvas\u00f3 (7 db)<\/span><\/li>\n<li><span style=\"font-size: 13px;\">M\u0171k\u00f6d\u00e9sfejleszt\u00e9s \u00e9s szab\u00e1lyoz\u00e1si keretek kialak\u00edt\u00e1sa (bels\u0151 er\u0151forr\u00e1ssal): Az ASP k\u00f6zponthoz t\u00f6rt\u00e9n\u0151 rendszercsatlakoz\u00e1s eset\u00e9n, azzal \u00f6sszef\u00fcgg\u00e9sben az \u00f6nkorm\u00e1nyzat oldal\u00e1n felmer\u00fcl\u0151 folyamatszervez\u00e9si, szab\u00e1lyoz\u00e1si (igazgat\u00e1sszervez\u00e9s) feladatok v\u00e9grehajt\u00e1sa, szab\u00e1lyoz\u00e1si h\u00e1tt\u00e9r megteremt\u00e9se, szervezeti, \u00fcgyviteli v\u00e1ltoz\u00e1sok be\u00e9p\u00edt\u00e9se a m\u0171k\u00f6d\u00e9si rendbe, a sz\u00fcks\u00e9ges m\u00f3dos\u00edt\u00e1sok elv\u00e9gz\u00e9se a helyi szab\u00e1lyzatokon, pl. \u00fcgyviteli vagy informatikai biztons\u00e1gi ter\u00fcleten. Ennek keret\u00e9ben a folyamat \u00e1talak\u00edt\u00e1si feladatok felm\u00e9r\u00e9se, szab\u00e1lyzatok \u00e1ttekint\u00e9se, m\u00f3dos\u00edt\u00e1sa, sz\u00fcks\u00e9g eset\u00e9n kialak\u00edt\u00e1sa val\u00f3sul meg.<\/span><\/li>\n<li><span style=\"font-size: 13px;\">\u00d6nkorm\u00e1nyzatok elektronikus \u00fcgyint\u00e9z\u00e9s\u00e9hez kapcsol\u00f3d\u00f3 felt\u00e9telek kialak\u00edt\u00e1sa: Az \u00f6nkorm\u00e1nyzat elektronikus \u00fcgyint\u00e9z\u00e9si folyamat\u00e1nak kialak\u00edt\u00e1sa, az elektronikus \u00fcgyint\u00e9z\u00e9shez kapcsol\u00f3d\u00f3 bels\u0151 szab\u00e1lyz\u00e1sok megalkot\u00e1sa, a sz\u00fcks\u00e9ges \u00f6nkorm\u00e1nyzati rendeletek elk\u00e9sz\u00edt\u00e9se, a folyamatban r\u00e9szt vev\u0151 \u00fcgyint\u00e9z\u0151k felk\u00e9sz\u00edt\u00e9se.<\/span><\/li>\n<li><span style=\"font-size: 13px;\">\u00d6nkorm\u00e1nyzati szakrendszerek adatmin\u0151s\u00e9g\u00e9nek jav\u00edt\u00e1sa, migr\u00e1ci\u00f3ja (bels\u0151 er\u0151forr\u00e1ssal):<\/span><\/li>\n<\/ol>\n<p><span style=\"font-size: 13px;\">adattiszt\u00edt\u00e1s: A rendszer hat\u00e9kony m\u0171k\u00f6d\u00e9se \u00e9rdek\u00e9ben a migr\u00e1ci\u00f3 sor\u00e1n fel\u00fcl kell vizsg\u00e1lni a migr\u00e1l\u00e1sra ker\u00fcl\u0151 adat\u00e1llom\u00e1nyokat \u00e9s a sz\u00fcks\u00e9ges tiszt\u00edt\u00e1sokat el kell v\u00e9gezni annak \u00e9rdek\u00e9ben, hogy azok adatmin\u0151s\u00e9ge megfelel\u0151 legyen. Az adattiszt\u00edt\u00e1s sor\u00e1n ki kell t\u00e9rni a formai \u00e9s szintaktikai hib\u00e1k jav\u00edt\u00e1s\u00e1ra \u00e9s lehet\u0151s\u00e9g szerint vizsg\u00e1lni kell az adatok megfelel\u0151s\u00e9g\u00e9t, hogy a rendszerbe valid\u00e1lt inform\u00e1ci\u00f3k ker\u00fcljenek.<\/span><\/p>\n<p><span style=\"font-size: 13px;\">rendszer testreszab\u00e1s, param\u00e9terez\u00e9s: Az \u00f6nkorm\u00e1nyzatnak a csatlakoz\u00e1si folyamat sor\u00e1n a sz\u00e1m\u00e1ra l\u00e9trehozott fel\u00fcleten meg kell hat\u00e1roznia a hozz\u00e1f\u00e9r\u00e9sre jogosultak k\u00f6r\u00e9t, meg kell hat\u00e1roznia a rendszer ind\u00edt\u00e1s\u00e1hoz sz\u00fcks\u00e9ges ind\u00edt\u00f3 be\u00e1ll\u00edt\u00e1sokat, azokat az egyedi, az adott \u00f6nkorm\u00e1nyzat m\u0171k\u00f6d\u00e9s\u00e9re jellemz\u0151 param\u00e9tereket, amelyek sz\u00fcks\u00e9gesek a rendszer m\u0171k\u00f6d\u00e9s\u00e9hez.<\/span><\/p>\n<p><span style=\"font-size: 13px;\">adatmigr\u00e1ci\u00f3: A csatlakoz\u00e1si folyamat sor\u00e1n az \u00f6nkorm\u00e1nyzatnak a kor\u00e1bbi nyilv\u00e1ntart\u00e1saikb\u00f3l az ASP Korm. rendeletnek megfelel\u0151en migr\u00e1lnia kell az adataikat. Az ASP szolg\u00e1ltat\u00f3 \u00e1ltal meghat\u00e1rozott m\u00f3dszertan alapj\u00e1n, k\u00f6zponti t\u00e1mogat\u00e1s seg\u00edts\u00e9g\u00e9vel sz\u00fcks\u00e9ges az adatok bet\u00f6lt\u00e9s\u00e9t elv\u00e9gezni az informatikai rendszerbe, a bet\u00f6lt\u00e9s sor\u00e1n keletkez\u0151 esetleges hib\u00e1kat ki kell jav\u00edtani.<\/span><\/p>\n<ol start=\"5\">\n<li><span style=\"font-size: 13px;\">Oktat\u00e1sokon t\u00f6rt\u00e9n\u0151 r\u00e9szv\u00e9telhez kapcsol\u00f3d\u00f3 utaz\u00e1s: Az ASP k\u00f6zpont \u00e1ltal szervezett, az ASP szolg\u00e1ltat\u00e1s bevezet\u00e9s\u00e9hez kapcsol\u00f3d\u00f3an feladatot ell\u00e1t\u00f3 polg\u00e1rmesteri hivatal dolgoz\u00f3inak oktat\u00e1sokon val\u00f3 r\u00e9szv\u00e9telhez sz\u00fcks\u00e9ges utaz\u00e1sok k\u00f6lts\u00e9ge (kiv\u00e9ve a helyi k\u00f6zleked\u00e9s k\u00f6lts\u00e9gei).<\/span><\/li>\n<li><span style=\"font-size: 13px;\">Tesztel\u00e9s, \u00e9les\u00edt\u00e9s: Az ASP szolg\u00e1ltat\u00e1shoz t\u00f6rt\u00e9n\u0151 csatlakoz\u00e1s sor\u00e1n az \u00f6nkorm\u00e1nyzatoknak tesztelni\u00fck, ellen\u0151rizni\u00fck kell a sz\u00e1mukra kialak\u00edt\u00e1sra ker\u00fcl\u0151 szolg\u00e1ltat\u00e1sok m\u0171k\u00f6d\u00e9s\u00e9t, a migr\u00e1lt \u00e9s \u00e1tadott adatokat.<\/span><\/li>\n<li><span style=\"font-size: 13px;\">Projektmenedzsment: Projektmenedzsment feladatok ell\u00e1t\u00e1sa a projekt megval\u00f3s\u00edt\u00e1si szakasz\u00e1ban.<\/span><\/li>\n<li><span style=\"font-size: 13px;\">K\u00f6telez\u0151 t\u00e1j\u00e9koztat\u00e1s, nyilv\u00e1noss\u00e1g: A t\u00e1j\u00e9koztat\u00e1sra \u00e9s nyilv\u00e1noss\u00e1gra vonatkoz\u00f3 k\u00f6telezetts\u00e9geket \u2013 \u00f6sszhangban a Kedvezm\u00e9nyezettek T\u00e1j\u00e9koztat\u00e1si K\u00f6telezetts\u00e9ge \u00datmutat\u00f3ban (KTK 2020) foglaltakkal \u2013 az \u00c1\u00daF 10. fejezete tartalmazza.<\/span><\/li>\n<\/ol>\n<p><span style=\"font-size: 13px;\"><strong>Tov\u00e1bbi infor\u00adm\u00e1\u00adci\u00f3k:<\/strong><\/span><\/p>\n<p><span style=\"font-size: 13px;\"><strong>\u00a0<a href=\"http:\/\/www.jaszalsoszentgyorgy.hu\/wp-content\/uploads\/sajtokozlemeny-2018.pdf\">Saj\u00adt\u00f3\u00adk\u00f6z\u00adle\u00adm\u00e9ny\u00a02018<\/a><\/strong><\/span><\/p>\n","protected":false},"excerpt":{"rendered":"<p>VISSZA A F\u0150OLDALRA J\u00c1SZALS\u00d3SZENTGY\u00d6RGY K\u00d6ZS\u00c9GI \u00d6NKORM\u00c1NYZAT ASP K\u00d6ZPONTHOZ VAL\u00d3 CSATLAKOZ\u00c1SA Projekt le\u00edr\u00e1s: J\u00e1szals\u00f3szentgy\u00f6rgy K\u00f6zs\u00e9gi \u00d6nkorm\u00e1nyzat az ASP Korm. rendeletben \u00e9s jelen Felh\u00edv\u00e1sban r\u00f6gz\u00edtettek szerint az ASP rendszerhez val\u00f3 csatlakoz\u00e1sra az 2. \u00fctemben jogosult. J\u00e1szals\u00f3szentgy\u00f6rgy K\u00f6zs\u00e9gi \u00d6nkorm\u00e1nyzat eset\u00e9ben az \u00f6nkorm\u00e1nyzati feladatokat a J\u00e1szals\u00f3szentgy\u00f6rgyi Polg\u00e1rmesteri Hivatal l\u00e1tja el, \u00f6n\u00e1ll\u00f3 polg\u00e1rmesteri hivatalk\u00e9nt A J\u00e1szals\u00f3szentgy\u00f6rgyi Polg\u00e1rmesteri Hivatal jelenleg egy&hellip;<\/p>\n","protected":false},"author":1,"featured_media":0,"parent":28,"menu_order":0,"comment_status":"closed","ping_status":"closed","template":"","meta":{"footnotes":""},"class_list":["post-164","page","type-page","status-publish","hentry","entry","no-media"],"_links":{"self":[{"href":"https:\/\/palyazat.jaszalsoszentgyorgy.hu\/index.php?rest_route=\/wp\/v2\/pages\/164","targetHints":{"allow":["GET"]}}],"collection":[{"href":"https:\/\/palyazat.jaszalsoszentgyorgy.hu\/index.php?rest_route=\/wp\/v2\/pages"}],"about":[{"href":"https:\/\/palyazat.jaszalsoszentgyorgy.hu\/index.php?rest_route=\/wp\/v2\/types\/page"}],"author":[{"embeddable":true,"href":"https:\/\/palyazat.jaszalsoszentgyorgy.hu\/index.php?rest_route=\/wp\/v2\/users\/1"}],"replies":[{"embeddable":true,"href":"https:\/\/palyazat.jaszalsoszentgyorgy.hu\/index.php?rest_route=%2Fwp%2Fv2%2Fcomments&post=164"}],"version-history":[{"count":0,"href":"https:\/\/palyazat.jaszalsoszentgyorgy.hu\/index.php?rest_route=\/wp\/v2\/pages\/164\/revisions"}],"up":[{"embeddable":true,"href":"https:\/\/palyazat.jaszalsoszentgyorgy.hu\/index.php?rest_route=\/wp\/v2\/pages\/28"}],"wp:attachment":[{"href":"https:\/\/palyazat.jaszalsoszentgyorgy.hu\/index.php?rest_route=%2Fwp%2Fv2%2Fmedia&parent=164"}],"curies":[{"name":"wp","href":"https:\/\/api.w.org\/{rel}","templated":true}]}}