{"id":180,"date":"2022-04-16T05:58:21","date_gmt":"2022-04-16T05:58:21","guid":{"rendered":"http:\/\/palyazat.jaszalsoszentgyorgy.hu\/?page_id=180"},"modified":"2022-04-22T06:25:56","modified_gmt":"2022-04-22T06:25:56","slug":"vp6-19-2-1-48-4-17","status":"publish","type":"page","link":"https:\/\/palyazat.jaszalsoszentgyorgy.hu\/?page_id=180","title":{"rendered":"VP6-19.2.1-48-4-17"},"content":{"rendered":"<p><span style=\"font-size: 10px;\"><a href=\"http:\/\/palyazat.jaszalsoszentgyorgy.hu\/\">VISSZA A F\u0150OLDALRA<\/a><\/span><\/p>\n<p><span style=\"font-size: 14px;\"> A projekt k\u00f3dsz\u00e1ma: <strong>VP6-19.2.1.-48-4-17<\/strong><\/span><br \/>\n<span style=\"font-size: 14px;\">Projekt azonos\u00edt\u00f3ja: <strong><a href=\"http:\/\/palyazat.jaszalsoszentgyorgy.hu\/?page_id=193\">1973187891<\/a><\/strong><\/span><\/p>\n<p><strong><span style=\"font-size: 14px;\"><em>Lippay Lajos K\u00f6z\u00f6ss\u00e9gi H\u00e1z fel\u00faj\u00edt\u00e1sa<\/em><\/span><\/strong><\/p>\n<p><strong>___________________________________________________________________________<\/strong><\/p>\n<p><span style=\"font-size: 14px;\">A projekt k\u00f3dsz\u00e1ma: <strong>VP6-19.2.1.-48-4-17<\/strong><\/span><br \/>\n<span style=\"font-size: 14px;\">Projekt azonos\u00edt\u00f3ja: <strong><a href=\"http:\/\/palyazat.jaszalsoszentgyorgy.hu\/?page_id=198\">3005717810<\/a><\/strong><\/span><\/p>\n<p><strong><span style=\"font-size: 14px;\"><em>A K\u00e1lv\u00e1ria szoborcsoport \u00e9s a Szenth\u00e1roms\u00e1g szobor rekonstrukci\u00f3ja J\u00e1szals\u00f3szentgy\u00f6rgy\u00f6n<\/em><\/span><\/strong><\/p>\n<p><strong>___________________________________________________________________________<\/strong><\/p>\n<p>&nbsp;<\/p>\n","protected":false},"excerpt":{"rendered":"<p>VISSZA A F\u0150OLDALRA A projekt k\u00f3dsz\u00e1ma: VP6-19.2.1.-48-4-17 Projekt azonos\u00edt\u00f3ja: 1973187891 Lippay Lajos K\u00f6z\u00f6ss\u00e9gi H\u00e1z fel\u00faj\u00edt\u00e1sa ___________________________________________________________________________ A projekt k\u00f3dsz\u00e1ma: VP6-19.2.1.-48-4-17 Projekt azonos\u00edt\u00f3ja: 3005717810 A K\u00e1lv\u00e1ria szoborcsoport \u00e9s a Szenth\u00e1roms\u00e1g szobor rekonstrukci\u00f3ja J\u00e1szals\u00f3szentgy\u00f6rgy\u00f6n ___________________________________________________________________________ &nbsp;<\/p>\n","protected":false},"author":1,"featured_media":0,"parent":28,"menu_order":0,"comment_status":"closed","ping_status":"closed","template":"","meta":{"footnotes":""},"class_list":["post-180","page","type-page","status-publish","hentry","entry","no-media"],"_links":{"self":[{"href":"https:\/\/palyazat.jaszalsoszentgyorgy.hu\/index.php?rest_route=\/wp\/v2\/pages\/180","targetHints":{"allow":["GET"]}}],"collection":[{"href":"https:\/\/palyazat.jaszalsoszentgyorgy.hu\/index.php?rest_route=\/wp\/v2\/pages"}],"about":[{"href":"https:\/\/palyazat.jaszalsoszentgyorgy.hu\/index.php?rest_route=\/wp\/v2\/types\/page"}],"author":[{"embeddable":true,"href":"https:\/\/palyazat.jaszalsoszentgyorgy.hu\/index.php?rest_route=\/wp\/v2\/users\/1"}],"replies":[{"embeddable":true,"href":"https:\/\/palyazat.jaszalsoszentgyorgy.hu\/index.php?rest_route=%2Fwp%2Fv2%2Fcomments&post=180"}],"version-history":[{"count":0,"href":"https:\/\/palyazat.jaszalsoszentgyorgy.hu\/index.php?rest_route=\/wp\/v2\/pages\/180\/revisions"}],"up":[{"embeddable":true,"href":"https:\/\/palyazat.jaszalsoszentgyorgy.hu\/index.php?rest_route=\/wp\/v2\/pages\/28"}],"wp:attachment":[{"href":"https:\/\/palyazat.jaszalsoszentgyorgy.hu\/index.php?rest_route=%2Fwp%2Fv2%2Fmedia&parent=180"}],"curies":[{"name":"wp","href":"https:\/\/api.w.org\/{rel}","templated":true}]}}