{"id":215,"date":"2022-05-03T07:00:40","date_gmt":"2022-05-03T07:00:40","guid":{"rendered":"http:\/\/palyazat.jaszalsoszentgyorgy.hu\/?page_id=215"},"modified":"2022-05-03T07:36:46","modified_gmt":"2022-05-03T07:36:46","slug":"vallalkozoi-forumok","status":"publish","type":"page","link":"https:\/\/palyazat.jaszalsoszentgyorgy.hu\/?page_id=215","title":{"rendered":"V\u00e1llalkoz\u00f3i f\u00f3rumok"},"content":{"rendered":"<h2><span style=\"font-size: 10px; font-family: 'book antiqua', palatino, serif; color: #3366ff;\"><a style=\"color: #3366ff;\" href=\"http:\/\/palyazat.jaszalsoszentgyorgy.hu\/?page_id=118\">VISSZA AZ EL\u0150Z\u0150 OLDALRA<\/a><\/span><\/h2>\n<p><strong><span style=\"font-size: 13px;\">Megh\u00edv\u00f3k<\/span><\/strong><\/p>\n<p><a href=\"http:\/\/palyazat.jaszalsoszentgyorgy.hu\/wp-content\/uploads\/2022\/05\/meghivo_forumra_01.pdf\">Megh\u00edv\u00f3 1. v\u00e1llalkoz\u00f3i f\u00f3rumra<\/a><\/p>\n<p><a href=\"http:\/\/palyazat.jaszalsoszentgyorgy.hu\/wp-content\/uploads\/2022\/05\/meghivo_forumra_02.pdf\">Megh\u00edv\u00f3 2. v\u00e1llalkoz\u00f3i f\u00f3rumra<\/a><\/p>\n<p><a href=\"http:\/\/palyazat.jaszalsoszentgyorgy.hu\/wp-content\/uploads\/2022\/05\/meghivo_forumra_03.pdf\">Megh\u00edv\u00f3 3. v\u00e1llalkoz\u00f3i f\u00f3rumra<\/a><\/p>\n<p><a href=\"http:\/\/palyazat.jaszalsoszentgyorgy.hu\/wp-content\/uploads\/2022\/05\/meghivo_forumra_04.pdf\">Megh\u00edv\u00f3 4. v\u00e1llalkoz\u00f3i f\u00f3rumra<\/a><\/p>\n<p><a href=\"http:\/\/palyazat.jaszalsoszentgyorgy.hu\/wp-content\/uploads\/2022\/05\/meghivo_forumra_05.pdf\">Megh\u00edv\u00f3 5. v\u00e1llalkoz\u00f3i f\u00f3rumra<\/a><\/p>\n<p><a href=\"http:\/\/palyazat.jaszalsoszentgyorgy.hu\/wp-content\/uploads\/2022\/05\/meghivo_forumra_06.pdf\">Megh\u00edv\u00f3 6. v\u00e1llalkoz\u00f3i f\u00f3rumra<\/a><\/p>\n<p><a href=\"http:\/\/palyazat.jaszalsoszentgyorgy.hu\/wp-content\/uploads\/2022\/05\/meghivo_forumra_07.pdf\">Megh\u00edv\u00f3 7. v\u00e1llalkoz\u00f3i f\u00f3rumra<\/a><\/p>\n<p><a href=\"http:\/\/palyazat.jaszalsoszentgyorgy.hu\/wp-content\/uploads\/2022\/05\/meghivo_forumra_08.pdf\">Megh\u00edv\u00f3 8. v\u00e1llalkoz\u00f3i f\u00f3rumra<\/a><\/p>\n<p><a href=\"http:\/\/palyazat.jaszalsoszentgyorgy.hu\/wp-content\/uploads\/2022\/05\/meghivo_forumra_09.pdf\">Megh\u00edv\u00f3 9. v\u00e1llalkoz\u00f3i f\u00f3rumra<\/a><\/p>\n<p><a href=\"http:\/\/palyazat.jaszalsoszentgyorgy.hu\/wp-content\/uploads\/2022\/05\/meghivo_forumra_10.pdf\">Megh\u00edv\u00f3 10. v\u00e1llalkoz\u00f3i f\u00f3rumra<\/a><\/p>\n<p><strong><span style=\"font-size: 13px;\">Besz\u00e1mol\u00f3k<\/span><\/strong><\/p>\n<p><a href=\"http:\/\/palyazat.jaszalsoszentgyorgy.hu\/wp-content\/uploads\/2022\/05\/beszamolo_forumrol_01.pdf\">Besz\u00e1mol\u00f3 a 1. f\u00f3rumr\u00f3l<\/a><\/p>\n<p><a href=\"http:\/\/palyazat.jaszalsoszentgyorgy.hu\/wp-content\/uploads\/2022\/05\/beszamolo_forumrol_02.pdf\">Besz\u00e1mol\u00f3 a 2. f\u00f3rumr\u00f3l<\/a><\/p>\n<p><a href=\"http:\/\/palyazat.jaszalsoszentgyorgy.hu\/wp-content\/uploads\/2022\/05\/beszamolo_forumrol_03.pdf\">Besz\u00e1mol\u00f3 a 3. f\u00f3rumr\u00f3l<\/a><\/p>\n<p><a href=\"http:\/\/palyazat.jaszalsoszentgyorgy.hu\/wp-content\/uploads\/2022\/05\/beszamolo_forumrol_04.pdf\">Besz\u00e1mol\u00f3 a 4. f\u00f3rumr\u00f3l<\/a><\/p>\n<p><a href=\"http:\/\/palyazat.jaszalsoszentgyorgy.hu\/wp-content\/uploads\/2022\/05\/beszamolo_forumrol_05.pdf\">Besz\u00e1mol\u00f3 a 5. f\u00f3rumr\u00f3l<\/a><\/p>\n<p><a href=\"http:\/\/palyazat.jaszalsoszentgyorgy.hu\/wp-content\/uploads\/2022\/05\/beszamolo_forumrol_06.pdf\">Besz\u00e1mol\u00f3 a 6. f\u00f3rumr\u00f3l<\/a><\/p>\n<p><a href=\"http:\/\/palyazat.jaszalsoszentgyorgy.hu\/wp-content\/uploads\/2022\/05\/beszamolo_forumrol_07.pdf\">Besz\u00e1mol\u00f3 a 7. f\u00f3rumr\u00f3l<\/a><\/p>\n<p><a href=\"http:\/\/palyazat.jaszalsoszentgyorgy.hu\/wp-content\/uploads\/2022\/05\/beszamolo_forumrol_08.pdf\">Besz\u00e1mol\u00f3 a 8. f\u00f3rumr\u00f3l<\/a><\/p>\n<p><a href=\"http:\/\/palyazat.jaszalsoszentgyorgy.hu\/wp-content\/uploads\/2022\/05\/beszamolo_forumrol_09.pdf\">Besz\u00e1mol\u00f3 a 9. f\u00f3rumr\u00f3l<\/a><\/p>\n<p><a href=\"http:\/\/palyazat.jaszalsoszentgyorgy.hu\/wp-content\/uploads\/2022\/05\/beszamolo_forumrol_10.pdf\">Besz\u00e1mol\u00f3 a 10. f\u00f3rumr\u00f3l<\/a><\/p>\n<p><span style=\"font-size: 13px;\"><strong>Fot\u00f3k<\/strong><\/span><\/p>\n<p><img loading=\"lazy\" decoding=\"async\" class=\"alignleft size-medium wp-image-258\" src=\"http:\/\/palyazat.jaszalsoszentgyorgy.hu\/wp-content\/uploads\/2022\/05\/foto_forum_01-300x200.jpg\" alt=\"\" width=\"300\" height=\"200\" srcset=\"https:\/\/palyazat.jaszalsoszentgyorgy.hu\/wp-content\/uploads\/2022\/05\/foto_forum_01-300x200.jpg 300w, https:\/\/palyazat.jaszalsoszentgyorgy.hu\/wp-content\/uploads\/2022\/05\/foto_forum_01-1024x683.jpg 1024w, https:\/\/palyazat.jaszalsoszentgyorgy.hu\/wp-content\/uploads\/2022\/05\/foto_forum_01-768x512.jpg 768w, https:\/\/palyazat.jaszalsoszentgyorgy.hu\/wp-content\/uploads\/2022\/05\/foto_forum_01-1536x1024.jpg 1536w, https:\/\/palyazat.jaszalsoszentgyorgy.hu\/wp-content\/uploads\/2022\/05\/foto_forum_01-2048x1365.jpg 2048w\" sizes=\"auto, (max-width: 300px) 100vw, 300px\" \/><img loading=\"lazy\" decoding=\"async\" class=\"size-medium wp-image-259 alignleft\" src=\"http:\/\/palyazat.jaszalsoszentgyorgy.hu\/wp-content\/uploads\/2022\/05\/foto_forum_02-300x200.jpg\" alt=\"\" width=\"300\" height=\"200\" srcset=\"https:\/\/palyazat.jaszalsoszentgyorgy.hu\/wp-content\/uploads\/2022\/05\/foto_forum_02-300x200.jpg 300w, https:\/\/palyazat.jaszalsoszentgyorgy.hu\/wp-content\/uploads\/2022\/05\/foto_forum_02-1024x683.jpg 1024w, https:\/\/palyazat.jaszalsoszentgyorgy.hu\/wp-content\/uploads\/2022\/05\/foto_forum_02-768x512.jpg 768w, https:\/\/palyazat.jaszalsoszentgyorgy.hu\/wp-content\/uploads\/2022\/05\/foto_forum_02-1536x1024.jpg 1536w, https:\/\/palyazat.jaszalsoszentgyorgy.hu\/wp-content\/uploads\/2022\/05\/foto_forum_02-2048x1365.jpg 2048w\" sizes=\"auto, (max-width: 300px) 100vw, 300px\" \/><img loading=\"lazy\" decoding=\"async\" class=\"size-medium wp-image-260 alignleft\" src=\"http:\/\/palyazat.jaszalsoszentgyorgy.hu\/wp-content\/uploads\/2022\/05\/foto_forum_03-300x200.jpg\" alt=\"\" width=\"300\" height=\"200\" srcset=\"https:\/\/palyazat.jaszalsoszentgyorgy.hu\/wp-content\/uploads\/2022\/05\/foto_forum_03-300x200.jpg 300w, https:\/\/palyazat.jaszalsoszentgyorgy.hu\/wp-content\/uploads\/2022\/05\/foto_forum_03-1024x683.jpg 1024w, https:\/\/palyazat.jaszalsoszentgyorgy.hu\/wp-content\/uploads\/2022\/05\/foto_forum_03-768x512.jpg 768w, https:\/\/palyazat.jaszalsoszentgyorgy.hu\/wp-content\/uploads\/2022\/05\/foto_forum_03-1536x1024.jpg 1536w, https:\/\/palyazat.jaszalsoszentgyorgy.hu\/wp-content\/uploads\/2022\/05\/foto_forum_03-2048x1365.jpg 2048w\" sizes=\"auto, (max-width: 300px) 100vw, 300px\" \/><img loading=\"lazy\" decoding=\"async\" class=\"size-medium wp-image-261 alignleft\" src=\"http:\/\/palyazat.jaszalsoszentgyorgy.hu\/wp-content\/uploads\/2022\/05\/foto_forum_04-300x200.jpg\" alt=\"\" width=\"300\" height=\"200\" srcset=\"https:\/\/palyazat.jaszalsoszentgyorgy.hu\/wp-content\/uploads\/2022\/05\/foto_forum_04-300x200.jpg 300w, https:\/\/palyazat.jaszalsoszentgyorgy.hu\/wp-content\/uploads\/2022\/05\/foto_forum_04-1024x683.jpg 1024w, https:\/\/palyazat.jaszalsoszentgyorgy.hu\/wp-content\/uploads\/2022\/05\/foto_forum_04-768x512.jpg 768w, https:\/\/palyazat.jaszalsoszentgyorgy.hu\/wp-content\/uploads\/2022\/05\/foto_forum_04-1536x1024.jpg 1536w, https:\/\/palyazat.jaszalsoszentgyorgy.hu\/wp-content\/uploads\/2022\/05\/foto_forum_04-2048x1365.jpg 2048w\" sizes=\"auto, (max-width: 300px) 100vw, 300px\" \/><img loading=\"lazy\" decoding=\"async\" class=\"size-medium wp-image-262 alignleft\" src=\"http:\/\/palyazat.jaszalsoszentgyorgy.hu\/wp-content\/uploads\/2022\/05\/foto_forum_05-300x200.jpg\" alt=\"\" width=\"300\" height=\"200\" srcset=\"https:\/\/palyazat.jaszalsoszentgyorgy.hu\/wp-content\/uploads\/2022\/05\/foto_forum_05-300x200.jpg 300w, https:\/\/palyazat.jaszalsoszentgyorgy.hu\/wp-content\/uploads\/2022\/05\/foto_forum_05-1024x683.jpg 1024w, https:\/\/palyazat.jaszalsoszentgyorgy.hu\/wp-content\/uploads\/2022\/05\/foto_forum_05-768x512.jpg 768w, https:\/\/palyazat.jaszalsoszentgyorgy.hu\/wp-content\/uploads\/2022\/05\/foto_forum_05-1536x1024.jpg 1536w, https:\/\/palyazat.jaszalsoszentgyorgy.hu\/wp-content\/uploads\/2022\/05\/foto_forum_05-2048x1365.jpg 2048w\" sizes=\"auto, (max-width: 300px) 100vw, 300px\" \/><img loading=\"lazy\" decoding=\"async\" class=\"size-medium wp-image-263 alignleft\" src=\"http:\/\/palyazat.jaszalsoszentgyorgy.hu\/wp-content\/uploads\/2022\/05\/foto_forum_06-300x200.jpg\" alt=\"\" width=\"300\" height=\"200\" srcset=\"https:\/\/palyazat.jaszalsoszentgyorgy.hu\/wp-content\/uploads\/2022\/05\/foto_forum_06-300x200.jpg 300w, https:\/\/palyazat.jaszalsoszentgyorgy.hu\/wp-content\/uploads\/2022\/05\/foto_forum_06-1024x683.jpg 1024w, https:\/\/palyazat.jaszalsoszentgyorgy.hu\/wp-content\/uploads\/2022\/05\/foto_forum_06-768x512.jpg 768w, https:\/\/palyazat.jaszalsoszentgyorgy.hu\/wp-content\/uploads\/2022\/05\/foto_forum_06-1536x1024.jpg 1536w, https:\/\/palyazat.jaszalsoszentgyorgy.hu\/wp-content\/uploads\/2022\/05\/foto_forum_06-2048x1365.jpg 2048w\" sizes=\"auto, (max-width: 300px) 100vw, 300px\" \/><img loading=\"lazy\" decoding=\"async\" class=\"size-medium wp-image-264 alignleft\" src=\"http:\/\/palyazat.jaszalsoszentgyorgy.hu\/wp-content\/uploads\/2022\/05\/foto_forum_07-300x200.jpg\" alt=\"\" width=\"300\" height=\"200\" srcset=\"https:\/\/palyazat.jaszalsoszentgyorgy.hu\/wp-content\/uploads\/2022\/05\/foto_forum_07-300x200.jpg 300w, https:\/\/palyazat.jaszalsoszentgyorgy.hu\/wp-content\/uploads\/2022\/05\/foto_forum_07-1024x683.jpg 1024w, https:\/\/palyazat.jaszalsoszentgyorgy.hu\/wp-content\/uploads\/2022\/05\/foto_forum_07-768x512.jpg 768w, https:\/\/palyazat.jaszalsoszentgyorgy.hu\/wp-content\/uploads\/2022\/05\/foto_forum_07-1536x1024.jpg 1536w, https:\/\/palyazat.jaszalsoszentgyorgy.hu\/wp-content\/uploads\/2022\/05\/foto_forum_07-2048x1365.jpg 2048w\" sizes=\"auto, (max-width: 300px) 100vw, 300px\" \/><img loading=\"lazy\" decoding=\"async\" class=\"size-medium wp-image-265 alignleft\" src=\"http:\/\/palyazat.jaszalsoszentgyorgy.hu\/wp-content\/uploads\/2022\/05\/foto_forum_08-300x200.jpg\" alt=\"\" width=\"300\" height=\"200\" srcset=\"https:\/\/palyazat.jaszalsoszentgyorgy.hu\/wp-content\/uploads\/2022\/05\/foto_forum_08-300x200.jpg 300w, https:\/\/palyazat.jaszalsoszentgyorgy.hu\/wp-content\/uploads\/2022\/05\/foto_forum_08-1024x683.jpg 1024w, https:\/\/palyazat.jaszalsoszentgyorgy.hu\/wp-content\/uploads\/2022\/05\/foto_forum_08-768x512.jpg 768w, https:\/\/palyazat.jaszalsoszentgyorgy.hu\/wp-content\/uploads\/2022\/05\/foto_forum_08-1536x1024.jpg 1536w, https:\/\/palyazat.jaszalsoszentgyorgy.hu\/wp-content\/uploads\/2022\/05\/foto_forum_08-2048x1365.jpg 2048w\" sizes=\"auto, (max-width: 300px) 100vw, 300px\" \/><img loading=\"lazy\" decoding=\"async\" class=\"size-medium wp-image-266 alignleft\" src=\"http:\/\/palyazat.jaszalsoszentgyorgy.hu\/wp-content\/uploads\/2022\/05\/foto_forum_09-300x200.jpg\" alt=\"\" width=\"300\" height=\"200\" srcset=\"https:\/\/palyazat.jaszalsoszentgyorgy.hu\/wp-content\/uploads\/2022\/05\/foto_forum_09-300x200.jpg 300w, https:\/\/palyazat.jaszalsoszentgyorgy.hu\/wp-content\/uploads\/2022\/05\/foto_forum_09-1024x683.jpg 1024w, https:\/\/palyazat.jaszalsoszentgyorgy.hu\/wp-content\/uploads\/2022\/05\/foto_forum_09-768x512.jpg 768w, https:\/\/palyazat.jaszalsoszentgyorgy.hu\/wp-content\/uploads\/2022\/05\/foto_forum_09-1536x1024.jpg 1536w, https:\/\/palyazat.jaszalsoszentgyorgy.hu\/wp-content\/uploads\/2022\/05\/foto_forum_09-2048x1365.jpg 2048w\" sizes=\"auto, (max-width: 300px) 100vw, 300px\" \/><img loading=\"lazy\" decoding=\"async\" class=\"aligncenter size-medium wp-image-267\" src=\"http:\/\/palyazat.jaszalsoszentgyorgy.hu\/wp-content\/uploads\/2022\/05\/foto_forum_10-300x200.jpg\" alt=\"\" width=\"300\" height=\"200\" srcset=\"https:\/\/palyazat.jaszalsoszentgyorgy.hu\/wp-content\/uploads\/2022\/05\/foto_forum_10-300x200.jpg 300w, https:\/\/palyazat.jaszalsoszentgyorgy.hu\/wp-content\/uploads\/2022\/05\/foto_forum_10-1024x683.jpg 1024w, https:\/\/palyazat.jaszalsoszentgyorgy.hu\/wp-content\/uploads\/2022\/05\/foto_forum_10-768x512.jpg 768w, https:\/\/palyazat.jaszalsoszentgyorgy.hu\/wp-content\/uploads\/2022\/05\/foto_forum_10-1536x1024.jpg 1536w, https:\/\/palyazat.jaszalsoszentgyorgy.hu\/wp-content\/uploads\/2022\/05\/foto_forum_10-2048x1365.jpg 2048w\" sizes=\"auto, (max-width: 300px) 100vw, 300px\" \/><\/p>\n","protected":false},"excerpt":{"rendered":"<p>VISSZA AZ EL\u0150Z\u0150 OLDALRA Megh\u00edv\u00f3k Megh\u00edv\u00f3 1. v\u00e1llalkoz\u00f3i f\u00f3rumra Megh\u00edv\u00f3 2. v\u00e1llalkoz\u00f3i f\u00f3rumra Megh\u00edv\u00f3 3. v\u00e1llalkoz\u00f3i f\u00f3rumra Megh\u00edv\u00f3 4. v\u00e1llalkoz\u00f3i f\u00f3rumra Megh\u00edv\u00f3 5. v\u00e1llalkoz\u00f3i f\u00f3rumra Megh\u00edv\u00f3 6. v\u00e1llalkoz\u00f3i f\u00f3rumra Megh\u00edv\u00f3 7. v\u00e1llalkoz\u00f3i f\u00f3rumra Megh\u00edv\u00f3 8. v\u00e1llalkoz\u00f3i f\u00f3rumra Megh\u00edv\u00f3 9. v\u00e1llalkoz\u00f3i f\u00f3rumra Megh\u00edv\u00f3 10. v\u00e1llalkoz\u00f3i f\u00f3rumra Besz\u00e1mol\u00f3k Besz\u00e1mol\u00f3 a 1. f\u00f3rumr\u00f3l Besz\u00e1mol\u00f3 a 2. f\u00f3rumr\u00f3l Besz\u00e1mol\u00f3&hellip;<\/p>\n","protected":false},"author":1,"featured_media":0,"parent":118,"menu_order":0,"comment_status":"closed","ping_status":"closed","template":"","meta":{"footnotes":""},"class_list":["post-215","page","type-page","status-publish","hentry","entry","no-media"],"_links":{"self":[{"href":"https:\/\/palyazat.jaszalsoszentgyorgy.hu\/index.php?rest_route=\/wp\/v2\/pages\/215","targetHints":{"allow":["GET"]}}],"collection":[{"href":"https:\/\/palyazat.jaszalsoszentgyorgy.hu\/index.php?rest_route=\/wp\/v2\/pages"}],"about":[{"href":"https:\/\/palyazat.jaszalsoszentgyorgy.hu\/index.php?rest_route=\/wp\/v2\/types\/page"}],"author":[{"embeddable":true,"href":"https:\/\/palyazat.jaszalsoszentgyorgy.hu\/index.php?rest_route=\/wp\/v2\/users\/1"}],"replies":[{"embeddable":true,"href":"https:\/\/palyazat.jaszalsoszentgyorgy.hu\/index.php?rest_route=%2Fwp%2Fv2%2Fcomments&post=215"}],"version-history":[{"count":0,"href":"https:\/\/palyazat.jaszalsoszentgyorgy.hu\/index.php?rest_route=\/wp\/v2\/pages\/215\/revisions"}],"up":[{"embeddable":true,"href":"https:\/\/palyazat.jaszalsoszentgyorgy.hu\/index.php?rest_route=\/wp\/v2\/pages\/118"}],"wp:attachment":[{"href":"https:\/\/palyazat.jaszalsoszentgyorgy.hu\/index.php?rest_route=%2Fwp%2Fv2%2Fmedia&parent=215"}],"curies":[{"name":"wp","href":"https:\/\/api.w.org\/{rel}","templated":true}]}}