{"id":217,"date":"2022-05-03T07:01:09","date_gmt":"2022-05-03T07:01:09","guid":{"rendered":"http:\/\/palyazat.jaszalsoszentgyorgy.hu\/?page_id=217"},"modified":"2022-05-03T08:10:21","modified_gmt":"2022-05-03T08:10:21","slug":"osztondijak","status":"publish","type":"page","link":"https:\/\/palyazat.jaszalsoszentgyorgy.hu\/?page_id=217","title":{"rendered":"\u00d6szt\u00f6nd\u00edjak"},"content":{"rendered":"<h2><span style=\"font-size: 10px; font-family: 'book antiqua', palatino, serif; color: #3366ff;\"><a style=\"color: #3366ff;\" href=\"http:\/\/palyazat.jaszalsoszentgyorgy.hu\/?page_id=118\">VISSZA AZ EL\u0150Z\u0150 OLDALRA<\/a><\/span><\/h2>\n<p><span style=\"font-size: 13px;\"><strong>K\u00f6z\u00e9piskolai tanul\u00f3k, f\u0151iskolai vagy egyetemi hallgat\u00f3k r\u00e9sz\u00e9re<\/strong><\/span><\/p>\n<p><a href=\"http:\/\/palyazat.jaszalsoszentgyorgy.hu\/wp-content\/uploads\/2022\/05\/Esely_otthon_palyazati_felhivas_2018.pdf\">Es\u00e9ly Otthon p\u00e1ly\u00e1zati felh\u00edv\u00e1s 2018. j\u00falius 31<\/a><\/p>\n<p><a href=\"http:\/\/palyazat.jaszalsoszentgyorgy.hu\/wp-content\/uploads\/2022\/05\/Esely_otthon_palyazati_felhivas_2019szept.pdf\">Es\u00e9ly Otthon p\u00e1ly\u00e1zati felh\u00edv\u00e1s 2019. szeptember 20<\/a><\/p>\n<p><a href=\"http:\/\/palyazat.jaszalsoszentgyorgy.hu\/wp-content\/uploads\/2022\/05\/palyazati_adatlap_es_nyilatkozatok_2018.pdf\">P\u00e1ly\u00e1zati adatlap \u00e9s nyilatkozatok 2018. j\u00falius 31<\/a><\/p>\n<p><a href=\"http:\/\/palyazat.jaszalsoszentgyorgy.hu\/wp-content\/uploads\/2022\/05\/palyazati_adatlap_es_nyilatkozatok_2019szept.pdf\">P\u00e1ly\u00e1zati adatlap \u00e9s nyilatkozatok 2019. szeptember 20<\/a><\/p>\n<p><strong><span style=\"font-size: 13px;\">Telep\u00fcl\u00e9sen \u00e9l\u0151 szakemberek r\u00e9sz\u00e9re<\/span><\/strong><\/p>\n<p><a href=\"http:\/\/palyazat.jaszalsoszentgyorgy.hu\/wp-content\/uploads\/2022\/05\/Felhivas_plakat_A3_mod.pdf\">Es\u00e9ly Otthon p\u00e1ly\u00e1zati felh\u00edv\u00e1s 2018. november 9<\/a><\/p>\n<p><a href=\"http:\/\/palyazat.jaszalsoszentgyorgy.hu\/wp-content\/uploads\/2022\/05\/Esely_otthon_palyazati_felhivas_2_resz_2019szept.pdf\">Es\u00e9ly Otthon p\u00e1ly\u00e1zati felh\u00edv\u00e1s 2019. szeptember 20<\/a><\/p>\n<p><a href=\"http:\/\/palyazat.jaszalsoszentgyorgy.hu\/wp-content\/uploads\/2022\/05\/Palyazati_adatlap_es_nyilatkozatok_2_resz_2019szept.pdf\">P\u00e1ly\u00e1zati adatlap \u00e9s nyilatkozatok<\/a><\/p>\n<p><span style=\"font-size: 13px;\"><strong>Fels\u0151fok\u00fa v\u00e9gzetts\u00e9ggel rendelkez\u0151 fiatalok r\u00e9sz\u00e9re<\/strong><\/span><\/p>\n<p><a href=\"http:\/\/palyazat.jaszalsoszentgyorgy.hu\/wp-content\/uploads\/2022\/05\/Esely_otthon_palyazati-felhivas_3_resz_mod.pdf\">Es\u00e9ly Otthon p\u00e1ly\u00e1zati felh\u00edv\u00e1s 2018. november 9<\/a><\/p>\n<p><a href=\"http:\/\/palyazat.jaszalsoszentgyorgy.hu\/wp-content\/uploads\/2022\/05\/Esely_otthon_palyazati-felhivas_3_resz_2019szept.pdf\">Es\u00e9ly Otthon p\u00e1ly\u00e1zati felh\u00edv\u00e1s 2019. szeptember 20<\/a><\/p>\n<p><a href=\"http:\/\/palyazat.jaszalsoszentgyorgy.hu\/wp-content\/uploads\/2022\/05\/palyazati-adatlap-mellekletek_2019szept.pdf\">P\u00e1ly\u00e1zati adatlap \u00e9s nyilatkozatok<\/a><\/p>\n","protected":false},"excerpt":{"rendered":"<p>VISSZA AZ EL\u0150Z\u0150 OLDALRA K\u00f6z\u00e9piskolai tanul\u00f3k, f\u0151iskolai vagy egyetemi hallgat\u00f3k r\u00e9sz\u00e9re Es\u00e9ly Otthon p\u00e1ly\u00e1zati felh\u00edv\u00e1s 2018. j\u00falius 31 Es\u00e9ly Otthon p\u00e1ly\u00e1zati felh\u00edv\u00e1s 2019. szeptember 20 P\u00e1ly\u00e1zati adatlap \u00e9s nyilatkozatok 2018. j\u00falius 31 P\u00e1ly\u00e1zati adatlap \u00e9s nyilatkozatok 2019. szeptember 20 Telep\u00fcl\u00e9sen \u00e9l\u0151 szakemberek r\u00e9sz\u00e9re Es\u00e9ly Otthon p\u00e1ly\u00e1zati felh\u00edv\u00e1s 2018. november 9 Es\u00e9ly Otthon p\u00e1ly\u00e1zati felh\u00edv\u00e1s 2019.&hellip;<\/p>\n","protected":false},"author":1,"featured_media":0,"parent":118,"menu_order":0,"comment_status":"closed","ping_status":"closed","template":"","meta":{"footnotes":""},"class_list":["post-217","page","type-page","status-publish","hentry","entry","no-media"],"_links":{"self":[{"href":"https:\/\/palyazat.jaszalsoszentgyorgy.hu\/index.php?rest_route=\/wp\/v2\/pages\/217","targetHints":{"allow":["GET"]}}],"collection":[{"href":"https:\/\/palyazat.jaszalsoszentgyorgy.hu\/index.php?rest_route=\/wp\/v2\/pages"}],"about":[{"href":"https:\/\/palyazat.jaszalsoszentgyorgy.hu\/index.php?rest_route=\/wp\/v2\/types\/page"}],"author":[{"embeddable":true,"href":"https:\/\/palyazat.jaszalsoszentgyorgy.hu\/index.php?rest_route=\/wp\/v2\/users\/1"}],"replies":[{"embeddable":true,"href":"https:\/\/palyazat.jaszalsoszentgyorgy.hu\/index.php?rest_route=%2Fwp%2Fv2%2Fcomments&post=217"}],"version-history":[{"count":0,"href":"https:\/\/palyazat.jaszalsoszentgyorgy.hu\/index.php?rest_route=\/wp\/v2\/pages\/217\/revisions"}],"up":[{"embeddable":true,"href":"https:\/\/palyazat.jaszalsoszentgyorgy.hu\/index.php?rest_route=\/wp\/v2\/pages\/118"}],"wp:attachment":[{"href":"https:\/\/palyazat.jaszalsoszentgyorgy.hu\/index.php?rest_route=%2Fwp%2Fv2%2Fmedia&parent=217"}],"curies":[{"name":"wp","href":"https:\/\/api.w.org\/{rel}","templated":true}]}}