{"id":221,"date":"2022-05-03T07:01:51","date_gmt":"2022-05-03T07:01:51","guid":{"rendered":"http:\/\/palyazat.jaszalsoszentgyorgy.hu\/?page_id=221"},"modified":"2022-05-04T06:28:04","modified_gmt":"2022-05-04T06:28:04","slug":"fecskelakasok-felujitasa-atalakitasa","status":"publish","type":"page","link":"https:\/\/palyazat.jaszalsoszentgyorgy.hu\/?page_id=221","title":{"rendered":"Fecskelak\u00e1sok fel\u00faj\u00edt\u00e1sa, \u00e1talak\u00edt\u00e1sa"},"content":{"rendered":"<h2><span style=\"font-size: 10px; font-family: 'book antiqua', palatino, serif; color: #3366ff;\"><a style=\"color: #3366ff;\" href=\"http:\/\/palyazat.jaszalsoszentgyorgy.hu\/?page_id=118\">VISSZA AZ EL\u0150Z\u0150 OLDALRA<\/a><\/span><\/h2>\n<p><a href=\"http:\/\/palyazat.jaszalsoszentgyorgy.hu\/wp-content\/uploads\/2022\/05\/fecske_lak_paly_felhivas.pdf\"><span style=\"font-size: 13px;\">P\u00e1ly\u00e1zati felh\u00edv\u00e1s<\/span><\/a><\/p>\n<p>__________________________________________________________________<\/p>\n<p><strong><span style=\"font-size: 13px;\">Fot\u00f3k<\/span><\/strong><\/p>\n<p><span style=\"text-decoration: underline;\"><a style=\"text-decoration-line: underline;\" href=\"http:\/\/palyazat.jaszalsoszentgyorgy.hu\/?page_id=303\"><strong><span style=\"font-size: 13px;\">F\u0151 \u00fat 103<\/span><\/strong><\/a><\/span><\/p>\n<p><span style=\"text-decoration: underline;\"><a style=\"text-decoration-line: underline;\" href=\"http:\/\/palyazat.jaszalsoszentgyorgy.hu\/?page_id=300\"><span style=\"font-size: 13px;\"><strong>R\u00e1k\u00f3czi \u00fat 14<\/strong><\/span><\/a><\/span><\/p>\n<p><span style=\"text-decoration: underline;\"><a href=\"http:\/\/palyazat.jaszalsoszentgyorgy.hu\/?page_id=305\"><strong><span style=\"font-size: 13px;\">Radn\u00f3ti \u00fat 13<\/span><\/strong><\/a><\/span><\/p>\n<p><span style=\"text-decoration: underline;\"><a href=\"http:\/\/palyazat.jaszalsoszentgyorgy.hu\/?page_id=307\"><strong><span style=\"font-size: 13px;\">Radn\u00f3ti \u00fat 14<\/span><\/strong><\/a><\/span><\/p>\n","protected":false},"excerpt":{"rendered":"<p>VISSZA AZ EL\u0150Z\u0150 OLDALRA P\u00e1ly\u00e1zati felh\u00edv\u00e1s __________________________________________________________________ Fot\u00f3k F\u0151 \u00fat 103 R\u00e1k\u00f3czi \u00fat 14 Radn\u00f3ti \u00fat 13 Radn\u00f3ti \u00fat 14<\/p>\n","protected":false},"author":1,"featured_media":0,"parent":118,"menu_order":0,"comment_status":"closed","ping_status":"closed","template":"","meta":{"footnotes":""},"class_list":["post-221","page","type-page","status-publish","hentry","entry","no-media"],"_links":{"self":[{"href":"https:\/\/palyazat.jaszalsoszentgyorgy.hu\/index.php?rest_route=\/wp\/v2\/pages\/221","targetHints":{"allow":["GET"]}}],"collection":[{"href":"https:\/\/palyazat.jaszalsoszentgyorgy.hu\/index.php?rest_route=\/wp\/v2\/pages"}],"about":[{"href":"https:\/\/palyazat.jaszalsoszentgyorgy.hu\/index.php?rest_route=\/wp\/v2\/types\/page"}],"author":[{"embeddable":true,"href":"https:\/\/palyazat.jaszalsoszentgyorgy.hu\/index.php?rest_route=\/wp\/v2\/users\/1"}],"replies":[{"embeddable":true,"href":"https:\/\/palyazat.jaszalsoszentgyorgy.hu\/index.php?rest_route=%2Fwp%2Fv2%2Fcomments&post=221"}],"version-history":[{"count":0,"href":"https:\/\/palyazat.jaszalsoszentgyorgy.hu\/index.php?rest_route=\/wp\/v2\/pages\/221\/revisions"}],"up":[{"embeddable":true,"href":"https:\/\/palyazat.jaszalsoszentgyorgy.hu\/index.php?rest_route=\/wp\/v2\/pages\/118"}],"wp:attachment":[{"href":"https:\/\/palyazat.jaszalsoszentgyorgy.hu\/index.php?rest_route=%2Fwp%2Fv2%2Fmedia&parent=221"}],"curies":[{"name":"wp","href":"https:\/\/api.w.org\/{rel}","templated":true}]}}