{"id":300,"date":"2022-05-04T06:18:57","date_gmt":"2022-05-04T06:18:57","guid":{"rendered":"http:\/\/palyazat.jaszalsoszentgyorgy.hu\/?page_id=300"},"modified":"2022-05-04T06:43:30","modified_gmt":"2022-05-04T06:43:30","slug":"rakoczi-ut-14","status":"publish","type":"page","link":"https:\/\/palyazat.jaszalsoszentgyorgy.hu\/?page_id=300","title":{"rendered":"R\u00e1k\u00f3czi \u00fat 14"},"content":{"rendered":"<h2><span style=\"font-size: 10px; font-family: 'book antiqua', palatino, serif; color: #3366ff;\"><a style=\"color: #3366ff;\" href=\"http:\/\/palyazat.jaszalsoszentgyorgy.hu\/?page_id=221\">VISSZA AZ EL\u0150Z\u0150 OLDALRA<\/a><\/span><\/h2>\n<p><strong><span style=\"font-size: 16px;\">R\u00e1k\u00f3czi \u00fat 14<\/span><\/strong><\/p>\n<p><span style=\"text-decoration: underline;\"><strong><span style=\"font-size: 13px;\">Eredeti \u00e1llapot<\/span><\/strong><\/span><\/p>\n<p><img loading=\"lazy\" decoding=\"async\" class=\"size-medium wp-image-285 alignleft\" src=\"http:\/\/palyazat.jaszalsoszentgyorgy.hu\/wp-content\/uploads\/2022\/05\/eredetiallapot1-300x169.jpg\" alt=\"\" width=\"300\" height=\"169\" srcset=\"https:\/\/palyazat.jaszalsoszentgyorgy.hu\/wp-content\/uploads\/2022\/05\/eredetiallapot1-300x169.jpg 300w, https:\/\/palyazat.jaszalsoszentgyorgy.hu\/wp-content\/uploads\/2022\/05\/eredetiallapot1-1024x577.jpg 1024w, https:\/\/palyazat.jaszalsoszentgyorgy.hu\/wp-content\/uploads\/2022\/05\/eredetiallapot1-768x433.jpg 768w, https:\/\/palyazat.jaszalsoszentgyorgy.hu\/wp-content\/uploads\/2022\/05\/eredetiallapot1-1536x866.jpg 1536w, https:\/\/palyazat.jaszalsoszentgyorgy.hu\/wp-content\/uploads\/2022\/05\/eredetiallapot1-2048x1155.jpg 2048w\" sizes=\"auto, (max-width: 300px) 100vw, 300px\" \/><img loading=\"lazy\" decoding=\"async\" class=\"size-medium wp-image-286 alignleft\" src=\"http:\/\/palyazat.jaszalsoszentgyorgy.hu\/wp-content\/uploads\/2022\/05\/eredetiallapot4-300x169.jpg\" alt=\"\" width=\"300\" height=\"169\" srcset=\"https:\/\/palyazat.jaszalsoszentgyorgy.hu\/wp-content\/uploads\/2022\/05\/eredetiallapot4-300x169.jpg 300w, https:\/\/palyazat.jaszalsoszentgyorgy.hu\/wp-content\/uploads\/2022\/05\/eredetiallapot4-1024x577.jpg 1024w, https:\/\/palyazat.jaszalsoszentgyorgy.hu\/wp-content\/uploads\/2022\/05\/eredetiallapot4-768x433.jpg 768w, https:\/\/palyazat.jaszalsoszentgyorgy.hu\/wp-content\/uploads\/2022\/05\/eredetiallapot4-1536x866.jpg 1536w, https:\/\/palyazat.jaszalsoszentgyorgy.hu\/wp-content\/uploads\/2022\/05\/eredetiallapot4-2048x1155.jpg 2048w\" sizes=\"auto, (max-width: 300px) 100vw, 300px\" \/><\/p>\n<p>&nbsp;<\/p>\n<p>&nbsp;<\/p>\n<p>&nbsp;<\/p>\n<p>&nbsp;<\/p>\n<p>&nbsp;<\/p>\n<p><span style=\"text-decoration: underline;\"><strong><span style=\"font-size: 13px;\">Munk\u00e1latok<\/span><\/strong><\/span><\/p>\n<p><img loading=\"lazy\" decoding=\"async\" class=\"alignleft size-medium wp-image-287\" src=\"http:\/\/palyazat.jaszalsoszentgyorgy.hu\/wp-content\/uploads\/2022\/05\/munkakozben1-225x300.jpg\" alt=\"\" width=\"225\" height=\"300\" srcset=\"https:\/\/palyazat.jaszalsoszentgyorgy.hu\/wp-content\/uploads\/2022\/05\/munkakozben1-225x300.jpg 225w, https:\/\/palyazat.jaszalsoszentgyorgy.hu\/wp-content\/uploads\/2022\/05\/munkakozben1-768x1024.jpg 768w, https:\/\/palyazat.jaszalsoszentgyorgy.hu\/wp-content\/uploads\/2022\/05\/munkakozben1-1152x1536.jpg 1152w, https:\/\/palyazat.jaszalsoszentgyorgy.hu\/wp-content\/uploads\/2022\/05\/munkakozben1-1536x2048.jpg 1536w, https:\/\/palyazat.jaszalsoszentgyorgy.hu\/wp-content\/uploads\/2022\/05\/munkakozben1-scaled.jpg 1920w\" sizes=\"auto, (max-width: 225px) 100vw, 225px\" \/><img loading=\"lazy\" decoding=\"async\" class=\"alignleft size-medium wp-image-288\" src=\"http:\/\/palyazat.jaszalsoszentgyorgy.hu\/wp-content\/uploads\/2022\/05\/munkakozben2-225x300.jpg\" alt=\"\" width=\"225\" height=\"300\" srcset=\"https:\/\/palyazat.jaszalsoszentgyorgy.hu\/wp-content\/uploads\/2022\/05\/munkakozben2-225x300.jpg 225w, https:\/\/palyazat.jaszalsoszentgyorgy.hu\/wp-content\/uploads\/2022\/05\/munkakozben2-768x1024.jpg 768w, https:\/\/palyazat.jaszalsoszentgyorgy.hu\/wp-content\/uploads\/2022\/05\/munkakozben2-1152x1536.jpg 1152w, https:\/\/palyazat.jaszalsoszentgyorgy.hu\/wp-content\/uploads\/2022\/05\/munkakozben2-1536x2048.jpg 1536w, https:\/\/palyazat.jaszalsoszentgyorgy.hu\/wp-content\/uploads\/2022\/05\/munkakozben2-scaled.jpg 1920w\" sizes=\"auto, (max-width: 225px) 100vw, 225px\" \/><img loading=\"lazy\" decoding=\"async\" class=\"alignleft size-medium wp-image-289\" src=\"http:\/\/palyazat.jaszalsoszentgyorgy.hu\/wp-content\/uploads\/2022\/05\/munkakozben3-225x300.jpg\" alt=\"\" width=\"225\" height=\"300\" srcset=\"https:\/\/palyazat.jaszalsoszentgyorgy.hu\/wp-content\/uploads\/2022\/05\/munkakozben3-225x300.jpg 225w, https:\/\/palyazat.jaszalsoszentgyorgy.hu\/wp-content\/uploads\/2022\/05\/munkakozben3-768x1024.jpg 768w, https:\/\/palyazat.jaszalsoszentgyorgy.hu\/wp-content\/uploads\/2022\/05\/munkakozben3-1152x1536.jpg 1152w, https:\/\/palyazat.jaszalsoszentgyorgy.hu\/wp-content\/uploads\/2022\/05\/munkakozben3-1536x2048.jpg 1536w, https:\/\/palyazat.jaszalsoszentgyorgy.hu\/wp-content\/uploads\/2022\/05\/munkakozben3-scaled.jpg 1920w\" sizes=\"auto, (max-width: 225px) 100vw, 225px\" \/><img loading=\"lazy\" decoding=\"async\" class=\"alignleft size-medium wp-image-290\" src=\"http:\/\/palyazat.jaszalsoszentgyorgy.hu\/wp-content\/uploads\/2022\/05\/munkakozben4-225x300.jpg\" alt=\"\" width=\"225\" height=\"300\" srcset=\"https:\/\/palyazat.jaszalsoszentgyorgy.hu\/wp-content\/uploads\/2022\/05\/munkakozben4-225x300.jpg 225w, https:\/\/palyazat.jaszalsoszentgyorgy.hu\/wp-content\/uploads\/2022\/05\/munkakozben4-768x1024.jpg 768w, https:\/\/palyazat.jaszalsoszentgyorgy.hu\/wp-content\/uploads\/2022\/05\/munkakozben4-1152x1536.jpg 1152w, https:\/\/palyazat.jaszalsoszentgyorgy.hu\/wp-content\/uploads\/2022\/05\/munkakozben4-1536x2048.jpg 1536w, https:\/\/palyazat.jaszalsoszentgyorgy.hu\/wp-content\/uploads\/2022\/05\/munkakozben4-scaled.jpg 1920w\" sizes=\"auto, (max-width: 225px) 100vw, 225px\" \/><\/p>\n<p><span style=\"text-decoration: underline;\"><strong><span style=\"font-size: 13px;\">Elk\u00e9sz\u00fclt<\/span><\/strong><\/span><\/p>\n<p><img loading=\"lazy\" decoding=\"async\" class=\"alignleft size-medium wp-image-291\" src=\"http:\/\/palyazat.jaszalsoszentgyorgy.hu\/wp-content\/uploads\/2022\/05\/elkeszult1-300x225.jpg\" alt=\"\" width=\"300\" height=\"225\" srcset=\"https:\/\/palyazat.jaszalsoszentgyorgy.hu\/wp-content\/uploads\/2022\/05\/elkeszult1-300x225.jpg 300w, https:\/\/palyazat.jaszalsoszentgyorgy.hu\/wp-content\/uploads\/2022\/05\/elkeszult1-1024x768.jpg 1024w, https:\/\/palyazat.jaszalsoszentgyorgy.hu\/wp-content\/uploads\/2022\/05\/elkeszult1-768x576.jpg 768w, https:\/\/palyazat.jaszalsoszentgyorgy.hu\/wp-content\/uploads\/2022\/05\/elkeszult1-1536x1152.jpg 1536w, https:\/\/palyazat.jaszalsoszentgyorgy.hu\/wp-content\/uploads\/2022\/05\/elkeszult1-2048x1536.jpg 2048w\" sizes=\"auto, (max-width: 300px) 100vw, 300px\" \/><img loading=\"lazy\" decoding=\"async\" class=\"alignleft size-medium wp-image-292\" src=\"http:\/\/palyazat.jaszalsoszentgyorgy.hu\/wp-content\/uploads\/2022\/05\/elkeszult2-300x225.jpg\" alt=\"\" width=\"300\" height=\"225\" srcset=\"https:\/\/palyazat.jaszalsoszentgyorgy.hu\/wp-content\/uploads\/2022\/05\/elkeszult2-300x225.jpg 300w, https:\/\/palyazat.jaszalsoszentgyorgy.hu\/wp-content\/uploads\/2022\/05\/elkeszult2-1024x768.jpg 1024w, https:\/\/palyazat.jaszalsoszentgyorgy.hu\/wp-content\/uploads\/2022\/05\/elkeszult2-768x576.jpg 768w, https:\/\/palyazat.jaszalsoszentgyorgy.hu\/wp-content\/uploads\/2022\/05\/elkeszult2-1536x1152.jpg 1536w, https:\/\/palyazat.jaszalsoszentgyorgy.hu\/wp-content\/uploads\/2022\/05\/elkeszult2-2048x1536.jpg 2048w\" sizes=\"auto, (max-width: 300px) 100vw, 300px\" \/><img loading=\"lazy\" decoding=\"async\" class=\"alignleft size-medium wp-image-293\" src=\"http:\/\/palyazat.jaszalsoszentgyorgy.hu\/wp-content\/uploads\/2022\/05\/elkeszult3-300x225.jpg\" alt=\"\" width=\"300\" height=\"225\" srcset=\"https:\/\/palyazat.jaszalsoszentgyorgy.hu\/wp-content\/uploads\/2022\/05\/elkeszult3-300x225.jpg 300w, https:\/\/palyazat.jaszalsoszentgyorgy.hu\/wp-content\/uploads\/2022\/05\/elkeszult3-1024x768.jpg 1024w, https:\/\/palyazat.jaszalsoszentgyorgy.hu\/wp-content\/uploads\/2022\/05\/elkeszult3-768x576.jpg 768w, https:\/\/palyazat.jaszalsoszentgyorgy.hu\/wp-content\/uploads\/2022\/05\/elkeszult3-1536x1152.jpg 1536w, https:\/\/palyazat.jaszalsoszentgyorgy.hu\/wp-content\/uploads\/2022\/05\/elkeszult3-2048x1536.jpg 2048w\" sizes=\"auto, (max-width: 300px) 100vw, 300px\" \/><img loading=\"lazy\" decoding=\"async\" class=\"alignleft size-medium wp-image-294\" src=\"http:\/\/palyazat.jaszalsoszentgyorgy.hu\/wp-content\/uploads\/2022\/05\/elkeszult4-300x225.jpg\" alt=\"\" width=\"300\" height=\"225\" srcset=\"https:\/\/palyazat.jaszalsoszentgyorgy.hu\/wp-content\/uploads\/2022\/05\/elkeszult4-300x225.jpg 300w, https:\/\/palyazat.jaszalsoszentgyorgy.hu\/wp-content\/uploads\/2022\/05\/elkeszult4-1024x768.jpg 1024w, https:\/\/palyazat.jaszalsoszentgyorgy.hu\/wp-content\/uploads\/2022\/05\/elkeszult4-768x576.jpg 768w, https:\/\/palyazat.jaszalsoszentgyorgy.hu\/wp-content\/uploads\/2022\/05\/elkeszult4-1536x1152.jpg 1536w, https:\/\/palyazat.jaszalsoszentgyorgy.hu\/wp-content\/uploads\/2022\/05\/elkeszult4-2048x1536.jpg 2048w\" sizes=\"auto, (max-width: 300px) 100vw, 300px\" \/><img loading=\"lazy\" decoding=\"async\" class=\"alignleft size-medium wp-image-295\" src=\"http:\/\/palyazat.jaszalsoszentgyorgy.hu\/wp-content\/uploads\/2022\/05\/elkeszult5-300x225.jpg\" alt=\"\" width=\"300\" height=\"225\" srcset=\"https:\/\/palyazat.jaszalsoszentgyorgy.hu\/wp-content\/uploads\/2022\/05\/elkeszult5-300x225.jpg 300w, https:\/\/palyazat.jaszalsoszentgyorgy.hu\/wp-content\/uploads\/2022\/05\/elkeszult5-1024x768.jpg 1024w, https:\/\/palyazat.jaszalsoszentgyorgy.hu\/wp-content\/uploads\/2022\/05\/elkeszult5-768x576.jpg 768w, https:\/\/palyazat.jaszalsoszentgyorgy.hu\/wp-content\/uploads\/2022\/05\/elkeszult5-1536x1152.jpg 1536w, https:\/\/palyazat.jaszalsoszentgyorgy.hu\/wp-content\/uploads\/2022\/05\/elkeszult5-2048x1536.jpg 2048w\" sizes=\"auto, (max-width: 300px) 100vw, 300px\" \/><img loading=\"lazy\" decoding=\"async\" class=\"alignleft size-medium wp-image-296\" src=\"http:\/\/palyazat.jaszalsoszentgyorgy.hu\/wp-content\/uploads\/2022\/05\/elkeszult6-300x225.jpg\" alt=\"\" width=\"300\" height=\"225\" srcset=\"https:\/\/palyazat.jaszalsoszentgyorgy.hu\/wp-content\/uploads\/2022\/05\/elkeszult6-300x225.jpg 300w, https:\/\/palyazat.jaszalsoszentgyorgy.hu\/wp-content\/uploads\/2022\/05\/elkeszult6-1024x768.jpg 1024w, https:\/\/palyazat.jaszalsoszentgyorgy.hu\/wp-content\/uploads\/2022\/05\/elkeszult6-768x576.jpg 768w, https:\/\/palyazat.jaszalsoszentgyorgy.hu\/wp-content\/uploads\/2022\/05\/elkeszult6-1536x1152.jpg 1536w, https:\/\/palyazat.jaszalsoszentgyorgy.hu\/wp-content\/uploads\/2022\/05\/elkeszult6-2048x1536.jpg 2048w\" sizes=\"auto, (max-width: 300px) 100vw, 300px\" \/><\/p>\n","protected":false},"excerpt":{"rendered":"<p>VISSZA AZ EL\u0150Z\u0150 OLDALRA R\u00e1k\u00f3czi \u00fat 14 Eredeti \u00e1llapot &nbsp; &nbsp; &nbsp; &nbsp; &nbsp; Munk\u00e1latok Elk\u00e9sz\u00fclt<\/p>\n","protected":false},"author":1,"featured_media":0,"parent":221,"menu_order":0,"comment_status":"closed","ping_status":"closed","template":"","meta":{"footnotes":""},"class_list":["post-300","page","type-page","status-publish","hentry","entry","no-media"],"_links":{"self":[{"href":"https:\/\/palyazat.jaszalsoszentgyorgy.hu\/index.php?rest_route=\/wp\/v2\/pages\/300","targetHints":{"allow":["GET"]}}],"collection":[{"href":"https:\/\/palyazat.jaszalsoszentgyorgy.hu\/index.php?rest_route=\/wp\/v2\/pages"}],"about":[{"href":"https:\/\/palyazat.jaszalsoszentgyorgy.hu\/index.php?rest_route=\/wp\/v2\/types\/page"}],"author":[{"embeddable":true,"href":"https:\/\/palyazat.jaszalsoszentgyorgy.hu\/index.php?rest_route=\/wp\/v2\/users\/1"}],"replies":[{"embeddable":true,"href":"https:\/\/palyazat.jaszalsoszentgyorgy.hu\/index.php?rest_route=%2Fwp%2Fv2%2Fcomments&post=300"}],"version-history":[{"count":0,"href":"https:\/\/palyazat.jaszalsoszentgyorgy.hu\/index.php?rest_route=\/wp\/v2\/pages\/300\/revisions"}],"up":[{"embeddable":true,"href":"https:\/\/palyazat.jaszalsoszentgyorgy.hu\/index.php?rest_route=\/wp\/v2\/pages\/221"}],"wp:attachment":[{"href":"https:\/\/palyazat.jaszalsoszentgyorgy.hu\/index.php?rest_route=%2Fwp%2Fv2%2Fmedia&parent=300"}],"curies":[{"name":"wp","href":"https:\/\/api.w.org\/{rel}","templated":true}]}}