{"id":305,"date":"2022-05-04T06:24:55","date_gmt":"2022-05-04T06:24:55","guid":{"rendered":"http:\/\/palyazat.jaszalsoszentgyorgy.hu\/?page_id=305"},"modified":"2022-05-04T06:42:54","modified_gmt":"2022-05-04T06:42:54","slug":"radnoti-ut-13","status":"publish","type":"page","link":"https:\/\/palyazat.jaszalsoszentgyorgy.hu\/?page_id=305","title":{"rendered":"Radn\u00f3ti \u00fat 13"},"content":{"rendered":"<h2><span style=\"font-size: 10px; font-family: 'book antiqua', palatino, serif; color: #3366ff;\"><a style=\"color: #3366ff;\" href=\"http:\/\/palyazat.jaszalsoszentgyorgy.hu\/?page_id=221\">VISSZA AZ EL\u0150Z\u0150 OLDALRA<\/a><\/span><\/h2>\n<p><strong><span style=\"font-size: 16px;\">Radn\u00f3ti \u00fat 13<\/span><\/strong><\/p>\n<p><span style=\"text-decoration: underline;\"><strong><span style=\"font-size: 13px;\">Eredeti \u00e1llapot<\/span><\/strong><\/span><\/p>\n<p><img loading=\"lazy\" decoding=\"async\" class=\"alignleft size-medium wp-image-327\" src=\"http:\/\/palyazat.jaszalsoszentgyorgy.hu\/wp-content\/uploads\/2022\/05\/eredetiallapot1-2-300x169.jpg\" alt=\"\" width=\"300\" height=\"169\" srcset=\"https:\/\/palyazat.jaszalsoszentgyorgy.hu\/wp-content\/uploads\/2022\/05\/eredetiallapot1-2-300x169.jpg 300w, https:\/\/palyazat.jaszalsoszentgyorgy.hu\/wp-content\/uploads\/2022\/05\/eredetiallapot1-2-1024x577.jpg 1024w, https:\/\/palyazat.jaszalsoszentgyorgy.hu\/wp-content\/uploads\/2022\/05\/eredetiallapot1-2-768x433.jpg 768w, https:\/\/palyazat.jaszalsoszentgyorgy.hu\/wp-content\/uploads\/2022\/05\/eredetiallapot1-2-1536x866.jpg 1536w, https:\/\/palyazat.jaszalsoszentgyorgy.hu\/wp-content\/uploads\/2022\/05\/eredetiallapot1-2-2048x1155.jpg 2048w\" sizes=\"auto, (max-width: 300px) 100vw, 300px\" \/><img loading=\"lazy\" decoding=\"async\" class=\"alignleft size-medium wp-image-328\" src=\"http:\/\/palyazat.jaszalsoszentgyorgy.hu\/wp-content\/uploads\/2022\/05\/eredetiallapot9-300x169.jpg\" alt=\"\" width=\"300\" height=\"169\" srcset=\"https:\/\/palyazat.jaszalsoszentgyorgy.hu\/wp-content\/uploads\/2022\/05\/eredetiallapot9-300x169.jpg 300w, https:\/\/palyazat.jaszalsoszentgyorgy.hu\/wp-content\/uploads\/2022\/05\/eredetiallapot9-1024x577.jpg 1024w, https:\/\/palyazat.jaszalsoszentgyorgy.hu\/wp-content\/uploads\/2022\/05\/eredetiallapot9-768x433.jpg 768w, https:\/\/palyazat.jaszalsoszentgyorgy.hu\/wp-content\/uploads\/2022\/05\/eredetiallapot9-1536x866.jpg 1536w, https:\/\/palyazat.jaszalsoszentgyorgy.hu\/wp-content\/uploads\/2022\/05\/eredetiallapot9-2048x1155.jpg 2048w\" sizes=\"auto, (max-width: 300px) 100vw, 300px\" \/><img loading=\"lazy\" decoding=\"async\" class=\"alignleft size-medium wp-image-329\" src=\"http:\/\/palyazat.jaszalsoszentgyorgy.hu\/wp-content\/uploads\/2022\/05\/eredetiallapot11-300x169.jpg\" alt=\"\" width=\"300\" height=\"169\" srcset=\"https:\/\/palyazat.jaszalsoszentgyorgy.hu\/wp-content\/uploads\/2022\/05\/eredetiallapot11-300x169.jpg 300w, https:\/\/palyazat.jaszalsoszentgyorgy.hu\/wp-content\/uploads\/2022\/05\/eredetiallapot11-1024x577.jpg 1024w, https:\/\/palyazat.jaszalsoszentgyorgy.hu\/wp-content\/uploads\/2022\/05\/eredetiallapot11-768x433.jpg 768w, https:\/\/palyazat.jaszalsoszentgyorgy.hu\/wp-content\/uploads\/2022\/05\/eredetiallapot11-1536x866.jpg 1536w, https:\/\/palyazat.jaszalsoszentgyorgy.hu\/wp-content\/uploads\/2022\/05\/eredetiallapot11-2048x1155.jpg 2048w\" sizes=\"auto, (max-width: 300px) 100vw, 300px\" \/><\/p>\n<p>&nbsp;<\/p>\n<p>&nbsp;<\/p>\n<p>&nbsp;<\/p>\n<p>&nbsp;<\/p>\n<p>&nbsp;<\/p>\n<p><span style=\"text-decoration: underline;\"><strong><span style=\"font-size: 13px;\">Munk\u00e1latok<\/span><\/strong><\/span><\/p>\n<p><img loading=\"lazy\" decoding=\"async\" class=\"alignleft size-medium wp-image-330\" src=\"http:\/\/palyazat.jaszalsoszentgyorgy.hu\/wp-content\/uploads\/2022\/05\/munka-kozben-1-225x300.jpg\" alt=\"\" width=\"225\" height=\"300\" srcset=\"https:\/\/palyazat.jaszalsoszentgyorgy.hu\/wp-content\/uploads\/2022\/05\/munka-kozben-1-225x300.jpg 225w, https:\/\/palyazat.jaszalsoszentgyorgy.hu\/wp-content\/uploads\/2022\/05\/munka-kozben-1-768x1024.jpg 768w, https:\/\/palyazat.jaszalsoszentgyorgy.hu\/wp-content\/uploads\/2022\/05\/munka-kozben-1-1152x1536.jpg 1152w, https:\/\/palyazat.jaszalsoszentgyorgy.hu\/wp-content\/uploads\/2022\/05\/munka-kozben-1-1536x2048.jpg 1536w, https:\/\/palyazat.jaszalsoszentgyorgy.hu\/wp-content\/uploads\/2022\/05\/munka-kozben-1-scaled.jpg 1920w\" sizes=\"auto, (max-width: 225px) 100vw, 225px\" \/><img loading=\"lazy\" decoding=\"async\" class=\"alignleft size-medium wp-image-331\" src=\"http:\/\/palyazat.jaszalsoszentgyorgy.hu\/wp-content\/uploads\/2022\/05\/munka-kozben-3-225x300.jpg\" alt=\"\" width=\"225\" height=\"300\" srcset=\"https:\/\/palyazat.jaszalsoszentgyorgy.hu\/wp-content\/uploads\/2022\/05\/munka-kozben-3-225x300.jpg 225w, https:\/\/palyazat.jaszalsoszentgyorgy.hu\/wp-content\/uploads\/2022\/05\/munka-kozben-3-768x1024.jpg 768w, https:\/\/palyazat.jaszalsoszentgyorgy.hu\/wp-content\/uploads\/2022\/05\/munka-kozben-3-1152x1536.jpg 1152w, https:\/\/palyazat.jaszalsoszentgyorgy.hu\/wp-content\/uploads\/2022\/05\/munka-kozben-3-1536x2048.jpg 1536w, https:\/\/palyazat.jaszalsoszentgyorgy.hu\/wp-content\/uploads\/2022\/05\/munka-kozben-3-scaled.jpg 1920w\" sizes=\"auto, (max-width: 225px) 100vw, 225px\" \/><img loading=\"lazy\" decoding=\"async\" class=\"alignleft size-medium wp-image-332\" src=\"http:\/\/palyazat.jaszalsoszentgyorgy.hu\/wp-content\/uploads\/2022\/05\/munka-kozben2-225x300.jpg\" alt=\"\" width=\"225\" height=\"300\" srcset=\"https:\/\/palyazat.jaszalsoszentgyorgy.hu\/wp-content\/uploads\/2022\/05\/munka-kozben2-225x300.jpg 225w, https:\/\/palyazat.jaszalsoszentgyorgy.hu\/wp-content\/uploads\/2022\/05\/munka-kozben2-768x1024.jpg 768w, https:\/\/palyazat.jaszalsoszentgyorgy.hu\/wp-content\/uploads\/2022\/05\/munka-kozben2-1152x1536.jpg 1152w, https:\/\/palyazat.jaszalsoszentgyorgy.hu\/wp-content\/uploads\/2022\/05\/munka-kozben2-1536x2048.jpg 1536w, https:\/\/palyazat.jaszalsoszentgyorgy.hu\/wp-content\/uploads\/2022\/05\/munka-kozben2-scaled.jpg 1920w\" sizes=\"auto, (max-width: 225px) 100vw, 225px\" \/><\/p>\n<p>&nbsp;<\/p>\n<p>&nbsp;<\/p>\n<p>&nbsp;<\/p>\n<p>&nbsp;<\/p>\n<p>&nbsp;<\/p>\n<p>&nbsp;<\/p>\n<p>&nbsp;<\/p>\n<p>&nbsp;<\/p>\n<p>&nbsp;<\/p>\n<p><span style=\"text-decoration: underline;\"><strong><span style=\"font-size: 13px;\">Elk\u00e9sz\u00fclt<\/span><\/strong><\/span><\/p>\n<p><img loading=\"lazy\" decoding=\"async\" class=\"alignleft size-medium wp-image-333\" src=\"http:\/\/palyazat.jaszalsoszentgyorgy.hu\/wp-content\/uploads\/2022\/05\/elkeszult1-2-300x225.jpg\" alt=\"\" width=\"300\" height=\"225\" srcset=\"https:\/\/palyazat.jaszalsoszentgyorgy.hu\/wp-content\/uploads\/2022\/05\/elkeszult1-2-300x225.jpg 300w, https:\/\/palyazat.jaszalsoszentgyorgy.hu\/wp-content\/uploads\/2022\/05\/elkeszult1-2-1024x768.jpg 1024w, https:\/\/palyazat.jaszalsoszentgyorgy.hu\/wp-content\/uploads\/2022\/05\/elkeszult1-2-768x576.jpg 768w, https:\/\/palyazat.jaszalsoszentgyorgy.hu\/wp-content\/uploads\/2022\/05\/elkeszult1-2-1536x1152.jpg 1536w, https:\/\/palyazat.jaszalsoszentgyorgy.hu\/wp-content\/uploads\/2022\/05\/elkeszult1-2-2048x1536.jpg 2048w\" sizes=\"auto, (max-width: 300px) 100vw, 300px\" \/><img loading=\"lazy\" decoding=\"async\" class=\"alignleft size-medium wp-image-334\" src=\"http:\/\/palyazat.jaszalsoszentgyorgy.hu\/wp-content\/uploads\/2022\/05\/elkeszult2-2-300x225.jpg\" alt=\"\" width=\"300\" height=\"225\" srcset=\"https:\/\/palyazat.jaszalsoszentgyorgy.hu\/wp-content\/uploads\/2022\/05\/elkeszult2-2-300x225.jpg 300w, https:\/\/palyazat.jaszalsoszentgyorgy.hu\/wp-content\/uploads\/2022\/05\/elkeszult2-2-1024x768.jpg 1024w, https:\/\/palyazat.jaszalsoszentgyorgy.hu\/wp-content\/uploads\/2022\/05\/elkeszult2-2-768x576.jpg 768w, https:\/\/palyazat.jaszalsoszentgyorgy.hu\/wp-content\/uploads\/2022\/05\/elkeszult2-2-1536x1152.jpg 1536w, https:\/\/palyazat.jaszalsoszentgyorgy.hu\/wp-content\/uploads\/2022\/05\/elkeszult2-2-2048x1536.jpg 2048w\" sizes=\"auto, (max-width: 300px) 100vw, 300px\" \/><img loading=\"lazy\" decoding=\"async\" class=\"alignleft size-medium wp-image-335\" src=\"http:\/\/palyazat.jaszalsoszentgyorgy.hu\/wp-content\/uploads\/2022\/05\/elkeszult3-2-300x225.jpg\" alt=\"\" width=\"300\" height=\"225\" srcset=\"https:\/\/palyazat.jaszalsoszentgyorgy.hu\/wp-content\/uploads\/2022\/05\/elkeszult3-2-300x225.jpg 300w, https:\/\/palyazat.jaszalsoszentgyorgy.hu\/wp-content\/uploads\/2022\/05\/elkeszult3-2-1024x768.jpg 1024w, https:\/\/palyazat.jaszalsoszentgyorgy.hu\/wp-content\/uploads\/2022\/05\/elkeszult3-2-768x576.jpg 768w, https:\/\/palyazat.jaszalsoszentgyorgy.hu\/wp-content\/uploads\/2022\/05\/elkeszult3-2-1536x1152.jpg 1536w, https:\/\/palyazat.jaszalsoszentgyorgy.hu\/wp-content\/uploads\/2022\/05\/elkeszult3-2-2048x1536.jpg 2048w\" sizes=\"auto, (max-width: 300px) 100vw, 300px\" \/><img loading=\"lazy\" decoding=\"async\" class=\"alignleft size-medium wp-image-336\" src=\"http:\/\/palyazat.jaszalsoszentgyorgy.hu\/wp-content\/uploads\/2022\/05\/elkeszult4-1-300x225.jpg\" alt=\"\" width=\"300\" height=\"225\" srcset=\"https:\/\/palyazat.jaszalsoszentgyorgy.hu\/wp-content\/uploads\/2022\/05\/elkeszult4-1-300x225.jpg 300w, https:\/\/palyazat.jaszalsoszentgyorgy.hu\/wp-content\/uploads\/2022\/05\/elkeszult4-1-1024x768.jpg 1024w, https:\/\/palyazat.jaszalsoszentgyorgy.hu\/wp-content\/uploads\/2022\/05\/elkeszult4-1-768x576.jpg 768w, https:\/\/palyazat.jaszalsoszentgyorgy.hu\/wp-content\/uploads\/2022\/05\/elkeszult4-1-1536x1152.jpg 1536w, https:\/\/palyazat.jaszalsoszentgyorgy.hu\/wp-content\/uploads\/2022\/05\/elkeszult4-1-2048x1536.jpg 2048w\" sizes=\"auto, (max-width: 300px) 100vw, 300px\" \/><\/p>\n<p>&nbsp;<\/p>\n<p>&nbsp;<\/p>\n<p>&nbsp;<\/p>\n<p>&nbsp;<\/p>\n<p>&nbsp;<\/p>\n<p>&nbsp;<\/p>\n<p>&nbsp;<\/p>\n<p>&nbsp;<\/p>\n<p>&nbsp;<\/p>\n<p>&nbsp;<\/p>\n<p>&nbsp;<\/p>\n<p>&nbsp;<\/p>\n<p>&nbsp;<\/p>\n<p>&nbsp;<\/p>\n<p>&nbsp;<\/p>\n<p>&nbsp;<\/p>\n<p>&nbsp;<\/p>\n<p>&nbsp;<\/p>\n<p>&nbsp;<\/p>\n<p>&nbsp;<\/p>\n<p>&nbsp;<\/p>\n<p>&nbsp;<\/p>\n","protected":false},"excerpt":{"rendered":"<p>VISSZA AZ EL\u0150Z\u0150 OLDALRA Radn\u00f3ti \u00fat 13 Eredeti \u00e1llapot &nbsp; &nbsp; &nbsp; &nbsp; &nbsp; Munk\u00e1latok &nbsp; &nbsp; &nbsp; &nbsp; &nbsp; &nbsp; &nbsp; &nbsp; &nbsp; Elk\u00e9sz\u00fclt &nbsp; &nbsp; &nbsp; &nbsp; &nbsp; &nbsp; &nbsp; &nbsp; &nbsp; &nbsp; &nbsp; &nbsp; &nbsp; &nbsp; &nbsp; &nbsp; &nbsp; &nbsp; &nbsp; &nbsp; &nbsp; &nbsp;<\/p>\n","protected":false},"author":1,"featured_media":0,"parent":221,"menu_order":0,"comment_status":"closed","ping_status":"closed","template":"","meta":{"footnotes":""},"class_list":["post-305","page","type-page","status-publish","hentry","entry","no-media"],"_links":{"self":[{"href":"https:\/\/palyazat.jaszalsoszentgyorgy.hu\/index.php?rest_route=\/wp\/v2\/pages\/305","targetHints":{"allow":["GET"]}}],"collection":[{"href":"https:\/\/palyazat.jaszalsoszentgyorgy.hu\/index.php?rest_route=\/wp\/v2\/pages"}],"about":[{"href":"https:\/\/palyazat.jaszalsoszentgyorgy.hu\/index.php?rest_route=\/wp\/v2\/types\/page"}],"author":[{"embeddable":true,"href":"https:\/\/palyazat.jaszalsoszentgyorgy.hu\/index.php?rest_route=\/wp\/v2\/users\/1"}],"replies":[{"embeddable":true,"href":"https:\/\/palyazat.jaszalsoszentgyorgy.hu\/index.php?rest_route=%2Fwp%2Fv2%2Fcomments&post=305"}],"version-history":[{"count":0,"href":"https:\/\/palyazat.jaszalsoszentgyorgy.hu\/index.php?rest_route=\/wp\/v2\/pages\/305\/revisions"}],"up":[{"embeddable":true,"href":"https:\/\/palyazat.jaszalsoszentgyorgy.hu\/index.php?rest_route=\/wp\/v2\/pages\/221"}],"wp:attachment":[{"href":"https:\/\/palyazat.jaszalsoszentgyorgy.hu\/index.php?rest_route=%2Fwp%2Fv2%2Fmedia&parent=305"}],"curies":[{"name":"wp","href":"https:\/\/api.w.org\/{rel}","templated":true}]}}