{"id":307,"date":"2022-05-04T06:25:14","date_gmt":"2022-05-04T06:25:14","guid":{"rendered":"http:\/\/palyazat.jaszalsoszentgyorgy.hu\/?page_id=307"},"modified":"2022-05-04T10:17:45","modified_gmt":"2022-05-04T10:17:45","slug":"radnoti-ut-14","status":"publish","type":"page","link":"https:\/\/palyazat.jaszalsoszentgyorgy.hu\/?page_id=307","title":{"rendered":"Radn\u00f3ti \u00fat 14"},"content":{"rendered":"<h2><span style=\"font-size: 10px; font-family: 'book antiqua', palatino, serif; color: #3366ff;\"><a style=\"color: #3366ff;\" href=\"http:\/\/palyazat.jaszalsoszentgyorgy.hu\/?page_id=221\">VISSZA AZ EL\u0150Z\u0150 OLDALRA<\/a><\/span><\/h2>\n<p><strong><span style=\"font-size: 16px;\">Radn\u00f3ti \u00fat 14<\/span><\/strong><\/p>\n<p><span style=\"text-decoration: underline;\"><strong><span style=\"font-size: 13px;\">Eredeti \u00e1llapot<\/span><\/strong><\/span><\/p>\n<p><img loading=\"lazy\" decoding=\"async\" class=\"alignleft size-medium wp-image-341\" src=\"http:\/\/palyazat.jaszalsoszentgyorgy.hu\/wp-content\/uploads\/2022\/05\/eredeti-allapot1-300x169.jpg\" alt=\"\" width=\"300\" height=\"169\" srcset=\"https:\/\/palyazat.jaszalsoszentgyorgy.hu\/wp-content\/uploads\/2022\/05\/eredeti-allapot1-300x169.jpg 300w, https:\/\/palyazat.jaszalsoszentgyorgy.hu\/wp-content\/uploads\/2022\/05\/eredeti-allapot1-1024x577.jpg 1024w, https:\/\/palyazat.jaszalsoszentgyorgy.hu\/wp-content\/uploads\/2022\/05\/eredeti-allapot1-768x433.jpg 768w, https:\/\/palyazat.jaszalsoszentgyorgy.hu\/wp-content\/uploads\/2022\/05\/eredeti-allapot1-1536x866.jpg 1536w, https:\/\/palyazat.jaszalsoszentgyorgy.hu\/wp-content\/uploads\/2022\/05\/eredeti-allapot1-2048x1155.jpg 2048w\" sizes=\"auto, (max-width: 300px) 100vw, 300px\" \/><img loading=\"lazy\" decoding=\"async\" class=\"alignleft size-medium wp-image-343\" src=\"http:\/\/palyazat.jaszalsoszentgyorgy.hu\/wp-content\/uploads\/2022\/05\/eredeti-allapot4-300x169.jpg\" alt=\"\" width=\"300\" height=\"169\" srcset=\"https:\/\/palyazat.jaszalsoszentgyorgy.hu\/wp-content\/uploads\/2022\/05\/eredeti-allapot4-300x169.jpg 300w, https:\/\/palyazat.jaszalsoszentgyorgy.hu\/wp-content\/uploads\/2022\/05\/eredeti-allapot4-1024x577.jpg 1024w, https:\/\/palyazat.jaszalsoszentgyorgy.hu\/wp-content\/uploads\/2022\/05\/eredeti-allapot4-768x433.jpg 768w, https:\/\/palyazat.jaszalsoszentgyorgy.hu\/wp-content\/uploads\/2022\/05\/eredeti-allapot4-1536x866.jpg 1536w, https:\/\/palyazat.jaszalsoszentgyorgy.hu\/wp-content\/uploads\/2022\/05\/eredeti-allapot4-2048x1155.jpg 2048w\" sizes=\"auto, (max-width: 300px) 100vw, 300px\" \/><img loading=\"lazy\" decoding=\"async\" class=\"alignleft size-medium wp-image-342\" src=\"http:\/\/palyazat.jaszalsoszentgyorgy.hu\/wp-content\/uploads\/2022\/05\/eredeti-allapot2-300x169.jpg\" alt=\"\" width=\"300\" height=\"169\" srcset=\"https:\/\/palyazat.jaszalsoszentgyorgy.hu\/wp-content\/uploads\/2022\/05\/eredeti-allapot2-300x169.jpg 300w, https:\/\/palyazat.jaszalsoszentgyorgy.hu\/wp-content\/uploads\/2022\/05\/eredeti-allapot2-1024x577.jpg 1024w, https:\/\/palyazat.jaszalsoszentgyorgy.hu\/wp-content\/uploads\/2022\/05\/eredeti-allapot2-768x433.jpg 768w, https:\/\/palyazat.jaszalsoszentgyorgy.hu\/wp-content\/uploads\/2022\/05\/eredeti-allapot2-1536x866.jpg 1536w, https:\/\/palyazat.jaszalsoszentgyorgy.hu\/wp-content\/uploads\/2022\/05\/eredeti-allapot2-2048x1155.jpg 2048w\" sizes=\"auto, (max-width: 300px) 100vw, 300px\" \/><\/p>\n<p>&nbsp;<\/p>\n<p>&nbsp;<\/p>\n<p>&nbsp;<\/p>\n<p>&nbsp;<\/p>\n<p><span style=\"text-decoration: underline; font-size: 13px;\"><strong>Munk\u00e1latok<\/strong><\/span><\/p>\n<p><img loading=\"lazy\" decoding=\"async\" class=\"alignleft size-medium wp-image-345\" src=\"http:\/\/palyazat.jaszalsoszentgyorgy.hu\/wp-content\/uploads\/2022\/05\/munka-kozben-3-1-225x300.jpg\" alt=\"\" width=\"225\" height=\"300\" srcset=\"https:\/\/palyazat.jaszalsoszentgyorgy.hu\/wp-content\/uploads\/2022\/05\/munka-kozben-3-1-225x300.jpg 225w, https:\/\/palyazat.jaszalsoszentgyorgy.hu\/wp-content\/uploads\/2022\/05\/munka-kozben-3-1-768x1024.jpg 768w, https:\/\/palyazat.jaszalsoszentgyorgy.hu\/wp-content\/uploads\/2022\/05\/munka-kozben-3-1-1152x1536.jpg 1152w, https:\/\/palyazat.jaszalsoszentgyorgy.hu\/wp-content\/uploads\/2022\/05\/munka-kozben-3-1-1536x2048.jpg 1536w, https:\/\/palyazat.jaszalsoszentgyorgy.hu\/wp-content\/uploads\/2022\/05\/munka-kozben-3-1-scaled.jpg 1920w\" sizes=\"auto, (max-width: 225px) 100vw, 225px\" \/><img loading=\"lazy\" decoding=\"async\" class=\"alignleft size-medium wp-image-346\" src=\"http:\/\/palyazat.jaszalsoszentgyorgy.hu\/wp-content\/uploads\/2022\/05\/munka-kozben1-225x300.jpg\" alt=\"\" width=\"225\" height=\"300\" srcset=\"https:\/\/palyazat.jaszalsoszentgyorgy.hu\/wp-content\/uploads\/2022\/05\/munka-kozben1-225x300.jpg 225w, https:\/\/palyazat.jaszalsoszentgyorgy.hu\/wp-content\/uploads\/2022\/05\/munka-kozben1-768x1024.jpg 768w, https:\/\/palyazat.jaszalsoszentgyorgy.hu\/wp-content\/uploads\/2022\/05\/munka-kozben1-1152x1536.jpg 1152w, https:\/\/palyazat.jaszalsoszentgyorgy.hu\/wp-content\/uploads\/2022\/05\/munka-kozben1-1536x2048.jpg 1536w, https:\/\/palyazat.jaszalsoszentgyorgy.hu\/wp-content\/uploads\/2022\/05\/munka-kozben1-scaled.jpg 1920w\" sizes=\"auto, (max-width: 225px) 100vw, 225px\" \/><img loading=\"lazy\" decoding=\"async\" class=\"alignleft size-medium wp-image-347\" src=\"http:\/\/palyazat.jaszalsoszentgyorgy.hu\/wp-content\/uploads\/2022\/05\/munka-kozben2-1-225x300.jpg\" alt=\"\" width=\"225\" height=\"300\" srcset=\"https:\/\/palyazat.jaszalsoszentgyorgy.hu\/wp-content\/uploads\/2022\/05\/munka-kozben2-1-225x300.jpg 225w, https:\/\/palyazat.jaszalsoszentgyorgy.hu\/wp-content\/uploads\/2022\/05\/munka-kozben2-1-768x1024.jpg 768w, https:\/\/palyazat.jaszalsoszentgyorgy.hu\/wp-content\/uploads\/2022\/05\/munka-kozben2-1-1152x1536.jpg 1152w, https:\/\/palyazat.jaszalsoszentgyorgy.hu\/wp-content\/uploads\/2022\/05\/munka-kozben2-1-1536x2048.jpg 1536w, https:\/\/palyazat.jaszalsoszentgyorgy.hu\/wp-content\/uploads\/2022\/05\/munka-kozben2-1-scaled.jpg 1920w\" sizes=\"auto, (max-width: 225px) 100vw, 225px\" \/><\/p>\n<p>&nbsp;<\/p>\n<p>&nbsp;<\/p>\n<p>&nbsp;<\/p>\n<p>&nbsp;<\/p>\n<p>&nbsp;<\/p>\n<p>&nbsp;<\/p>\n<p>&nbsp;<\/p>\n<p>&nbsp;<\/p>\n<p>&nbsp;<\/p>\n<p><span style=\"text-decoration: underline;\"><span style=\"font-size: 13px;\"><strong>Elk\u00e9sz\u00fclt<\/strong><\/span><\/span><\/p>\n<p><img loading=\"lazy\" decoding=\"async\" class=\"alignleft size-medium wp-image-348\" src=\"http:\/\/palyazat.jaszalsoszentgyorgy.hu\/wp-content\/uploads\/2022\/05\/elkeszult1-3-300x225.jpg\" alt=\"\" width=\"300\" height=\"225\" srcset=\"https:\/\/palyazat.jaszalsoszentgyorgy.hu\/wp-content\/uploads\/2022\/05\/elkeszult1-3-300x225.jpg 300w, https:\/\/palyazat.jaszalsoszentgyorgy.hu\/wp-content\/uploads\/2022\/05\/elkeszult1-3-1024x768.jpg 1024w, https:\/\/palyazat.jaszalsoszentgyorgy.hu\/wp-content\/uploads\/2022\/05\/elkeszult1-3-768x576.jpg 768w, https:\/\/palyazat.jaszalsoszentgyorgy.hu\/wp-content\/uploads\/2022\/05\/elkeszult1-3-1536x1152.jpg 1536w, https:\/\/palyazat.jaszalsoszentgyorgy.hu\/wp-content\/uploads\/2022\/05\/elkeszult1-3-2048x1536.jpg 2048w\" sizes=\"auto, (max-width: 300px) 100vw, 300px\" \/><img loading=\"lazy\" decoding=\"async\" class=\"alignleft size-medium wp-image-349\" src=\"http:\/\/palyazat.jaszalsoszentgyorgy.hu\/wp-content\/uploads\/2022\/05\/elkeszult2-3-300x225.jpg\" alt=\"\" width=\"300\" height=\"225\" srcset=\"https:\/\/palyazat.jaszalsoszentgyorgy.hu\/wp-content\/uploads\/2022\/05\/elkeszult2-3-300x225.jpg 300w, https:\/\/palyazat.jaszalsoszentgyorgy.hu\/wp-content\/uploads\/2022\/05\/elkeszult2-3-1024x768.jpg 1024w, https:\/\/palyazat.jaszalsoszentgyorgy.hu\/wp-content\/uploads\/2022\/05\/elkeszult2-3-768x576.jpg 768w, https:\/\/palyazat.jaszalsoszentgyorgy.hu\/wp-content\/uploads\/2022\/05\/elkeszult2-3-1536x1152.jpg 1536w, https:\/\/palyazat.jaszalsoszentgyorgy.hu\/wp-content\/uploads\/2022\/05\/elkeszult2-3-2048x1536.jpg 2048w\" sizes=\"auto, (max-width: 300px) 100vw, 300px\" \/><img loading=\"lazy\" decoding=\"async\" class=\"alignleft size-medium wp-image-350\" src=\"http:\/\/palyazat.jaszalsoszentgyorgy.hu\/wp-content\/uploads\/2022\/05\/elkeszult3-3-300x225.jpg\" alt=\"\" width=\"300\" height=\"225\" srcset=\"https:\/\/palyazat.jaszalsoszentgyorgy.hu\/wp-content\/uploads\/2022\/05\/elkeszult3-3-300x225.jpg 300w, https:\/\/palyazat.jaszalsoszentgyorgy.hu\/wp-content\/uploads\/2022\/05\/elkeszult3-3-1024x768.jpg 1024w, https:\/\/palyazat.jaszalsoszentgyorgy.hu\/wp-content\/uploads\/2022\/05\/elkeszult3-3-768x576.jpg 768w, https:\/\/palyazat.jaszalsoszentgyorgy.hu\/wp-content\/uploads\/2022\/05\/elkeszult3-3-1536x1152.jpg 1536w, https:\/\/palyazat.jaszalsoszentgyorgy.hu\/wp-content\/uploads\/2022\/05\/elkeszult3-3-2048x1536.jpg 2048w\" sizes=\"auto, (max-width: 300px) 100vw, 300px\" \/><\/p>\n<p>&nbsp;<\/p>\n<p>&nbsp;<\/p>\n<p>&nbsp;<\/p>\n<p>&nbsp;<\/p>\n<p>&nbsp;<\/p>\n<p>&nbsp;<\/p>\n<p>&nbsp;<\/p>\n<p>&nbsp;<\/p>\n<p>&nbsp;<\/p>\n<p>&nbsp;<\/p>\n<p>&nbsp;<\/p>\n<p>&nbsp;<\/p>\n<p>&nbsp;<\/p>\n<p>&nbsp;<\/p>\n<p>&nbsp;<\/p>\n<p>&nbsp;<\/p>\n<p>&nbsp;<\/p>\n<p>&nbsp;<\/p>\n<p>&nbsp;<\/p>\n","protected":false},"excerpt":{"rendered":"<p>VISSZA AZ EL\u0150Z\u0150 OLDALRA Radn\u00f3ti \u00fat 14 Eredeti \u00e1llapot &nbsp; &nbsp; &nbsp; &nbsp; Munk\u00e1latok &nbsp; &nbsp; &nbsp; &nbsp; &nbsp; &nbsp; &nbsp; &nbsp; &nbsp; Elk\u00e9sz\u00fclt &nbsp; &nbsp; &nbsp; &nbsp; &nbsp; &nbsp; &nbsp; &nbsp; &nbsp; &nbsp; &nbsp; &nbsp; &nbsp; &nbsp; &nbsp; &nbsp; &nbsp; &nbsp; &nbsp;<\/p>\n","protected":false},"author":1,"featured_media":0,"parent":221,"menu_order":0,"comment_status":"closed","ping_status":"closed","template":"","meta":{"footnotes":""},"class_list":["post-307","page","type-page","status-publish","hentry","entry","no-media"],"_links":{"self":[{"href":"https:\/\/palyazat.jaszalsoszentgyorgy.hu\/index.php?rest_route=\/wp\/v2\/pages\/307","targetHints":{"allow":["GET"]}}],"collection":[{"href":"https:\/\/palyazat.jaszalsoszentgyorgy.hu\/index.php?rest_route=\/wp\/v2\/pages"}],"about":[{"href":"https:\/\/palyazat.jaszalsoszentgyorgy.hu\/index.php?rest_route=\/wp\/v2\/types\/page"}],"author":[{"embeddable":true,"href":"https:\/\/palyazat.jaszalsoszentgyorgy.hu\/index.php?rest_route=\/wp\/v2\/users\/1"}],"replies":[{"embeddable":true,"href":"https:\/\/palyazat.jaszalsoszentgyorgy.hu\/index.php?rest_route=%2Fwp%2Fv2%2Fcomments&post=307"}],"version-history":[{"count":0,"href":"https:\/\/palyazat.jaszalsoszentgyorgy.hu\/index.php?rest_route=\/wp\/v2\/pages\/307\/revisions"}],"up":[{"embeddable":true,"href":"https:\/\/palyazat.jaszalsoszentgyorgy.hu\/index.php?rest_route=\/wp\/v2\/pages\/221"}],"wp:attachment":[{"href":"https:\/\/palyazat.jaszalsoszentgyorgy.hu\/index.php?rest_route=%2Fwp%2Fv2%2Fmedia&parent=307"}],"curies":[{"name":"wp","href":"https:\/\/api.w.org\/{rel}","templated":true}]}}