{"id":619,"date":"2023-07-26T15:34:52","date_gmt":"2023-07-26T14:34:52","guid":{"rendered":"http:\/\/palyazat.jaszalsoszentgyorgy.hu\/?page_id=619"},"modified":"2023-07-26T15:51:33","modified_gmt":"2023-07-26T14:51:33","slug":"fotodokumentacio","status":"publish","type":"page","link":"https:\/\/palyazat.jaszalsoszentgyorgy.hu\/?page_id=619","title":{"rendered":"Fot\u00f3dokument\u00e1ci\u00f3"},"content":{"rendered":"<p><a href=\"http:\/\/palyazat.jaszalsoszentgyorgy.hu\/?page_id=579\"><span style=\"font-size: 10px;\">VISSZA AZ EL\u0150Z\u0150 OLDALRA<\/span><\/a><\/p>\n<div class=\"wp-block-image\">\n<p><img loading=\"lazy\" decoding=\"async\" class=\"alignleft size-medium wp-image-628\" src=\"http:\/\/palyazat.jaszalsoszentgyorgy.hu\/wp-content\/uploads\/2023\/07\/P1090466-300x225.jpg\" alt=\"\" width=\"300\" height=\"225\" srcset=\"https:\/\/palyazat.jaszalsoszentgyorgy.hu\/wp-content\/uploads\/2023\/07\/P1090466-300x225.jpg 300w, https:\/\/palyazat.jaszalsoszentgyorgy.hu\/wp-content\/uploads\/2023\/07\/P1090466-1024x768.jpg 1024w, https:\/\/palyazat.jaszalsoszentgyorgy.hu\/wp-content\/uploads\/2023\/07\/P1090466-768x576.jpg 768w, https:\/\/palyazat.jaszalsoszentgyorgy.hu\/wp-content\/uploads\/2023\/07\/P1090466-1536x1152.jpg 1536w, https:\/\/palyazat.jaszalsoszentgyorgy.hu\/wp-content\/uploads\/2023\/07\/P1090466-2048x1536.jpg 2048w\" sizes=\"auto, (max-width: 300px) 100vw, 300px\" \/><\/p>\n<div class=\"wp-block-image\">\n<p><img loading=\"lazy\" decoding=\"async\" class=\"size-medium wp-image-629 alignleft\" src=\"http:\/\/palyazat.jaszalsoszentgyorgy.hu\/wp-content\/uploads\/2023\/07\/P1090518-300x225.jpg\" alt=\"\" width=\"300\" height=\"225\" srcset=\"https:\/\/palyazat.jaszalsoszentgyorgy.hu\/wp-content\/uploads\/2023\/07\/P1090518-300x225.jpg 300w, https:\/\/palyazat.jaszalsoszentgyorgy.hu\/wp-content\/uploads\/2023\/07\/P1090518-1024x768.jpg 1024w, https:\/\/palyazat.jaszalsoszentgyorgy.hu\/wp-content\/uploads\/2023\/07\/P1090518-768x576.jpg 768w, https:\/\/palyazat.jaszalsoszentgyorgy.hu\/wp-content\/uploads\/2023\/07\/P1090518-1536x1152.jpg 1536w, https:\/\/palyazat.jaszalsoszentgyorgy.hu\/wp-content\/uploads\/2023\/07\/P1090518-2048x1536.jpg 2048w\" sizes=\"auto, (max-width: 300px) 100vw, 300px\" \/><\/p>\n<div class=\"wp-block-image\">\n<p><img loading=\"lazy\" decoding=\"async\" class=\"size-medium wp-image-630 alignleft\" src=\"http:\/\/palyazat.jaszalsoszentgyorgy.hu\/wp-content\/uploads\/2023\/07\/P1090520-300x225.jpg\" alt=\"\" width=\"300\" height=\"225\" srcset=\"https:\/\/palyazat.jaszalsoszentgyorgy.hu\/wp-content\/uploads\/2023\/07\/P1090520-300x225.jpg 300w, https:\/\/palyazat.jaszalsoszentgyorgy.hu\/wp-content\/uploads\/2023\/07\/P1090520-1024x768.jpg 1024w, https:\/\/palyazat.jaszalsoszentgyorgy.hu\/wp-content\/uploads\/2023\/07\/P1090520-768x576.jpg 768w, https:\/\/palyazat.jaszalsoszentgyorgy.hu\/wp-content\/uploads\/2023\/07\/P1090520-1536x1152.jpg 1536w, https:\/\/palyazat.jaszalsoszentgyorgy.hu\/wp-content\/uploads\/2023\/07\/P1090520-2048x1536.jpg 2048w\" sizes=\"auto, (max-width: 300px) 100vw, 300px\" \/><\/p>\n<div class=\"wp-block-image\">\n<p><img loading=\"lazy\" decoding=\"async\" class=\"size-medium wp-image-631 alignleft\" src=\"http:\/\/palyazat.jaszalsoszentgyorgy.hu\/wp-content\/uploads\/2023\/07\/P1090547-300x225.jpg\" alt=\"\" width=\"300\" height=\"225\" srcset=\"https:\/\/palyazat.jaszalsoszentgyorgy.hu\/wp-content\/uploads\/2023\/07\/P1090547-300x225.jpg 300w, https:\/\/palyazat.jaszalsoszentgyorgy.hu\/wp-content\/uploads\/2023\/07\/P1090547-1024x768.jpg 1024w, https:\/\/palyazat.jaszalsoszentgyorgy.hu\/wp-content\/uploads\/2023\/07\/P1090547-768x576.jpg 768w, https:\/\/palyazat.jaszalsoszentgyorgy.hu\/wp-content\/uploads\/2023\/07\/P1090547-1536x1152.jpg 1536w, https:\/\/palyazat.jaszalsoszentgyorgy.hu\/wp-content\/uploads\/2023\/07\/P1090547-2048x1536.jpg 2048w\" sizes=\"auto, (max-width: 300px) 100vw, 300px\" \/><\/p>\n<div class=\"wp-block-image\">\n<p><img loading=\"lazy\" decoding=\"async\" class=\"size-medium wp-image-632 alignleft\" src=\"http:\/\/palyazat.jaszalsoszentgyorgy.hu\/wp-content\/uploads\/2023\/07\/P1090572-300x225.jpg\" alt=\"\" width=\"300\" height=\"225\" srcset=\"https:\/\/palyazat.jaszalsoszentgyorgy.hu\/wp-content\/uploads\/2023\/07\/P1090572-300x225.jpg 300w, https:\/\/palyazat.jaszalsoszentgyorgy.hu\/wp-content\/uploads\/2023\/07\/P1090572-1024x768.jpg 1024w, https:\/\/palyazat.jaszalsoszentgyorgy.hu\/wp-content\/uploads\/2023\/07\/P1090572-768x576.jpg 768w, https:\/\/palyazat.jaszalsoszentgyorgy.hu\/wp-content\/uploads\/2023\/07\/P1090572-1536x1152.jpg 1536w, https:\/\/palyazat.jaszalsoszentgyorgy.hu\/wp-content\/uploads\/2023\/07\/P1090572-2048x1536.jpg 2048w\" sizes=\"auto, (max-width: 300px) 100vw, 300px\" \/><\/p>\n<div class=\"wp-block-image\">\n<p><img loading=\"lazy\" decoding=\"async\" class=\"size-medium wp-image-633 alignleft\" src=\"http:\/\/palyazat.jaszalsoszentgyorgy.hu\/wp-content\/uploads\/2023\/07\/P1090578-300x225.jpg\" alt=\"\" width=\"300\" height=\"225\" srcset=\"https:\/\/palyazat.jaszalsoszentgyorgy.hu\/wp-content\/uploads\/2023\/07\/P1090578-300x225.jpg 300w, https:\/\/palyazat.jaszalsoszentgyorgy.hu\/wp-content\/uploads\/2023\/07\/P1090578-1024x768.jpg 1024w, https:\/\/palyazat.jaszalsoszentgyorgy.hu\/wp-content\/uploads\/2023\/07\/P1090578-768x576.jpg 768w, https:\/\/palyazat.jaszalsoszentgyorgy.hu\/wp-content\/uploads\/2023\/07\/P1090578-1536x1152.jpg 1536w, https:\/\/palyazat.jaszalsoszentgyorgy.hu\/wp-content\/uploads\/2023\/07\/P1090578-2048x1536.jpg 2048w\" sizes=\"auto, (max-width: 300px) 100vw, 300px\" \/><\/p>\n<div class=\"wp-block-image\">\n<p><img loading=\"lazy\" decoding=\"async\" class=\"size-medium wp-image-634 alignleft\" src=\"http:\/\/palyazat.jaszalsoszentgyorgy.hu\/wp-content\/uploads\/2023\/07\/P1090604-300x225.jpg\" alt=\"\" width=\"300\" height=\"225\" srcset=\"https:\/\/palyazat.jaszalsoszentgyorgy.hu\/wp-content\/uploads\/2023\/07\/P1090604-300x225.jpg 300w, https:\/\/palyazat.jaszalsoszentgyorgy.hu\/wp-content\/uploads\/2023\/07\/P1090604-1024x768.jpg 1024w, https:\/\/palyazat.jaszalsoszentgyorgy.hu\/wp-content\/uploads\/2023\/07\/P1090604-768x576.jpg 768w, https:\/\/palyazat.jaszalsoszentgyorgy.hu\/wp-content\/uploads\/2023\/07\/P1090604-1536x1152.jpg 1536w, https:\/\/palyazat.jaszalsoszentgyorgy.hu\/wp-content\/uploads\/2023\/07\/P1090604-2048x1536.jpg 2048w\" sizes=\"auto, (max-width: 300px) 100vw, 300px\" \/><\/p>\n<div class=\"wp-block-image\">\n<p><img loading=\"lazy\" decoding=\"async\" class=\"size-medium wp-image-635 alignleft\" src=\"http:\/\/palyazat.jaszalsoszentgyorgy.hu\/wp-content\/uploads\/2023\/07\/P1090647-300x225.jpg\" alt=\"\" width=\"300\" height=\"225\" srcset=\"https:\/\/palyazat.jaszalsoszentgyorgy.hu\/wp-content\/uploads\/2023\/07\/P1090647-300x225.jpg 300w, https:\/\/palyazat.jaszalsoszentgyorgy.hu\/wp-content\/uploads\/2023\/07\/P1090647-1024x768.jpg 1024w, https:\/\/palyazat.jaszalsoszentgyorgy.hu\/wp-content\/uploads\/2023\/07\/P1090647-768x576.jpg 768w, https:\/\/palyazat.jaszalsoszentgyorgy.hu\/wp-content\/uploads\/2023\/07\/P1090647-1536x1152.jpg 1536w, https:\/\/palyazat.jaszalsoszentgyorgy.hu\/wp-content\/uploads\/2023\/07\/P1090647-2048x1536.jpg 2048w\" sizes=\"auto, (max-width: 300px) 100vw, 300px\" \/><\/p>\n<div class=\"wp-block-image\">\n<p><img loading=\"lazy\" decoding=\"async\" class=\"size-medium wp-image-636 alignleft\" src=\"http:\/\/palyazat.jaszalsoszentgyorgy.hu\/wp-content\/uploads\/2023\/07\/P1090707-300x225.jpg\" alt=\"\" width=\"300\" height=\"225\" srcset=\"https:\/\/palyazat.jaszalsoszentgyorgy.hu\/wp-content\/uploads\/2023\/07\/P1090707-300x225.jpg 300w, https:\/\/palyazat.jaszalsoszentgyorgy.hu\/wp-content\/uploads\/2023\/07\/P1090707-1024x768.jpg 1024w, https:\/\/palyazat.jaszalsoszentgyorgy.hu\/wp-content\/uploads\/2023\/07\/P1090707-768x576.jpg 768w, https:\/\/palyazat.jaszalsoszentgyorgy.hu\/wp-content\/uploads\/2023\/07\/P1090707-1536x1152.jpg 1536w, https:\/\/palyazat.jaszalsoszentgyorgy.hu\/wp-content\/uploads\/2023\/07\/P1090707-2048x1536.jpg 2048w\" sizes=\"auto, (max-width: 300px) 100vw, 300px\" \/><\/p>\n<div class=\"wp-block-image\">\n<p><img loading=\"lazy\" decoding=\"async\" class=\"size-medium wp-image-637 alignleft\" src=\"http:\/\/palyazat.jaszalsoszentgyorgy.hu\/wp-content\/uploads\/2023\/07\/P1090708-300x225.jpg\" alt=\"\" width=\"300\" height=\"225\" srcset=\"https:\/\/palyazat.jaszalsoszentgyorgy.hu\/wp-content\/uploads\/2023\/07\/P1090708-300x225.jpg 300w, https:\/\/palyazat.jaszalsoszentgyorgy.hu\/wp-content\/uploads\/2023\/07\/P1090708-1024x768.jpg 1024w, https:\/\/palyazat.jaszalsoszentgyorgy.hu\/wp-content\/uploads\/2023\/07\/P1090708-768x576.jpg 768w, https:\/\/palyazat.jaszalsoszentgyorgy.hu\/wp-content\/uploads\/2023\/07\/P1090708-1536x1152.jpg 1536w, https:\/\/palyazat.jaszalsoszentgyorgy.hu\/wp-content\/uploads\/2023\/07\/P1090708-2048x1536.jpg 2048w\" sizes=\"auto, (max-width: 300px) 100vw, 300px\" \/><\/p>\n<div class=\"wp-block-image\">\n<p><img loading=\"lazy\" decoding=\"async\" class=\"size-medium wp-image-638 alignleft\" src=\"http:\/\/palyazat.jaszalsoszentgyorgy.hu\/wp-content\/uploads\/2023\/07\/P1090843-300x225.jpg\" alt=\"\" width=\"300\" height=\"225\" srcset=\"https:\/\/palyazat.jaszalsoszentgyorgy.hu\/wp-content\/uploads\/2023\/07\/P1090843-300x225.jpg 300w, https:\/\/palyazat.jaszalsoszentgyorgy.hu\/wp-content\/uploads\/2023\/07\/P1090843-1024x768.jpg 1024w, https:\/\/palyazat.jaszalsoszentgyorgy.hu\/wp-content\/uploads\/2023\/07\/P1090843-768x576.jpg 768w, https:\/\/palyazat.jaszalsoszentgyorgy.hu\/wp-content\/uploads\/2023\/07\/P1090843-1536x1152.jpg 1536w, https:\/\/palyazat.jaszalsoszentgyorgy.hu\/wp-content\/uploads\/2023\/07\/P1090843-2048x1536.jpg 2048w\" sizes=\"auto, (max-width: 300px) 100vw, 300px\" \/><\/p>\n<div class=\"wp-block-image\">\n<p><img loading=\"lazy\" decoding=\"async\" class=\"size-medium wp-image-639 alignleft\" src=\"http:\/\/palyazat.jaszalsoszentgyorgy.hu\/wp-content\/uploads\/2023\/07\/P1090907-300x225.jpg\" alt=\"\" width=\"300\" height=\"225\" srcset=\"https:\/\/palyazat.jaszalsoszentgyorgy.hu\/wp-content\/uploads\/2023\/07\/P1090907-300x225.jpg 300w, https:\/\/palyazat.jaszalsoszentgyorgy.hu\/wp-content\/uploads\/2023\/07\/P1090907-1024x768.jpg 1024w, https:\/\/palyazat.jaszalsoszentgyorgy.hu\/wp-content\/uploads\/2023\/07\/P1090907-768x576.jpg 768w, https:\/\/palyazat.jaszalsoszentgyorgy.hu\/wp-content\/uploads\/2023\/07\/P1090907-1536x1152.jpg 1536w, https:\/\/palyazat.jaszalsoszentgyorgy.hu\/wp-content\/uploads\/2023\/07\/P1090907-2048x1536.jpg 2048w\" sizes=\"auto, (max-width: 300px) 100vw, 300px\" \/><\/p>\n<div class=\"wp-block-image\"><img loading=\"lazy\" decoding=\"async\" class=\"size-medium wp-image-640 alignleft\" src=\"http:\/\/palyazat.jaszalsoszentgyorgy.hu\/wp-content\/uploads\/2023\/07\/P1100519-300x225.jpg\" alt=\"\" width=\"300\" height=\"225\" srcset=\"https:\/\/palyazat.jaszalsoszentgyorgy.hu\/wp-content\/uploads\/2023\/07\/P1100519-300x225.jpg 300w, https:\/\/palyazat.jaszalsoszentgyorgy.hu\/wp-content\/uploads\/2023\/07\/P1100519-1024x768.jpg 1024w, https:\/\/palyazat.jaszalsoszentgyorgy.hu\/wp-content\/uploads\/2023\/07\/P1100519-768x576.jpg 768w, https:\/\/palyazat.jaszalsoszentgyorgy.hu\/wp-content\/uploads\/2023\/07\/P1100519-1536x1152.jpg 1536w, https:\/\/palyazat.jaszalsoszentgyorgy.hu\/wp-content\/uploads\/2023\/07\/P1100519-2048x1536.jpg 2048w\" sizes=\"auto, (max-width: 300px) 100vw, 300px\" \/><\/div>\n<\/div>\n<\/div>\n<\/div>\n<\/div>\n<\/div>\n<\/div>\n<\/div>\n<\/div>\n<\/div>\n<\/div>\n<\/div>\n<\/div>\n<div><\/div>\n<div><\/div>\n","protected":false},"excerpt":{"rendered":"<p>VISSZA AZ EL\u0150Z\u0150 OLDALRA<\/p>\n","protected":false},"author":1,"featured_media":0,"parent":579,"menu_order":0,"comment_status":"closed","ping_status":"closed","template":"","meta":{"footnotes":""},"class_list":["post-619","page","type-page","status-publish","hentry","entry","no-media"],"_links":{"self":[{"href":"https:\/\/palyazat.jaszalsoszentgyorgy.hu\/index.php?rest_route=\/wp\/v2\/pages\/619","targetHints":{"allow":["GET"]}}],"collection":[{"href":"https:\/\/palyazat.jaszalsoszentgyorgy.hu\/index.php?rest_route=\/wp\/v2\/pages"}],"about":[{"href":"https:\/\/palyazat.jaszalsoszentgyorgy.hu\/index.php?rest_route=\/wp\/v2\/types\/page"}],"author":[{"embeddable":true,"href":"https:\/\/palyazat.jaszalsoszentgyorgy.hu\/index.php?rest_route=\/wp\/v2\/users\/1"}],"replies":[{"embeddable":true,"href":"https:\/\/palyazat.jaszalsoszentgyorgy.hu\/index.php?rest_route=%2Fwp%2Fv2%2Fcomments&post=619"}],"version-history":[{"count":4,"href":"https:\/\/palyazat.jaszalsoszentgyorgy.hu\/index.php?rest_route=\/wp\/v2\/pages\/619\/revisions"}],"predecessor-version":[{"id":647,"href":"https:\/\/palyazat.jaszalsoszentgyorgy.hu\/index.php?rest_route=\/wp\/v2\/pages\/619\/revisions\/647"}],"up":[{"embeddable":true,"href":"https:\/\/palyazat.jaszalsoszentgyorgy.hu\/index.php?rest_route=\/wp\/v2\/pages\/579"}],"wp:attachment":[{"href":"https:\/\/palyazat.jaszalsoszentgyorgy.hu\/index.php?rest_route=%2Fwp%2Fv2%2Fmedia&parent=619"}],"curies":[{"name":"wp","href":"https:\/\/api.w.org\/{rel}","templated":true}]}}