{"id":78,"date":"2021-01-12T00:12:15","date_gmt":"2021-01-12T00:12:15","guid":{"rendered":"http:\/\/palyazat.jaszalsoszentgyorgy.hu\/?page_id=78"},"modified":"2021-01-12T01:20:04","modified_gmt":"2021-01-12T01:20:04","slug":"top-3-2-1-16-jn1-2017-00005","status":"publish","type":"page","link":"https:\/\/palyazat.jaszalsoszentgyorgy.hu\/?page_id=78","title":{"rendered":"TOP-3.2.1-16-JN1-2017-00005"},"content":{"rendered":"<h2><span style=\"font-size: 10px; font-family: 'book antiqua', palatino, serif; color: #3366ff;\"><a style=\"color: #3366ff;\" href=\"http:\/\/palyazat.jaszalsoszentgyorgy.hu\/\">VISSZA A F\u0150OLDALRA<\/a><\/span><\/h2>\n<h2>TOP-3.2.1\u201316-JN1-2017\u201300005 \u201cA J\u00e1szals\u00f3szentgy\u00f6rgyi Roma Nemzetis\u00e9gi \u00d6nkorm\u00e1nyzat sz\u00e9khely\u00e9nek energetikai korszer\u0171s\u00edt\u00e9se\u201d<\/h2>\n<div class=\"entry\">\n<p><a href=\"http:\/\/www.jaszalsoszentgyorgy.hu\/wp-content\/uploads\/sz%C3%A9chenyi-2020.jpg\"><img loading=\"lazy\" decoding=\"async\" class=\"size-full wp-image-12035 alignright\" title=\"sz\u00e9chenyi 2020\" src=\"http:\/\/www.jaszalsoszentgyorgy.hu\/wp-content\/uploads\/sz%C3%A9chenyi-2020.jpg\" alt=\"\" width=\"334\" height=\"238\" \/><\/a><\/p>\n<p>&nbsp;<\/p>\n<p><strong>Pro\u00adjekt azo\u00adno\u00ads\u00edt\u00f3 sz\u00e1ma:<\/strong>\u00a0 TOP-3.2.1\u201316-JN1-2017\u201300005<\/p>\n<p>&nbsp;<\/p>\n<p><strong>Pro\u00adjekt c\u00edme:<\/strong>\u00a0A\u00a0J\u00e1szal\u00ads\u00f3\u00adszent\u00adgy\u00f6r\u00adgyi Roma Nem\u00adze\u00adti\u00ads\u00e9gi \u00d6nkor\u00adm\u00e1ny\u00adzat sz\u00e9k\u00adhe\u00adly\u00e9\u00adnek ener\u00adge\u00adti\u00adkai korszer\u0171s\u00edt\u00e9se<\/p>\n<p>&nbsp;<\/p>\n<p><strong>Ked\u00advez\u00adm\u00e9\u00adnye\u00adzett neve:<\/strong>\u00a0J\u00e1szal\u00ads\u00f3\u00adszent\u00adgy\u00f6rgy K\u00f6z\u00ads\u00e9gi \u00d6nkorm\u00e1nyzat<\/p>\n<p>&nbsp;<\/p>\n<p><strong>T\u00e1mo\u00adga\u00adt\u00e1s \u00f6sszege:<\/strong>\u00a039.000.000.-Ft<\/p>\n<p>&nbsp;<\/p>\n<p><strong>T\u00e1mo\u00adga\u00adt\u00e1s m\u00e9r\u00adt\u00e9ke:<\/strong>\u00a0100%<\/p>\n<p>&nbsp;<\/p>\n<p><strong>Pro\u00adjekt ter\u00adve\u00adzett befe\u00adje\u00adz\u00e9si d\u00e1tuma:<\/strong>\u00a02019. j\u00falius 31.<\/p>\n<p>&nbsp;<\/p>\n<p><strong>A pro\u00adjekt tar\u00adtal\u00adm\u00e1\u00adnak bemutat\u00e1sa:<\/strong><\/p>\n<p>&nbsp;<\/p>\n<p>A 100%-ban \u00f6nkor\u00adm\u00e1ny\u00adzati tulaj\u00addon\u00adban l\u00e9v\u0151 Roma Nem\u00adze\u00adti\u00ads\u00e9gi \u00d6nkor\u00adm\u00e1ny\u00adzat sz\u00e9k\u00adhe\u00adly\u00e9\u00adnek ener\u00adgia\u00adha\u00adt\u00e9\u00adkony\u00ads\u00e1\u00adgot c\u00e9lz\u00f3 fel\u00ad\u00faj\u00ed\u00adt\u00e1sa \u00e9s fej\u00adlesz\u00adt\u00e9se, amely a\u00a0fosszi\u00adlis ener\u00adgia\u00adhor\u00addo\u00adz\u00f3k\u00adb\u00f3l sz\u00e1r\u00admaz\u00f3 \u00fcveg\u00adh\u00e1z\u00adha\u00adt\u00e1s\u00fa g\u00e1zok (\u00dcHG) kibo\u00adcs\u00e1\u00adt\u00e1\u00ads\u00e1\u00adnak cs\u00f6k\u00adken\u00adt\u00e9\u00ads\u00e9t szol\u00adg\u00e1lja, vala\u00admint az \u00e9p\u00fc\u00adlet m\u0171k\u00f6d\u00adte\u00adt\u00e9si \u00e9s fenn\u00adtar\u00adt\u00e1si k\u00f6lt\u00ads\u00e9\u00adgeit jelent\u0151\u00adsen cs\u00f6kkenti.<\/p>\n<p>&nbsp;<\/p>\n<p>A pro\u00adjekt szakmai-m\u0171szaki tartalma:<\/p>\n<p>A pro\u00adjekt els\u0151\u00adsor\u00adban az \u00e9p\u00fc\u00adlet ener\u00adge\u00adti\u00adkai jav\u00ed\u00adt\u00e1\u00ads\u00e1ra, vala\u00admint az \u00e9rin\u00adtett \u00e9p\u00fc\u00adlet\u00adr\u00e9sz aka\u00add\u00e1ly\u00admen\u00adtes kiala\u00adk\u00ed\u00adt\u00e1s biz\u00adto\u00ads\u00ed\u00adt\u00e1\u00ads\u00e1ra t\u00f6rekszik.<\/p>\n<p>1. Az \u00e9p\u00fc\u00adlet f\u0171t\u00f6tt teret hat\u00e1\u00adrol\u00f3 fala\u00adi\u00adnak k\u00fcls\u0151 oldali h\u0151szigetel\u00e9se<\/p>\n<p>H\u0151szi\u00adge\u00adtel\u0151 hom\u00adlok\u00adzati bevo\u00adnat k\u00e9sz\u00ed\u00adt\u00e9se, el\u0151\u00adk\u00e9\u00adsz\u00ed\u00adtett fel\u00fcletre,(150 mm vtg.,EPS h\u0151szi\u00adge\u00adtel\u0151 t\u00e1bla fel\u00adhasz\u00adn\u00e1\u00adl\u00e1\u00ads\u00e1\u00adval, TERRANOVA weber.therm15 vagy ezzel egyen\u00ad\u00e9r\u00adt\u00e9k\u0171 hom\u00adlok\u00adzati h\u0151szi\u00adge\u00adtel\u0151 rend\u00adszer\u00adrel, a\u00a0hom\u00adlok\u00adzati alapfel\u00fcleteken.<\/p>\n<p>H\u0151szi\u00adge\u00adtel\u0151 hom\u00adlok\u00adzati bevo\u00adnat k\u00e9sz\u00ed\u00adt\u00e9se, el\u0151\u00adk\u00e9\u00adsz\u00ed\u00adtett fel\u00fc\u00adletre, 30 mm vtg. EPS h\u0151szi\u00adge\u00adtel\u0151 t\u00e1bla fel\u00adhasz\u00adn\u00e1\u00adl\u00e1\u00ads\u00e1\u00adval, TERRANOVA weber.therm15 vagy ezzel egyen\u00ad\u00e9r\u00adt\u00e9k\u0171 hom\u00adlok\u00adzati h\u0151szi\u00adge\u00adtel\u0151 rend\u00adszer\u00adrel, ablak\u00adny\u00ed\u00adl\u00e1\u00adsok k\u00fcls\u0151 k\u00e1v\u00e1in, 23 cm sz\u00e9\u00adles\u00ads\u00e9\u00adgig, az el\u0151\u00ed\u00adr\u00e1\u00adsok betar\u00adt\u00e1\u00ads\u00e1\u00adval. L\u00e1ba\u00adzati h\u0151szi\u00adge\u00adte\u00adl\u00e9si rend\u00adszer k\u00e9sz\u00ed\u00adt\u00e9se, fagy\u00ad\u00e1ll\u00f3 l\u00e1ba\u00adzati h\u0151szi\u00adge\u00adtel\u0151 rend\u00adszer alkal\u00adma\u00adz\u00e1\u00ads\u00e1\u00adval, z\u00e1rt\u00adcel\u00adl\u00e1s h\u0151szi\u00adge\u00adte\u00adl\u00e9s 70 mm vtg-ban, l\u00e1ba\u00adzati alapfel\u00fcletekre.<\/p>\n<p>2. Z\u00e1r\u00f3\u00adf\u00f6\u00add\u00e9m h\u0151szi\u00adge\u00adte\u00adl\u00e9se a\u00a0meg\u00adfe\u00adlel\u0151 \u00e9rt\u00e9kre<\/p>\n<p>A z\u00e1r\u00f3\u00adf\u00f6\u00add\u00e9mre 20 cm vas\u00adtag k\u0151zet\u00adgya\u00adpot h\u0151szi\u00adge\u00adte\u00adl\u00e9s (pl. :URSA HF-HL vagy Rock\u00adwool Air\u00adrock LD (40kg\/m3) k\u0151zet\u00adgya\u00adpot h\u0151szi\u00adge\u00adte\u00adl\u00e9s, illetve ezzel egyen\u00ad\u00e9r\u00adt\u00e9k\u0171) ter\u00ed\u00adt\u00e9s k\u00e9sz\u00fcl. A\u00a0tet\u0151n bejut\u00f3 csa\u00adpa\u00add\u00e9k\u00advi\u00adzek elleni v\u00e9de\u00adlem\u00adk\u00e9nt a\u00a0h\u0151szi\u00adge\u00adte\u00adl\u00e9s p\u00e1ra\u00ad\u00e1t\u00ade\u00adreszt\u0151 f\u00f3lia ter\u00ed\u00adt\u00e9st\u00a0kap.<\/p>\n<p>3. Az \u00e9p\u00fc\u00adlet k\u00fcls\u0151 ny\u00ed\u00adl\u00e1\u00adsz\u00e1\u00adr\u00f3\u00adi\u00adnak energia-megtakar\u00edt\u00e1st ered\u00adm\u00e9\u00adnyez\u0151 cse\u00adr\u00e9je ere\u00addeti m\u00e9re\u00adtek\u00adben 5\u00a0kam\u00adr\u00e1s, m\u0171a\u00adnyag ablak, 70 mm-es pro\u00adfil. A\u00a0kap\u00adcso\u00adl\u00f3d\u00f3 fal\u00adszer\u00adke\u00adzet\u00adhez d\u00fcbe\u00adles befog\u00e1ssal,t\u00f6m\u00edt\u00e9ssel, taka\u00adr\u00e1\u00adsok\u00adkal komp\u00adlet\u00adten. Uw\u2022 1,15 W\/m2K. \u00dcve\u00adge\u00adz\u00e9s: 4+16 argon+4 super low-e \u00fcveg Ug\u2022 1,0\u00a0W\/m2K.<\/p>\n<p>5 l\u00e9g\u00adkam\u00adr\u00e1s 70 mm vtg pro\u00adfil. K\u00edv\u00fcl-bel\u00fcl feh\u00e9r sz\u00edn\u00adben, hor\u00adgany\u00adzott ac\u00e9l mere\u00adv\u00ed\u00adt\u00e9s\u00adsel, kett\u0151s EPDM anyag\u00fa sz\u00fcrke sz\u00edn\u0171 t\u00f6m\u00ed\u00adt\u00e9s\u00adsel, ROTO NT (ez\u00fcst sz\u00edn\u0171) vasa\u00adlat\u00adtal, feh\u00e9r sz\u00edn\u0171 kilin\u00adcsek\u00adkel, h\u0151szi\u00adge\u00adtelt sta\u00add\u00far panel\u00adlel. Ny\u00ed\u00adl\u00e1\u00adsz\u00e1\u00adr\u00f3k h\u0151 \u00e1tbo\u00adcs\u00e1\u00adt\u00e1si t\u00e9nyez\u0151je: Uw&lt;1,35 W\/m2K, l\u00e9g\u00adhang g\u00e1t\u00adl\u00e1s: LH 4\u00a0kateg\u00f3ria.<\/p>\n<p>4. F\u0170T\u00c9SKORSZER\u0170S\u00cdT\u00c9S: Az \u00e9p\u00fc\u00adlet f\u0171t\u00e9\u00ads\u00e9re az eddig hasz\u00adn\u00e1lt g\u00e1z\u00adka\u00adz\u00e1n tel\u00adjes eg\u00e9\u00adsz\u00e9\u00adben elbon\u00adt\u00e1sra ker\u00fcl\u00adnek, hely\u00e9re 1\u00a0db Viess\u00admann Vito\u00addens G\u00e1z\u00ad\u00fczem\u0171 kon\u00adden\u00adz\u00e1\u00adci\u00f3s f\u00f6ld\u00adg\u00e1z t\u00fcze\u00adl\u00e9s\u0171, 26 kW n\u00e9v\u00adle\u00adges egy\u00ads\u00e9g\u00adtel\u00adje\u00ads\u00edt\u00adm\u00e9ny\u0171 kaz\u00e1n ker\u00fcl elhe\u00adlye\u00adz\u00e9sre. A\u00a0kaz\u00e1n k\u00fcls\u0151 id\u0151\u00adj\u00e1\u00adr\u00e1s\u00adf\u00fcgg\u0151 vez\u00e9r\u00adl\u00e9\u00ads\u00e9re sza\u00adb\u00e1\u00adlyoz\u00f3 \u00e9s kieg\u00e9\u00adsz\u00edt\u0151 beren\u00adde\u00adz\u00e9\u00adsek ker\u00fcl\u00adnek be\u00e9p\u00ed\u00adt\u00e9\u00ads\u00e9re. Kicse\u00adr\u00e9\u00adl\u00e9s\u00adre\u00adke\u00adr\u00fcl\u00adnek a\u00a0radi\u00adt\u00e1r\u00adorok ill \u00faj ter\u00admo\u00adszt\u00e1t\u00adfe\u00adjes sze\u00adle\u00adpek ker\u00fcl\u00adnek\u00a0fel.<\/p>\n<p>5. MEG\u00daJUL\u00d3 ENERGIAFORR\u00c1S: Komp\u00adlett 3\u00a0kW-os nap\u00adele\u00admes (foto\u00advol\u00adta\u00adi\u00adkus) rend\u00adszer telep\u00edt\u00e9se<\/p>\n<p>6. Az \u00e9p\u00fc\u00adlet pro\u00adjekta\u00adr\u00e1\u00adnyos akad\u00e1lymentes\u00edt\u00e9se<\/p>\n<p>&nbsp;<\/p>\n<p>&nbsp;<\/p>\n<p><strong>******<\/strong><\/p>\n<p>2019. | j\u00falius |\u00a031.<\/p>\n<p>&nbsp;<\/p>\n<h2><strong>SAJT\u00d3K\u00d6ZLEM\u00c9NY<\/strong><\/h2>\n<p>&nbsp;<\/p>\n<p>&nbsp;<\/p>\n<p>J\u00e1szal\u00ads\u00f3\u00adszent\u00adgy\u00f6r\u00adgy\u00f6n befe\u00adjez\u0151d\u00adtek a\u00a0Roma Nem\u00adze\u00adti\u00ads\u00e9gi \u00d6nkor\u00adm\u00e1ny\u00adzat sz\u00e9k\u00adhe\u00adly\u00e9\u00adnek ener\u00adge\u00adti\u00adkai kor\u00adszer\u0171\u00ads\u00ed\u00adt\u00e9si munk\u00e1latai.<\/p>\n<p align=\"center\"><strong>\u00a0<\/strong><\/p>\n<p>J\u00e1szal\u00ads\u00f3\u00adszent\u00adgy\u00f6rgy K\u00f6z\u00ads\u00e9gi \u00d6nkor\u00adm\u00e1ny\u00adzat k\u00f6z\u00ad\u00e9p\u00fc\u00adle\u00adte a\u00a0TOP-3.2.1\u201316-JN1-2017\u201300005 azo\u00adno\u00ads\u00edt\u00f3 sz\u00e1\u00admon nyil\u00adv\u00e1n\u00adtar\u00adtott, \u201eA J\u00e1szal\u00ads\u00f3\u00adszent\u00adgy\u00f6r\u00adgyi Roma Nem\u00adze\u00adti\u00ads\u00e9gi \u00d6nkor\u00adm\u00e1ny\u00adzat sz\u00e9k\u00adhe\u00adly\u00e9\u00adnek ener\u00adge\u00adti\u00adkai kor\u00adszer\u0171\u00ads\u00ed\u00adt\u00e9se\u201d c\u00edm\u0171 p\u00e1ly\u00e1\u00adzata \u2013 a\u00a0Sz\u00e9\u00adche\u00adnyi 2020 prog\u00adram kere\u00adt\u00e9\u00adben \u2013 39.000.000.- Ft vissza nem t\u00e9r\u00ed\u00adtend\u0151, 100 sz\u00e1\u00adza\u00adl\u00e9\u00adkos inten\u00adzi\u00adt\u00e1s\u00fa eur\u00f3\u00adpai uni\u00f3s t\u00e1mo\u00adga\u00adt\u00e1s seg\u00edt\u00ads\u00e9\u00adg\u00e9\u00advel \u00fajult\u00a0meg.<\/p>\n<p>&nbsp;<\/p>\n<p>A pro\u00adjekt szakmai-m\u0171szaki tartalma:<\/p>\n<p>A pro\u00adjekt els\u0151\u00adsor\u00adban az \u00e9p\u00fc\u00adlet ener\u00adge\u00adti\u00adkai jav\u00ed\u00adt\u00e1\u00ads\u00e1ra, vala\u00admint az \u00e9rin\u00adtett \u00e9p\u00fc\u00adlet\u00adr\u00e9sz aka\u00add\u00e1ly\u00admen\u00adtes kiala\u00adk\u00ed\u00adt\u00e1s biz\u00adto\u00ads\u00ed\u00adt\u00e1\u00ads\u00e1ra ir\u00e1nyult.<\/p>\n<p>1. Az \u00e9p\u00fc\u00adlet f\u0171t\u00f6tt teret hat\u00e1\u00adrol\u00f3 fala\u00adi\u00adnak k\u00fcls\u0151 oldali h\u0151szigetel\u00e9se:<\/p>\n<p>H\u0151szi\u00adge\u00adtel\u0151 hom\u00adlok\u00adzati bevo\u00adnat k\u00e9sz\u00ed\u00adt\u00e9\u00ads\u00e9\u00advel, a\u00a0l\u00e1ba\u00adzati h\u0151szi\u00adge\u00adte\u00adl\u00e9si rend\u00adszer, fagy\u00ad\u00e1ll\u00f3 l\u00e1ba\u00adzati h\u0151szi\u00adge\u00adtel\u0151 rend\u00adszer alkal\u00adma\u00adz\u00e1\u00ads\u00e1\u00adval, z\u00e1rt\u00adcel\u00adl\u00e1s h\u0151szi\u00adge\u00adte\u00adl\u00e9s\u00adsel 70 mm vtg-ban, l\u00e1ba\u00adzati alap\u00adfe\u00adl\u00fc\u00adle\u00adtekre val\u00f3\u00adsult\u00a0meg.<\/p>\n<p>2. A\u00a0z\u00e1r\u00f3\u00adf\u00f6\u00add\u00e9mre 20 cm vas\u00adtag k\u0151zet\u00adgya\u00adpot h\u0151szi\u00adge\u00adte\u00adl\u00e9s ker\u00fclt. A\u00a0tet\u0151n bejut\u00f3 csa\u00adpa\u00add\u00e9k\u00advi\u00adzek elleni v\u00e9de\u00adlem\u00adk\u00e9nt a\u00a0h\u0151szi\u00adge\u00adte\u00adl\u00e9s p\u00e1ra\u00ad\u00e1t\u00ade\u00adreszt\u0151 f\u00f3lia ter\u00ed\u00adt\u00e9st kapott.<\/p>\n<p>3. Az \u00e9p\u00fc\u00adlet k\u00fcls\u0151 ny\u00ed\u00adl\u00e1\u00adsz\u00e1\u00adr\u00f3\u00adi\u00adnak energia-megtakar\u00edt\u00e1st ered\u00adm\u00e9\u00adnyez\u0151 cse\u00adr\u00e9je ere\u00addeti m\u00e9re\u00adtek\u00adben 5\u00a0kam\u00adr\u00e1s, m\u0171a\u00adnyag ablak, 70 mm-es pro\u00adfil\u00adlal val\u00f3\u00adsult\u00a0meg.<\/p>\n<p>&nbsp;<\/p>\n<p>A fej\u00adlesz\u00adt\u00e9\u00adsek\u00adnek k\u00f6sz\u00f6n\u00adhet\u0151en az \u00d6nkor\u00adm\u00e1ny\u00adzat rezsi\u00adk\u00f6lt\u00ads\u00e9\u00adgei jelent\u0151s m\u00e9r\u00adt\u00e9k\u00adben cs\u00f6k\u00adken\u00adhet\u00adnek majd a\u00a0j\u00f6v\u0151\u00adben, \u00edgy az itt meg\u00adta\u00adka\u00adr\u00ed\u00adtott \u00f6sszeg\u00adb\u0151l az egy\u00e9b k\u00f6te\u00adlez\u0151 fel\u00adada\u00adtok ell\u00e1\u00adt\u00e1\u00ads\u00e1\u00adhoz (utak, j\u00e1r\u00add\u00e1k fel\u00ad\u00faj\u00ed\u00adt\u00e1sa, k\u00f6z\u00adte\u00admet\u0151 fenn\u00adtar\u00adt\u00e1sa stb\u2026) tudunk majd t\u00f6bb\u00adlet\u00adfor\u00adr\u00e1st biztos\u00edtani.<\/p>\n<p>A pro\u00adjekt meg\u00adva\u00adl\u00f3\u00ads\u00ed\u00adt\u00e1si ideje: 2018. feb\u00adru\u00e1r \u2013 2019. j\u00falius<\/p>\n<p><strong>A pro\u00adjektr\u0151l b\u0151vebb infor\u00adm\u00e1\u00adci\u00f3t a\u00a0<\/strong><a href=\"http:\/\/www.jaszalsoszentgyorgy.hu\/\"><strong>www.jaszalsoszentgyorgy.hu<\/strong><\/a><strong>\u00a0olda\u00adlon olvashatnak.<\/strong><\/p>\n<p><strong>\u00a0<\/strong><\/p>\n<p><strong>Tov\u00e1bbi infor\u00adm\u00e1\u00adci\u00f3 k\u00e9rhet\u0151:<\/strong><\/p>\n<p><a href=\"mailto:jegyzo@jaszalsoszentgyorgy.hu\"><strong>jegyzo@jaszalsoszentgyorgy.hu<\/strong><\/a><strong>\u00a0e-mail c\u00edmen<\/strong><\/p>\n<\/div>\n","protected":false},"excerpt":{"rendered":"<p>VISSZA A F\u0150OLDALRA TOP-3.2.1\u201316-JN1-2017\u201300005 \u201cA J\u00e1szals\u00f3szentgy\u00f6rgyi Roma Nemzetis\u00e9gi \u00d6nkorm\u00e1nyzat sz\u00e9khely\u00e9nek energetikai korszer\u0171s\u00edt\u00e9se\u201d &nbsp; Pro\u00adjekt azo\u00adno\u00ads\u00edt\u00f3 sz\u00e1ma:\u00a0 TOP-3.2.1\u201316-JN1-2017\u201300005 &nbsp; Pro\u00adjekt c\u00edme:\u00a0A\u00a0J\u00e1szal\u00ads\u00f3\u00adszent\u00adgy\u00f6r\u00adgyi Roma Nem\u00adze\u00adti\u00ads\u00e9gi \u00d6nkor\u00adm\u00e1ny\u00adzat sz\u00e9k\u00adhe\u00adly\u00e9\u00adnek ener\u00adge\u00adti\u00adkai korszer\u0171s\u00edt\u00e9se &nbsp; Ked\u00advez\u00adm\u00e9\u00adnye\u00adzett neve:\u00a0J\u00e1szal\u00ads\u00f3\u00adszent\u00adgy\u00f6rgy K\u00f6z\u00ads\u00e9gi \u00d6nkorm\u00e1nyzat &nbsp; T\u00e1mo\u00adga\u00adt\u00e1s \u00f6sszege:\u00a039.000.000.-Ft &nbsp; T\u00e1mo\u00adga\u00adt\u00e1s m\u00e9r\u00adt\u00e9ke:\u00a0100% &nbsp; Pro\u00adjekt ter\u00adve\u00adzett befe\u00adje\u00adz\u00e9si d\u00e1tuma:\u00a02019. j\u00falius 31. &nbsp; A pro\u00adjekt tar\u00adtal\u00adm\u00e1\u00adnak bemutat\u00e1sa: &nbsp; A 100%-ban \u00f6nkor\u00adm\u00e1ny\u00adzati tulaj\u00addon\u00adban l\u00e9v\u0151&hellip;<\/p>\n","protected":false},"author":1,"featured_media":0,"parent":28,"menu_order":0,"comment_status":"closed","ping_status":"closed","template":"","meta":{"footnotes":""},"class_list":["post-78","page","type-page","status-publish","hentry","entry","no-media"],"_links":{"self":[{"href":"https:\/\/palyazat.jaszalsoszentgyorgy.hu\/index.php?rest_route=\/wp\/v2\/pages\/78","targetHints":{"allow":["GET"]}}],"collection":[{"href":"https:\/\/palyazat.jaszalsoszentgyorgy.hu\/index.php?rest_route=\/wp\/v2\/pages"}],"about":[{"href":"https:\/\/palyazat.jaszalsoszentgyorgy.hu\/index.php?rest_route=\/wp\/v2\/types\/page"}],"author":[{"embeddable":true,"href":"https:\/\/palyazat.jaszalsoszentgyorgy.hu\/index.php?rest_route=\/wp\/v2\/users\/1"}],"replies":[{"embeddable":true,"href":"https:\/\/palyazat.jaszalsoszentgyorgy.hu\/index.php?rest_route=%2Fwp%2Fv2%2Fcomments&post=78"}],"version-history":[{"count":0,"href":"https:\/\/palyazat.jaszalsoszentgyorgy.hu\/index.php?rest_route=\/wp\/v2\/pages\/78\/revisions"}],"up":[{"embeddable":true,"href":"https:\/\/palyazat.jaszalsoszentgyorgy.hu\/index.php?rest_route=\/wp\/v2\/pages\/28"}],"wp:attachment":[{"href":"https:\/\/palyazat.jaszalsoszentgyorgy.hu\/index.php?rest_route=%2Fwp%2Fv2%2Fmedia&parent=78"}],"curies":[{"name":"wp","href":"https:\/\/api.w.org\/{rel}","templated":true}]}}