{"id":80,"date":"2021-01-12T00:17:15","date_gmt":"2021-01-12T00:17:15","guid":{"rendered":"http:\/\/palyazat.jaszalsoszentgyorgy.hu\/?page_id=80"},"modified":"2021-01-12T01:19:26","modified_gmt":"2021-01-12T01:19:26","slug":"top-3-1-1-15-jn1-2016-00017","status":"publish","type":"page","link":"https:\/\/palyazat.jaszalsoszentgyorgy.hu\/?page_id=80","title":{"rendered":"TOP-3.1.1\u201315-JN1-2016\u201300017"},"content":{"rendered":"<h2><span style=\"font-size: 10px; font-family: 'book antiqua', palatino, serif; color: #3366ff;\"><a style=\"color: #3366ff;\" href=\"http:\/\/palyazat.jaszalsoszentgyorgy.hu\/\">VISSZA A F\u0150OLDALRA<\/a><\/span><\/h2>\n<h2>TOP-3.1.1\u201315-JN1-2016\u201300017 \u201eKer\u00e9kp\u00e1rosbar\u00e1t fejleszt\u00e9s ker\u00e9kp\u00e1r\u00fat ki\u00e9p\u00edt\u00e9s\u00e9vel J\u00e1szals\u00f3szentgy\u00f6rgy\u00f6n\u201d<\/h2>\n<div class=\"entry\">\n<p>&nbsp;<\/p>\n<p><a href=\"http:\/\/www.jaszalsoszentgyorgy.hu\/wp-content\/uploads\/projektt%C3%A1bla4.jpg\"><img loading=\"lazy\" decoding=\"async\" class=\"aligncenter size-full wp-image-11629\" title=\"projektt\u00e1bla\" src=\"http:\/\/www.jaszalsoszentgyorgy.hu\/wp-content\/uploads\/projektt%C3%A1bla4.jpg\" alt=\"\" width=\"897\" height=\"510\" \/><\/a><\/p>\n<p>&nbsp;<\/p>\n<\/div>\n<table width=\"473\">\n<tbody>\n<tr>\n<td colspan=\"2\" width=\"473\"><b><strong>TOP-3.1.1\u201315-JN1-2016\u201300017<\/strong><\/b><\/p>\n<p><b><strong>\u201eKer\u00e9k\u00adp\u00e1\u00adros\u00adba\u00adr\u00e1t fej\u00adlesz\u00adt\u00e9s ker\u00e9k\u00adp\u00e1\u00adr\u00fat ki\u00e9p\u00ed\u00adt\u00e9\u00ads\u00e9\u00advel J\u00e1szals\u00f3szentgy\u00f6rgy\u00f6n\u201d<\/strong><\/b><\/td>\n<\/tr>\n<tr>\n<td width=\"193\"><b><strong>Pro\u00adjekt azo\u00adno\u00ads\u00edt\u00f3\u00a0sz\u00e1ma<\/strong><\/b><\/td>\n<td width=\"280\"><b><strong>TOP-3.1.1\u201315-JN1-2016\u201300017<\/strong><\/b><\/td>\n<\/tr>\n<tr>\n<td width=\"193\"><b><strong>Pro\u00adjekt\u00a0c\u00edme<\/strong><\/b><\/td>\n<td width=\"280\"><b><strong>\u201eKer\u00e9k\u00adp\u00e1\u00adros\u00adba\u00adr\u00e1t fej\u00adlesz\u00adt\u00e9s ker\u00e9k\u00adp\u00e1\u00adr\u00fat ki\u00e9p\u00ed\u00adt\u00e9\u00ads\u00e9\u00advel J\u00e1szals\u00f3szentgy\u00f6rgy\u00f6n\u201d<\/strong><\/b><\/td>\n<\/tr>\n<tr>\n<td width=\"193\"><b><strong>Ked\u00advez\u00adm\u00e9\u00adnye\u00adzett\u00a0neve:<\/strong><\/b><\/td>\n<td width=\"280\">J\u00e1szal\u00ads\u00f3\u00adszent\u00adgy\u00f6rgy\u00adK\u00f6z\u00ads\u00e9gi \u00d6nkorm\u00e1nyzat<\/td>\n<\/tr>\n<tr>\n<td width=\"193\"><b><strong>T\u00e1mo\u00adga\u00adt\u00e1s \u00f6sszege<\/strong><\/b><\/td>\n<td width=\"280\">150.000.000.-Ft<\/td>\n<\/tr>\n<tr>\n<td width=\"193\"><b><strong>T\u00e1mo\u00adga\u00adt\u00e1s m\u00e9rt\u00e9ke<\/strong><\/b><\/td>\n<td width=\"280\">100%<\/td>\n<\/tr>\n<tr>\n<td width=\"193\"><b><strong>Pro\u00adjekt ter\u00adve\u00adzett befe\u00adje\u00adz\u00e9si d\u00e1tuma<\/strong><\/b><\/td>\n<td width=\"280\">2019. augusz\u00adtus\u00a031.<\/td>\n<\/tr>\n<\/tbody>\n<\/table>\n<p>&nbsp;<\/p>\n<p><b><strong>A pro\u00adjekt tar\u00adtal\u00adm\u00e1\u00adnak bemutat\u00e1sa<\/strong><\/b><\/p>\n<p>A\u00a0TOP c\u00e9lja, hogy a\u00a0fenn\u00adtart\u00adhat\u00f3 k\u00f6z\u00adle\u00adke\u00add\u00e9s fel\u00adt\u00e9\u00adte\u00adleit meg\u00adte\u00adremt\u0151 \u00e9s er\u0151\u00ads\u00edt\u0151 k\u00f6z\u00adle\u00adke\u00add\u00e9s\u00adfej\u00adlesz\u00adt\u00e9si int\u00e9z\u00adke\u00add\u00e9\u00adsek val\u00f3\u00adsul\u00adja\u00adnak meg tele\u00adp\u00fc\u00adl\u00e9\u00adse\u00adken \u00e9s tele\u00adp\u00fc\u00adl\u00e9\u00adsek k\u00f6z\u00f6tt, melyek hoz\u00adz\u00e1\u00adj\u00e1\u00adrul\u00adnak az \u00e9ghaj\u00adlat\u00adv\u00e1l\u00adto\u00adz\u00e1s m\u00e9r\u00ads\u00e9k\u00adl\u00e9\u00ads\u00e9\u00adhez, a\u00a0sz\u00e9n-dioxid kibo\u00adcs\u00e1\u00adt\u00e1s cs\u00f6k\u00adken\u00adt\u00e9\u00ads\u00e9\u00adhez, az \u00e9lhet\u0151 v\u00e1rosi \u00e9s tele\u00adp\u00fc\u00adl\u00e9si k\u00f6r\u00adnye\u00adzet kiala\u00adku\u00adl\u00e1\u00ads\u00e1\u00adhoz, vala\u00admint az EU2020 \u00e9s a\u00a0Nem\u00adzeti K\u00f6z\u00adle\u00adke\u00add\u00e9si Infrastrukt\u00fara-fejleszt\u00e9si Stra\u00adt\u00e9\u00adgia fenn\u00adtart\u00adhat\u00f3 fejl\u0151\u00add\u00e9sre \u00e9s k\u00f6z\u00adle\u00adke\u00add\u00e9sre vonat\u00adkoz\u00f3 c\u00e9l\u00adja\u00adi\u00adnak a\u00a0teljes\u00fcl\u00e9s\u00e9hez.<\/p>\n<p>J\u00e1szal\u00ads\u00f3\u00adszent\u00adgy\u00f6rgy K\u00f6z\u00ads\u00e9gi \u00d6nkor\u00adm\u00e1ny\u00adzat a\u00a0fenti c\u00e9lok el\u00e9r\u00e9\u00ads\u00e9\u00adhez biz\u00adton\u00ads\u00e1\u00adgos, fenn\u00adtart\u00adhat\u00f3 k\u00f6r\u00adnye\u00adzet\u00adba\u00adr\u00e1t ker\u00e9k\u00adp\u00e1\u00adr\u00fat ki\u00e9p\u00ed\u00adt\u00e9\u00ads\u00e9\u00advel k\u00edv\u00e1n hoz\u00adz\u00e1\u00adj\u00e1\u00adrulni, mely a\u00a0tele\u00adp\u00fc\u00adl\u00e9si mobi\u00adli\u00adt\u00e1st lehet\u0151v\u00e9 teszi leveg\u0151\u00adszennye\u00adz\u00e9s \u00e9s zaj\u00adter\u00adhe\u00adl\u00e9s n\u00e9l\u00adk\u00fcl vala\u00admint alap\u00advet\u0151 k\u00f6r\u00adnye\u00adzeti szeml\u00e9letform\u00e1l\u00e1ssal.<\/p>\n<p>A pro\u00adjekt kere\u00adt\u00e9\u00adben ker\u00e9k\u00adp\u00e1\u00adr\u00fat\u00adtal lesz \u00f6ssze\u00adk\u00f6tve J\u00e1szal\u00ads\u00f3\u00adszent\u00adgy\u00f6rgy k\u00f6z\u00ads\u00e9g \u00f6sszes fon\u00adto\u00adsabb \u00f6nkor\u00adm\u00e1ny\u00adzati \u00e9s k\u00f6z\u00adin\u00adt\u00e9z\u00adm\u00e9\u00adnye. K\u00f6z\u00advet\u00adlen ker\u00e9k\u00adp\u00e1\u00adros \u00fat \u00e9p\u00fcl a\u00a0Szent Gy\u00f6rgy Kato\u00adli\u00adkus \u00c1lta\u00adl\u00e1\u00adnos Iskola, a\u00a0Cif\u00adra\u00adpa\u00adlota \u00d3voda \u00e9s B\u00f6lcs\u0151de, a\u00a0Piac\u00adt\u00e9r, a\u00a0Pol\u00adg\u00e1r\u00admes\u00adteri Hiva\u00adtal, a\u00a0T\u0171zol\u00adt\u00f3\u00ads\u00e1g \u00e9p\u00fc\u00adle\u00adtei k\u00f6z\u00f6tt. A\u00a0ker\u00e9k\u00adp\u00e1\u00adr\u00fat men\u00adt\u00e9n l\u00e9v\u0151 v\u00e1l\u00adlal\u00adko\u00adz\u00e1\u00adsok sz\u00e1ma el\u00e9ri a\u00a04 db-ot, a\u00a0ker\u00e9k\u00adp\u00e1\u00adr\u00fat ugyan\u00adak\u00adkor fon\u00adtos sze\u00adre\u00adpet t\u00f6lt\u00adhet be a\u00a0szom\u00adsz\u00e9\u00addos tele\u00adp\u00fc\u00adl\u00e9s J\u00e1sz\u00adla\u00add\u00e1ny hat\u00e1\u00adr\u00e1\u00adban tal\u00e1l\u00adhat\u00f3 T-Plasztik Kft. mun\u00adka\u00adhe\u00adlye\u00adi\u00adnek meg\u00adk\u00f6\u00adze\u00adl\u00ed\u00adt\u00e9\u00ads\u00e9\u00adben\u00a0is.<\/p>\n<p>A beru\u00adh\u00e1\u00adz\u00e1s ered\u00adm\u00e9\u00adnye\u00adk\u00e9nt a\u00a0beavat\u00adko\u00adz\u00e1si ter\u00fc\u00adlet k\u00f6z\u00adle\u00adke\u00add\u00e9si \u00fath\u00e1\u00adl\u00f3\u00adzata ker\u00e9k\u00adp\u00e1\u00adros bar\u00e1tt\u00e1 v\u00e1lik, kiala\u00adkul a\u00a0beavat\u00adko\u00adz\u00e1si ter\u00fc\u00adlet ker\u00e9k\u00adp\u00e1\u00adros alaph\u00e1l\u00f3zata.<\/p>\n<p>Kiala\u00adk\u00ed\u00adtott ker\u00e9k\u00adp\u00e1r\u00adfor\u00adgalmi l\u00e9te\u00ads\u00edt\u00adm\u00e9\u00adnyek hossza 1.362 km, mely komp\u00adlex prog\u00adram\u00admal fej\u00adlesz\u00adtend\u0151 j\u00e1r\u00e1s\u00adban val\u00f3\u00adsul meg. A\u00a0pro\u00adjekt hoz\u00adz\u00e1\u00adj\u00e1\u00adrul a\u00a0gaz\u00adda\u00ads\u00e1gi n\u00f6ve\u00adke\u00add\u00e9s\u00adhez, hiszen J\u00e1szal\u00ads\u00f3\u00adszent\u00adgy\u00f6r\u00adgy\u00f6n a\u00a0ter\u00adve\u00adzett ker\u00e9k\u00adp\u00e1\u00adr\u00fat nyom\u00advo\u00adnala mel\u00adlett, illetve k\u00f6z\u00advet\u00adlen szom\u00adsz\u00e9d\u00ads\u00e1\u00adg\u00e1\u00adban tal\u00e1l\u00adhat\u00f3 kb. 10 v\u00e1l\u00adlal\u00adko\u00adz\u00e1s tal\u00e1l\u00adhat\u00f3 a\u00a0ter\u00adve\u00adzett ker\u00e9k\u00adp\u00e1\u00adr\u00fat nyom\u00advo\u00adnala mel\u00adlett, illetve szom\u00adsz\u00e9d\u00ads\u00e1\u00adg\u00e1\u00adban. A\u00a0j\u00e1szal\u00ads\u00f3\u00adszent\u00adgy\u00f6r\u00adgyi ker\u00e9k\u00adp\u00e1\u00adr\u00fat \u00e9p\u00ed\u00adt\u00e9se tov\u00e1bb\u00e1 mun\u00adka\u00adhely\u00adte\u00adrem\u00adt\u00e9s\u00adhez is hoz\u00adz\u00e1\u00adj\u00e1\u00adrul, a\u00a0h\u00e1t\u00adr\u00e1\u00adnyos hely\u00adzet\u0171 lako\u00adsok kivi\u00adte\u00adle\u00adz\u00e9si mun\u00adk\u00e1ba val\u00f3 bevo\u00adn\u00e1\u00ads\u00e1\u00adval (3\u00a0f\u0151).<\/p>\n<p>***<\/p>\n<h1><b><strong>\u201eKor\u00adszer\u0171 ker\u00e9k\u00adp\u00e1\u00adr\u00fat \u00e9p\u00fclt J\u00e1szals\u00f3szentgy\u00f6rgy\u00f6n\u201d<\/strong><\/b><\/h1>\n<h2>J\u00e1szal\u00ads\u00f3\u00adszent\u00adgy\u00f6rgy K\u00f6z\u00ads\u00e9gi \u00d6nkor\u00adm\u00e1ny\u00adzat a\u00a0biz\u00adton\u00ads\u00e1\u00adgos \u00e9s \u00f3vo\u00add\u00e1ja \u00e9s b\u00f6lcs\u0151\u00add\u00e9je a\u00a0TOP-3.1.1\u201315-JN1-2016\u201300017<b><strong>\u00a0<\/strong><\/b>azo\u00adno\u00ads\u00edt\u00f3 sz\u00e1\u00admon nyil\u00adv\u00e1n\u00adtar\u00adtott,\u00a0<b><strong>\u201eKer\u00e9k\u00adp\u00e1\u00adros\u00adba\u00adr\u00e1t fej\u00adlesz\u00adt\u00e9s ker\u00e9k\u00adp\u00e1\u00adr\u00fat ki\u00e9p\u00ed\u00adt\u00e9\u00ads\u00e9\u00advel J\u00e1szal\u00ads\u00f3\u00adszent\u00adgy\u00f6r\u00adgy\u00f6n\u201d<\/strong><\/b>\u00a0c\u00edm\u0171 p\u00e1ly\u00e1\u00adzata \u2013 a\u00a0Sz\u00e9\u00adche\u00adnyi 2020 prog\u00adram kere\u00adt\u00e9\u00adben \u2013 150.000.000.- Ft vissza nem t\u00e9r\u00ed\u00adtend\u0151, 100 sz\u00e1\u00adza\u00adl\u00e9\u00adkos inten\u00adzi\u00adt\u00e1s\u00fa eur\u00f3\u00adpai uni\u00f3s t\u00e1mo\u00adga\u00adt\u00e1s seg\u00edt\u00ads\u00e9\u00adg\u00e9\u00advel \u00fajult\u00a0meg.<\/h2>\n<h2>J\u00e1szal\u00ads\u00f3\u00adszent\u00adgy\u00f6rgy K\u00f6z\u00ads\u00e9gi \u00d6nkor\u00adm\u00e1ny\u00adzat egyik fon\u00adtos fej\u00adlesz\u00adt\u00e9si c\u00e9l\u00adkit\u0171\u00adz\u00e9se volt, hogy a\u00a0Tiszas\u00fcly-J\u00e1szals\u00f3szentgy\u00f6rgy \u00f6ssze\u00adk\u00f6t\u0151 3226. sz. \u00fat J\u00e1szal\u00ads\u00f3\u00adszent\u00adgy\u00f6rgy R\u00e1k\u00f3\u00adczi \u00fati bel\u00adte\u00adr\u00fc\u00adleti sza\u00adka\u00adsz\u00e1n ker\u00e9k\u00adp\u00e1r\u00adutat \u00e9p\u00edt\u00adsen, a\u00a0k\u00f6z\u00adle\u00adke\u00add\u00e9s biz\u00adton\u00ads\u00e1\u00adgo\u00adsabb\u00e1 t\u00e9tele \u00e9s a\u00a0l\u00e9te\u00ads\u00ed\u00adtend\u0151 ker\u00e9k\u00adp\u00e1\u00adr\u00fat nyom\u00advo\u00adnala k\u00f6z\u00advet\u00adlen k\u00f6ze\u00adl\u00e9\u00adben l\u00e9v\u0151 iskola, \u00f3voda, piac\u00adt\u00e9r, gy\u00f3gy\u00adszer\u00adt\u00e1r, mun\u00adka\u00adhe\u00adlyek, szol\u00adg\u00e1l\u00adta\u00adt\u00e1st v\u00e9gz\u0151 helyi v\u00e1l\u00adlal\u00adko\u00adz\u00e1\u00adsok min\u00e9l k\u00f6nnyebb el\u00e9r\u00e9se \u00e9rdek\u00e9ben.<\/h2>\n<h2>A 32. \u00e9s a\u00a03226. sz\u00e1m\u00fa k\u00f6z\u00adutak keresz\u00adtez\u0151\u00add\u00e9\u00ads\u00e9\u00adben a\u00a03226. sz\u00e1m\u00fa k\u00f6z\u00fat bal olda\u00adl\u00e1n tal\u00e1l\u00adhat\u00f3 j\u00e1rda hely\u00e9n meg\u00ad\u00e9p\u00fclt ker\u00e9k\u00adp\u00e1\u00adr\u00fat nyom\u00advo\u00adnala v\u00edz\u00adszin\u00adtes \u00e9rte\u00adlem\u00adben k\u00f6veti a\u00a0k\u00f6z\u00fat vonal\u00adve\u00adze\u00adt\u00e9\u00ads\u00e9t, azzal k\u00f6zel p\u00e1r\u00adhu\u00adza\u00admo\u00adsan vezet. A\u00a0ker\u00e9k\u00adp\u00e1\u00adr\u00fat a\u00a0k\u00f6z\u00ad\u00fat\u00adt\u00f3l 3,15m-re egye\u00adne\u00adsen halad a\u00a0R\u00e1k\u00f3\u00adczi utcai telek\u00adha\u00adt\u00e1r mel\u00adlett. Az itt lev\u0151 beton j\u00e1rda elbon\u00adt\u00e1sra ker\u00fclt. A\u00a0keresz\u00adtez\u0151 asz\u00adfalt\u00adbur\u00adko\u00adlat\u00fa utak\u00adhoz szint\u00adben csat\u00adla\u00adko\u00adzik. A\u00a0kapu\u00adbe\u00adhaj\u00adt\u00f3k\u00adn\u00e1l a\u00a0szint\u00adk\u00fc\u00adl\u00f6nb\u00ads\u00e9g \u201eK\u201d sze\u00adg\u00e9ly be\u00e9p\u00ed\u00adt\u00e9\u00ads\u00e9\u00advel ker\u00fclt \u00e1thi\u00adda\u00adl\u00e1sra. A\u00a0ker\u00e9k\u00adp\u00e1\u00adr\u00fat 2,70m hasz\u00adn\u00e1\u00adlati sz\u00e9\u00adles\u00ads\u00e9g\u00adgel, egy\u00adol\u00addali 5\u00a0cm sz\u00e9\u00adles kerti sze\u00adg\u00e9llyel k\u00e9sz\u00fclt.<\/h2>\n<h2>A beru\u00adh\u00e1\u00adz\u00e1s kere\u00adt\u00e9\u00adben a\u00a0nem csak \u00faj ker\u00e9k\u00adp\u00e1\u00adr\u00fat\u00adtal gaz\u00adda\u00adgo\u00addott a\u00a0tele\u00adp\u00fc\u00adl\u00e9s, mivel a\u00a0l\u00e9te\u00ads\u00edt\u00adm\u00e9ny kiv\u00e1l\u00f3 min\u0151\u00ads\u00e9g\u0171 j\u00e1r\u00adda\u00adk\u00e9nt is szol\u00adg\u00e1l a\u00a0gya\u00adlo\u00adgos\u00adfor\u00adga\u00adlom r\u00e9sz\u00e9re is, illetve a\u00a0ker\u00e9k\u00adp\u00e1\u00adr\u00fat nyom\u00advo\u00adna\u00adl\u00e1n tel\u00adje\u00adsen \u00faj csapad\u00e9kv\u00edzelvezet\u0151-rendszer is ki\u00e9p\u00ed\u00adt\u00e9sre ker\u00fclt, ami belvizes-csapad\u00e9kos id\u0151\u00adszak\u00adban az egy\u00e9b\u00adk\u00e9nt is m\u00e9lyen fekv\u0151 ingat\u00adla\u00adnok\u00adt\u00f3l \u00e9s a\u00a0R\u00e1k\u00f3\u00adczi \u00fatba becsat\u00adla\u00adkoz\u00f3 utc\u00e1k\u00adb\u00f3l gyor\u00adsan \u00e9s hat\u00e9\u00adko\u00adnyan elve\u00adzeti a\u00a0vizet a\u00a0befo\u00adgad\u00f3 t\u00e1ro\u00adz\u00f3ba. Ezen fel\u00fcl 22 darab r\u00e9gi, elavult \u00e9s a\u00a0nyom\u00advo\u00adnal\u00adban l\u00e9v\u0151 vil\u00adlany\u00adosz\u00adlop cse\u00adr\u00e9\u00adj\u00e9re is sor ker\u00fclt. A\u00a0l\u00e9te\u00ads\u00edt\u00adm\u00e9ny aka\u00add\u00e1ly\u00admen\u00adtes, \u00edgy a\u00a0fogya\u00adt\u00e9k\u00adkal \u00e9l\u0151k is biz\u00adton\u00ads\u00e1g\u00adgal tud\u00adj\u00e1k haszn\u00e1lni.<\/h2>\n<h2>A fej\u00adlesz\u00adt\u00e9s k\u00f6vet\u00adkez\u00adt\u00e9\u00adben a\u00a0tele\u00adp\u00fc\u00adl\u00e9s gya\u00adlo\u00adgos\u2013 \u00e9s ker\u00e9k\u00adp\u00e1\u00adros k\u00f6z\u00adle\u00adke\u00add\u00e9si inf\u00adra\u00adstruk\u00adt\u00fa\u00adr\u00e1ja jelent\u0151s m\u00e9r\u00adt\u00e9k\u00adben fejl\u0151\u00add\u00f6tt, biz\u00adton\u00ads\u00e1\u00adgo\u00adsabb\u00e1 v\u00e1lt, ami egy fon\u00adtos l\u00e9pcs\u0151\u00adfok a\u00a0tele\u00adp\u00fc\u00adl\u00e9s leg\u00adfon\u00adto\u00adsabb c\u00e9l\u00adkit\u0171\u00adz\u00e9\u00ads\u00e9\u00adnek meg\u00adva\u00adl\u00f3\u00ads\u00ed\u00adt\u00e1\u00ads\u00e1\u00adhoz, hogy J\u00e1szal\u00ads\u00f3\u00adszent\u00adgy\u00f6rgy kom\u00adfor\u00adtos \u00e9s vonz\u00f3 lak\u00f3\u00adte\u00adr\u00fc\u00adlet\u0171, ig\u00e9\u00adnyes k\u00f6z\u00adte\u00adr\u00fc\u00adle\u00adtek\u00adkel ren\u00addel\u00adkez\u0151, meg\u00adfe\u00adlel\u0151 szol\u00adg\u00e1l\u00adta\u00adt\u00e1si szint\u0171 \u00e9lhet\u0151 tele\u00adp\u00fc\u00adl\u00e9ss\u00e9 v\u00e1ljon.<\/h2>\n<p>A pro\u00adjekt meg\u00adva\u00adl\u00f3\u00ads\u00ed\u00adt\u00e1si ideje: 2017. m\u00e1jus \u2014 2019. augusztus<\/p>\n<h2><b><strong>K\u00e9pes besz\u00e1\u00admol\u00f3:<\/strong><\/b><\/h2>\n<p>&nbsp;<\/p>\n<p><a href=\"http:\/\/www.jaszalsoszentgyorgy.hu\/?attachment_id=12673\" rel=\"attachment wp-att-12673\"><img loading=\"lazy\" decoding=\"async\" class=\"aligncenter size-medium wp-image-12673\" title=\"kerekparu19_1\" src=\"http:\/\/www.jaszalsoszentgyorgy.hu\/wp-content\/uploads\/kerekparu19_1-300x225.jpg\" alt=\"\" width=\"300\" height=\"225\" \/><\/a><\/p>\n<p><a href=\"http:\/\/www.jaszalsoszentgyorgy.hu\/?attachment_id=12674\" rel=\"attachment wp-att-12674\"><img loading=\"lazy\" decoding=\"async\" class=\"aligncenter size-medium wp-image-12674\" title=\"kerekparu19_2\" src=\"http:\/\/www.jaszalsoszentgyorgy.hu\/wp-content\/uploads\/kerekparu19_2-300x225.jpg\" alt=\"\" width=\"300\" height=\"225\" \/><\/a><\/p>\n<p><a href=\"http:\/\/www.jaszalsoszentgyorgy.hu\/?attachment_id=12675\" rel=\"attachment wp-att-12675\"><img loading=\"lazy\" decoding=\"async\" class=\"aligncenter size-medium wp-image-12675\" title=\"kerekparu19_3\" src=\"http:\/\/www.jaszalsoszentgyorgy.hu\/wp-content\/uploads\/kerekparu19_3-300x225.jpg\" alt=\"\" width=\"300\" height=\"225\" \/><\/a><\/p>\n<p><a href=\"http:\/\/www.jaszalsoszentgyorgy.hu\/?attachment_id=12676\" rel=\"attachment wp-att-12676\"><img loading=\"lazy\" decoding=\"async\" class=\"aligncenter size-medium wp-image-12676\" title=\"kerekparu19_4\" src=\"http:\/\/www.jaszalsoszentgyorgy.hu\/wp-content\/uploads\/kerekparu19_4-300x225.jpg\" alt=\"\" width=\"300\" height=\"225\" \/><\/a><\/p>\n<p>&nbsp;<\/p>\n<p><a href=\"http:\/\/www.jaszalsoszentgyorgy.hu\/wp-content\/uploads\/%C3%A1tad%C3%B3-1.jpg\"><img loading=\"lazy\" decoding=\"async\" class=\"aligncenter size-medium wp-image-12193\" title=\"\u00e1tad\u00f3 1\" src=\"http:\/\/www.jaszalsoszentgyorgy.hu\/wp-content\/uploads\/%C3%A1tad%C3%B3-1-300x225.jpg\" alt=\"\" width=\"300\" height=\"225\" \/><\/a><\/p>\n<p><a href=\"http:\/\/www.jaszalsoszentgyorgy.hu\/wp-content\/uploads\/%C3%A1tad%C3%B3-2.jpg\"><img loading=\"lazy\" decoding=\"async\" class=\"aligncenter size-medium wp-image-12194\" title=\"\u00e1tad\u00f3 2\" src=\"http:\/\/www.jaszalsoszentgyorgy.hu\/wp-content\/uploads\/%C3%A1tad%C3%B3-2-300x225.jpg\" alt=\"\" width=\"300\" height=\"225\" \/><\/a><\/p>\n<p><a href=\"http:\/\/www.jaszalsoszentgyorgy.hu\/wp-content\/uploads\/%C3%A1tad%C3%B3-3.jpg\"><img loading=\"lazy\" decoding=\"async\" class=\"aligncenter size-medium wp-image-12195\" title=\"\u00e1tad\u00f3 3\" src=\"http:\/\/www.jaszalsoszentgyorgy.hu\/wp-content\/uploads\/%C3%A1tad%C3%B3-3-300x225.jpg\" alt=\"\" width=\"300\" height=\"225\" \/><\/a><\/p>\n<p><a href=\"http:\/\/www.jaszalsoszentgyorgy.hu\/wp-content\/uploads\/%C3%A1tad%C3%B3-4.jpg\"><img loading=\"lazy\" decoding=\"async\" class=\"aligncenter size-medium wp-image-12196\" title=\"\u00e1tad\u00f3 4\" src=\"http:\/\/www.jaszalsoszentgyorgy.hu\/wp-content\/uploads\/%C3%A1tad%C3%B3-4-300x225.jpg\" alt=\"\" width=\"300\" height=\"225\" \/><\/a><\/p>\n<p><a href=\"http:\/\/www.jaszalsoszentgyorgy.hu\/wp-content\/uploads\/%C3%A1tad%C3%B3-5.jpg\"><img loading=\"lazy\" decoding=\"async\" class=\"aligncenter size-medium wp-image-12197\" title=\"\u00e1tad\u00f3 5\" src=\"http:\/\/www.jaszalsoszentgyorgy.hu\/wp-content\/uploads\/%C3%A1tad%C3%B3-5-300x225.jpg\" alt=\"\" width=\"300\" height=\"225\" \/><\/a><\/p>\n<p><a href=\"http:\/\/www.jaszalsoszentgyorgy.hu\/wp-content\/uploads\/%C3%A1tad%C3%B3-6.jpg\"><img loading=\"lazy\" decoding=\"async\" class=\"aligncenter size-medium wp-image-12198\" title=\"\u00e1tad\u00f3 6\" src=\"http:\/\/www.jaszalsoszentgyorgy.hu\/wp-content\/uploads\/%C3%A1tad%C3%B3-6-300x225.jpg\" alt=\"\" width=\"300\" height=\"225\" \/><\/a><\/p>\n<p><a href=\"http:\/\/www.jaszalsoszentgyorgy.hu\/wp-content\/uploads\/%C3%A1tad%C3%B3-7.jpg\"><img loading=\"lazy\" decoding=\"async\" class=\"aligncenter size-medium wp-image-12199\" title=\"\u00e1tad\u00f3 7\" src=\"http:\/\/www.jaszalsoszentgyorgy.hu\/wp-content\/uploads\/%C3%A1tad%C3%B3-7-300x225.jpg\" alt=\"\" width=\"300\" height=\"225\" \/><\/a><\/p>\n<p><a href=\"http:\/\/www.jaszalsoszentgyorgy.hu\/wp-content\/uploads\/%C3%A1tad%C3%B3-8.jpg\"><img loading=\"lazy\" decoding=\"async\" class=\"aligncenter size-medium wp-image-12200\" title=\"\u00e1tad\u00f3 8\" src=\"http:\/\/www.jaszalsoszentgyorgy.hu\/wp-content\/uploads\/%C3%A1tad%C3%B3-8-300x225.jpg\" alt=\"\" width=\"300\" height=\"225\" \/><\/a><\/p>\n<p><a href=\"http:\/\/www.jaszalsoszentgyorgy.hu\/wp-content\/uploads\/%C3%A1tad%C3%B3-91.jpg\"><img loading=\"lazy\" decoding=\"async\" class=\"aligncenter size-medium wp-image-12202\" title=\"\u00e1tad\u00f3 9\" src=\"http:\/\/www.jaszalsoszentgyorgy.hu\/wp-content\/uploads\/%C3%A1tad%C3%B3-91-300x168.jpg\" alt=\"\" width=\"300\" height=\"168\" \/><\/a><\/p>\n<p><a href=\"http:\/\/www.jaszalsoszentgyorgy.hu\/wp-content\/uploads\/%C3%A1tad%C3%B3-10.jpg\"><img loading=\"lazy\" decoding=\"async\" class=\"aligncenter size-medium wp-image-12203\" title=\"\u00e1tad\u00f3 10\" src=\"http:\/\/www.jaszalsoszentgyorgy.hu\/wp-content\/uploads\/%C3%A1tad%C3%B3-10-300x168.jpg\" alt=\"\" width=\"300\" height=\"168\" \/><\/a><\/p>\n<p><a href=\"http:\/\/www.jaszalsoszentgyorgy.hu\/wp-content\/uploads\/%C3%A1tad%C3%B3-11.jpg\"><img loading=\"lazy\" decoding=\"async\" class=\"aligncenter size-medium wp-image-12204\" title=\"\u00e1tad\u00f3 11\" src=\"http:\/\/www.jaszalsoszentgyorgy.hu\/wp-content\/uploads\/%C3%A1tad%C3%B3-11-300x168.jpg\" alt=\"\" width=\"300\" height=\"168\" \/><\/a><\/p>\n<p><a href=\"http:\/\/www.jaszalsoszentgyorgy.hu\/wp-content\/uploads\/%C3%A1tad%C3%B3-12.jpg\"><img loading=\"lazy\" decoding=\"async\" class=\"aligncenter size-medium wp-image-12205\" title=\"\u00e1tad\u00f3 12\" src=\"http:\/\/www.jaszalsoszentgyorgy.hu\/wp-content\/uploads\/%C3%A1tad%C3%B3-12-300x168.jpg\" alt=\"\" width=\"300\" height=\"168\" \/><\/a><\/p>\n<p><a href=\"http:\/\/www.jaszalsoszentgyorgy.hu\/wp-content\/uploads\/%C3%A1tad%C3%B3-13.jpg\"><img loading=\"lazy\" decoding=\"async\" class=\"aligncenter size-medium wp-image-12206\" title=\"\u00e1tad\u00f3 13\" src=\"http:\/\/www.jaszalsoszentgyorgy.hu\/wp-content\/uploads\/%C3%A1tad%C3%B3-13-300x225.jpg\" alt=\"\" width=\"300\" height=\"225\" \/><\/a><\/p>\n<p><a href=\"http:\/\/www.jaszalsoszentgyorgy.hu\/wp-content\/uploads\/%C3%A1tad%C3%B3-14.jpg\"><img loading=\"lazy\" decoding=\"async\" class=\"aligncenter size-medium wp-image-12207\" title=\"\u00e1tad\u00f3 14\" src=\"http:\/\/www.jaszalsoszentgyorgy.hu\/wp-content\/uploads\/%C3%A1tad%C3%B3-14-300x225.jpg\" alt=\"\" width=\"300\" height=\"225\" \/><\/a><\/p>\n<p><a href=\"http:\/\/www.jaszalsoszentgyorgy.hu\/wp-content\/uploads\/%C3%A1tad%C3%B3-15.jpg\"><img loading=\"lazy\" decoding=\"async\" class=\"aligncenter size-medium wp-image-12208\" title=\"\u00e1tad\u00f3 15\" src=\"http:\/\/www.jaszalsoszentgyorgy.hu\/wp-content\/uploads\/%C3%A1tad%C3%B3-15-300x225.jpg\" alt=\"\" width=\"300\" height=\"225\" \/><\/a><\/p>\n<p><a href=\"http:\/\/www.jaszalsoszentgyorgy.hu\/wp-content\/uploads\/%C3%A1tad%C3%B3-16.jpg\"><img loading=\"lazy\" decoding=\"async\" class=\"aligncenter size-medium wp-image-12209\" title=\"\u00e1tad\u00f3 16\" src=\"http:\/\/www.jaszalsoszentgyorgy.hu\/wp-content\/uploads\/%C3%A1tad%C3%B3-16-300x225.jpg\" alt=\"\" width=\"300\" height=\"225\" \/><\/a><\/p>\n<p>&nbsp;<\/p>\n","protected":false},"excerpt":{"rendered":"<p>VISSZA A F\u0150OLDALRA TOP-3.1.1\u201315-JN1-2016\u201300017 \u201eKer\u00e9kp\u00e1rosbar\u00e1t fejleszt\u00e9s ker\u00e9kp\u00e1r\u00fat ki\u00e9p\u00edt\u00e9s\u00e9vel J\u00e1szals\u00f3szentgy\u00f6rgy\u00f6n\u201d &nbsp; &nbsp; TOP-3.1.1\u201315-JN1-2016\u201300017 \u201eKer\u00e9k\u00adp\u00e1\u00adros\u00adba\u00adr\u00e1t fej\u00adlesz\u00adt\u00e9s ker\u00e9k\u00adp\u00e1\u00adr\u00fat ki\u00e9p\u00ed\u00adt\u00e9\u00ads\u00e9\u00advel J\u00e1szals\u00f3szentgy\u00f6rgy\u00f6n\u201d Pro\u00adjekt azo\u00adno\u00ads\u00edt\u00f3\u00a0sz\u00e1ma TOP-3.1.1\u201315-JN1-2016\u201300017 Pro\u00adjekt\u00a0c\u00edme \u201eKer\u00e9k\u00adp\u00e1\u00adros\u00adba\u00adr\u00e1t fej\u00adlesz\u00adt\u00e9s ker\u00e9k\u00adp\u00e1\u00adr\u00fat ki\u00e9p\u00ed\u00adt\u00e9\u00ads\u00e9\u00advel J\u00e1szals\u00f3szentgy\u00f6rgy\u00f6n\u201d Ked\u00advez\u00adm\u00e9\u00adnye\u00adzett\u00a0neve: J\u00e1szal\u00ads\u00f3\u00adszent\u00adgy\u00f6rgy\u00adK\u00f6z\u00ads\u00e9gi \u00d6nkorm\u00e1nyzat T\u00e1mo\u00adga\u00adt\u00e1s \u00f6sszege 150.000.000.-Ft T\u00e1mo\u00adga\u00adt\u00e1s m\u00e9rt\u00e9ke 100% Pro\u00adjekt ter\u00adve\u00adzett befe\u00adje\u00adz\u00e9si d\u00e1tuma 2019. augusz\u00adtus\u00a031. &nbsp; A pro\u00adjekt tar\u00adtal\u00adm\u00e1\u00adnak bemutat\u00e1sa A\u00a0TOP c\u00e9lja, hogy a\u00a0fenn\u00adtart\u00adhat\u00f3 k\u00f6z\u00adle\u00adke\u00add\u00e9s fel\u00adt\u00e9\u00adte\u00adleit meg\u00adte\u00adremt\u0151 \u00e9s er\u0151\u00ads\u00edt\u0151&hellip;<\/p>\n","protected":false},"author":1,"featured_media":0,"parent":28,"menu_order":0,"comment_status":"closed","ping_status":"closed","template":"","meta":{"footnotes":""},"class_list":["post-80","page","type-page","status-publish","hentry","entry","no-media"],"_links":{"self":[{"href":"https:\/\/palyazat.jaszalsoszentgyorgy.hu\/index.php?rest_route=\/wp\/v2\/pages\/80","targetHints":{"allow":["GET"]}}],"collection":[{"href":"https:\/\/palyazat.jaszalsoszentgyorgy.hu\/index.php?rest_route=\/wp\/v2\/pages"}],"about":[{"href":"https:\/\/palyazat.jaszalsoszentgyorgy.hu\/index.php?rest_route=\/wp\/v2\/types\/page"}],"author":[{"embeddable":true,"href":"https:\/\/palyazat.jaszalsoszentgyorgy.hu\/index.php?rest_route=\/wp\/v2\/users\/1"}],"replies":[{"embeddable":true,"href":"https:\/\/palyazat.jaszalsoszentgyorgy.hu\/index.php?rest_route=%2Fwp%2Fv2%2Fcomments&post=80"}],"version-history":[{"count":0,"href":"https:\/\/palyazat.jaszalsoszentgyorgy.hu\/index.php?rest_route=\/wp\/v2\/pages\/80\/revisions"}],"up":[{"embeddable":true,"href":"https:\/\/palyazat.jaszalsoszentgyorgy.hu\/index.php?rest_route=\/wp\/v2\/pages\/28"}],"wp:attachment":[{"href":"https:\/\/palyazat.jaszalsoszentgyorgy.hu\/index.php?rest_route=%2Fwp%2Fv2%2Fmedia&parent=80"}],"curies":[{"name":"wp","href":"https:\/\/api.w.org\/{rel}","templated":true}]}}