{"id":96,"date":"2021-01-12T00:36:22","date_gmt":"2021-01-12T00:36:22","guid":{"rendered":"http:\/\/palyazat.jaszalsoszentgyorgy.hu\/?page_id=96"},"modified":"2021-01-12T01:20:23","modified_gmt":"2021-01-12T01:20:23","slug":"top-3-2-1-15-jn1-2016-00066","status":"publish","type":"page","link":"https:\/\/palyazat.jaszalsoszentgyorgy.hu\/?page_id=96","title":{"rendered":"TOP-3.2.1\u201315-JN1-2016\u201300066"},"content":{"rendered":"<h2><span style=\"font-size: 10px; font-family: 'book antiqua', palatino, serif; color: #3366ff;\"><a style=\"color: #3366ff;\" href=\"http:\/\/palyazat.jaszalsoszentgyorgy.hu\/\">VISSZA A F\u0150OLDALRA<\/a><\/span><\/h2>\n<h2>TOP-3.2.1\u201315-JN1-2016\u201300066 \u201cAZ EG\u00c9SZS\u00c9GH\u00c1Z, A\u00a0POLG\u00c1RMESTERI HIVATAL \u00c9S A\u00a0K\u00d6NYVT\u00c1R ENERGETIKAI KORSZER\u0170S\u00cdT\u00c9SE J\u00c1SZALS\u00d3SZENTGY\u00d6RGY\u00d6N\u201d<\/h2>\n<div class=\"entry\">\n<p><a href=\"http:\/\/www.jaszalsoszentgyorgy.hu\/wp-content\/uploads\/sz%C3%A9chenyi-2020-log%C3%B32.png\"><img loading=\"lazy\" decoding=\"async\" class=\"size-medium wp-image-11864 alignright\" title=\"sz\u00e9chenyi 2020 log\u00f3\" src=\"http:\/\/www.jaszalsoszentgyorgy.hu\/wp-content\/uploads\/sz%C3%A9chenyi-2020-log%C3%B32-300x207.png\" alt=\"\" width=\"300\" height=\"207\" \/><\/a><\/p>\n<p>&nbsp;<\/p>\n<p>&nbsp;<\/p>\n<p>&nbsp;<\/p>\n<p>&nbsp;<\/p>\n<p>&nbsp;<\/p>\n<p>&nbsp;<\/p>\n<p>&nbsp;<\/p>\n<p><strong>Pro\u00adjekt azo\u00adno\u00ads\u00edt\u00f3 sz\u00e1ma:<\/strong>\u00a0 TOP-3.2.1\u201315-JN1-2016\u201300066<\/p>\n<p>&nbsp;<\/p>\n<p><strong>Pro\u00adjekt c\u00edme:<\/strong>\u00a0Az Eg\u00e9sz\u00ads\u00e9g\u00adh\u00e1z, a\u00a0Pol\u00adg\u00e1r\u00admes\u00adteri Hiva\u00adtal \u00e9s a\u00a0K\u00f6nyv\u00adt\u00e1r \u00e9p\u00fc\u00adle\u00adte\u00adi\u00adnek ener\u00adge\u00adti\u00adkai kor\u00adszer\u0171\u00ads\u00ed\u00adt\u00e9se J\u00e1szals\u00f3szentgy\u00f6rgy\u00f6n<\/p>\n<p>&nbsp;<\/p>\n<p><strong>Ked\u00advez\u00adm\u00e9\u00adnye\u00adzett neve:<\/strong>\u00a0J\u00e1szal\u00ads\u00f3\u00adszent\u00adgy\u00f6rgy K\u00f6z\u00ads\u00e9gi \u00d6nkorm\u00e1nyzat<\/p>\n<p>&nbsp;<\/p>\n<p><strong>T\u00e1mo\u00adga\u00adt\u00e1s \u00f6sszege:<\/strong>\u00a0100.861.664.-Ft<\/p>\n<p>&nbsp;<\/p>\n<p><strong>T\u00e1mo\u00adga\u00adt\u00e1s m\u00e9r\u00adt\u00e9ke:<\/strong>\u00a0100%<\/p>\n<p>&nbsp;<\/p>\n<p><strong>Pro\u00adjekt ter\u00adve\u00adzett befe\u00adje\u00adz\u00e9si d\u00e1tuma:<\/strong>\u00a02018. novem\u00adber\u00a030.<\/p>\n<p>&nbsp;<\/p>\n<p><strong>A pro\u00adjekt tar\u00adtal\u00adm\u00e1\u00adnak bemutat\u00e1sa:<\/strong><\/p>\n<p>&nbsp;<\/p>\n<p>A 100%-ban \u00f6nkor\u00adm\u00e1ny\u00adzati tulaj\u00addon\u00adban l\u00e9v\u0151 pol\u00adg\u00e1r\u00admes\u00adteri hiva\u00adtal, eg\u00e9sz\u00ads\u00e9g\u00adh\u00e1z \u00e9s k\u00f6nyv\u00adt\u00e1r \u00e9p\u00fc\u00adle\u00adte\u00adi\u00adnek ener\u00adgia\u00adha\u00adt\u00e9\u00adkony\u00ads\u00e1\u00adgot c\u00e9lz\u00f3 fel\u00ad\u00faj\u00ed\u00adt\u00e1sa \u00e9s fej\u00adlesz\u00adt\u00e9se, amely a\u00a0fosszi\u00adlis ener\u00adgia\u00adhor\u00addo\u00adz\u00f3k\u00adb\u00f3l sz\u00e1r\u00admaz\u00f3 \u00fcveg\u00adh\u00e1z\u00adha\u00adt\u00e1s\u00fa g\u00e1zok (\u00dcHG) kibo\u00adcs\u00e1\u00adt\u00e1\u00ads\u00e1\u00adnak cs\u00f6k\u00adken\u00adt\u00e9\u00ads\u00e9t szol\u00adg\u00e1lja, vala\u00admint ezen \u00e9p\u00fc\u00adle\u00adtek m\u0171k\u00f6d\u00adte\u00adt\u00e9si \u00e9s fenn\u00adtar\u00adt\u00e1si k\u00f6lt\u00ads\u00e9\u00adgeit jelent\u0151\u00adsen cs\u00f6k\u00adkenti. A\u00a0fej\u00adlesz\u00adt\u00e9s \u00f6ssze\u00adtett beru\u00adh\u00e1\u00adz\u00e1s\u00adnak min\u0151\u00ads\u00fcl a\u00a0p\u00e1ly\u00e1\u00adzati fel\u00adh\u00ed\u00adv\u00e1s alapj\u00e1n.<\/p>\n<p>A pro\u00adjekt szakmai-m\u0171szaki tartalma:<\/p>\n<p><strong>I. A\u00a0K\u00f6nyv\u00adt\u00e1r \u00e9p\u00fc\u00adle\u00adt\u00e9\u00adnek ener\u00adge\u00adti\u00adkai korszer\u0171s\u00edt\u00e9se:<\/strong><\/p>\n<p>F\u0171t\u00e9s\u00adkor\u00adszer\u0171\u00ads\u00ed\u00adt\u00e9s (Fel\u00adh\u00ed\u00adv\u00e1s 3.1.1.b) pont): Az \u00e9p\u00fc\u00adlet f\u0171t\u00e9\u00ads\u00e9re az eddig hasz\u00adn\u00e1lt g\u00e1z\u00adkon\u00advek\u00adto\u00adrok tel\u00adjes eg\u00e9\u00adsz\u00e9\u00adben elbon\u00adt\u00e1sra ker\u00fcl\u00adnek, hely\u00fckre 1\u00a0db Viess\u00admann Vito\u00addens G\u00e1z\u00ad\u00fczem\u0171 kon\u00adden\u00adz\u00e1\u00adci\u00f3s f\u00f6ld\u00adg\u00e1z t\u00fcze\u00adl\u00e9s\u0171, 26 kW n\u00e9v\u00adle\u00adges egy\u00ads\u00e9g\u00adtel\u00adje\u00ads\u00edt\u00adm\u00e9ny\u0171 kombi kaz\u00e1n ker\u00fcl elhe\u00adlye\u00adz\u00e9sre, amellyel a\u00a0meleg\u00adv\u00edz ter\u00adme\u00adl\u00e9s is meg\u00adol\u00add\u00f3\u00addik. Az \u00faj radi\u00ad\u00e1\u00adto\u00adrok \u00faj ter\u00admo\u00adtes\u00adtes, \u00e1ll\u00edt\u00adhat\u00f3 ter\u00admo\u00adfej\u00adjel (6\u201330 c-ig) ren\u00addel\u00adkez\u0151 sze\u00adle\u00adpek\u00adkel lesz\u00adnek kialak\u00edtva.<\/p>\n<p>\u00c9p\u00ed\u00adt\u00e9\u00adszeti beavat\u00adko\u00adz\u00e1\u00adsok (Fel\u00adh\u00ed\u00adv\u00e1s 3.1.1.a) pont): Az \u00e9p\u00fc\u00adlet f\u0171t\u00f6tt teret hat\u00e1\u00adrol\u00f3 fala\u00adi\u00adnak bels\u0151 oldali h\u0151szi\u00adge\u00adte\u00adl\u00e9se; Z\u00e1r\u00f3\u00adf\u00f6\u00add\u00e9m h\u0151szi\u00adge\u00adte\u00adl\u00e9se a\u00a0meg\u00adfe\u00adlel\u0151 \u00e9rt\u00e9kre; Az \u00e9p\u00fc\u00adlet k\u00fcls\u0151 ny\u00ed\u00adl\u00e1\u00adsz\u00e1\u00adr\u00f3\u00adi\u00adnak energia-megtakar\u00edt\u00e1st ered\u00adm\u00e9\u00adnyez\u0151 fel\u00ad\u00faj\u00ed\u00adt\u00e1sa, sz\u00fck\u00ads\u00e9g sze\u00adrinti cse\u00adr\u00e9je ere\u00addeti m\u00e9re\u00adtek\u00adben, kiala\u00adk\u00ed\u00adt\u00e1s\u00adsal, profilokkal<\/p>\n<p>Aka\u00add\u00e1ly\u00admen\u00adte\u00ads\u00ed\u00adt\u00e9s: Meg\u00adva\u00adl\u00f3\u00adsul az \u00e9p\u00fc\u00adlet pro\u00adjekta\u00adr\u00e1\u00adnyos aka\u00add\u00e1ly\u00admen\u00adte\u00ads\u00ed\u00adt\u00e9se: az \u00e9p\u00fc\u00adlet mel\u00adl\u00e9k\u00adhe\u00adlyi\u00ads\u00e9\u00adg\u00e9\u00adnek az el\u00e9r\u00e9si \u00fatvo\u00adnal biz\u00adto\u00ads\u00ed\u00adt\u00e1\u00ads\u00e1\u00adval t\u00f6r\u00adt\u00e9n\u0151, vala\u00admennyi fogya\u00adt\u00e9\u00adkos\u00ads\u00e1gi cso\u00adportra kiter\u00adjed\u0151 komp\u00adlex (fizi\u00adkai \u00e9s info-kommunik\u00e1ci\u00f3s) akad\u00e1lymentes\u00edt\u00e9se.<\/p>\n<p><strong>II. A\u00a0Pol\u00adg\u00e1r\u00admes\u00adteri Hiva\u00adtal\u00a0 \u00e9p\u00fc\u00adle\u00adt\u00e9\u00adnek ener\u00adge\u00adti\u00adkai korszer\u0171s\u00edt\u00e9se:<\/strong><\/p>\n<p>F\u0171t\u00e9s\u00adkor\u00adszer\u0171\u00ads\u00ed\u00adt\u00e9s (3.1.2.h) pont): Az \u00e9p\u00fc\u00adlet f\u0171t\u00e9\u00ads\u00e9re az eddig hasz\u00adn\u00e1lt g\u00e1z\u00adka\u00adz\u00e1nok elbon\u00adt\u00e1sra ker\u00fcl\u00adnek, 1\u00a0db Viess\u00admann Vito\u00addens G\u00e1z\u00ad\u00fczem\u0171 kon\u00adden\u00adz\u00e1\u00adci\u00f3s f\u00f6ld\u00adg\u00e1z\u00adt\u00fc\u00adze\u00adl\u00e9s\u0171, 45 kW n\u00e9v\u00adle\u00adges egy\u00ads\u00e9g\u00adtel\u00adje\u00ads\u00edt\u00adm\u00e9ny\u0171\u00a0 kaz\u00e1n ker\u00fcl elhe\u00adlye\u00adz\u00e9sre. A\u00a0kaz\u00e1n k\u00fcls\u0151 id\u0151\u00adj\u00e1\u00adr\u00e1s\u00adf\u00fcgg\u0151 vez\u00e9r\u00adl\u00e9\u00ads\u00e9re sza\u00adb\u00e1\u00adlyoz\u00f3 \u00e9s kieg\u00e9\u00adsz\u00edt\u0151 beren\u00adde\u00adz\u00e9\u00adsek ker\u00fcl\u00adnek be\u00e9p\u00edt\u00e9s\u00e9re.<\/p>\n<p>Tov\u00e1bbi \u00e9p\u00ed\u00adt\u00e9\u00adszeti mun\u00adk\u00e1\u00adla\u00adtok (3.1.1.a) pont): Az \u00e9p\u00fc\u00adlet vala\u00admennyi hom\u00adlok\u00adza\u00adt\u00e1\u00adnak meg\u00adl\u00e9v\u0151 h\u0151szi\u00adge\u00adte\u00adl\u00e9\u00ads\u00e9\u00adnek b\u0151v\u00ed\u00adt\u00e9se; Z\u00e1r\u00f3\u00adf\u00f6\u00add\u00e9m (lapos\u00adtet\u0151) h\u0151szi\u00adge\u00adte\u00adl\u00e9se a\u00a0meg\u00adfe\u00adlel\u0151 \u00e9rt\u00e9kre; Pin\u00adce\u00adf\u00f6\u00add\u00e9m als\u00f3 h\u0151szi\u00adge\u00adte\u00adl\u00e9se; Az \u00e9p\u00fc\u00adlet k\u00fcls\u0151 ny\u00ed\u00adl\u00e1\u00adsz\u00e1\u00adr\u00f3\u00adi\u00adnak energia-megtakar\u00edt\u00e1st ered\u00adm\u00e9\u00adnyez\u0151 fel\u00ad\u00faj\u00ed\u00adt\u00e1sa, cse\u00adr\u00e9je ere\u00addeti m\u00e9re\u00adtek\u00adben, kialak\u00edt\u00e1ssal.<\/p>\n<p><strong>III. Az Eg\u00e9sz\u00ads\u00e9g\u00adh\u00e1z \u00e9p\u00fc\u00adle\u00adt\u00e9\u00adnek ener\u00adge\u00adti\u00adkai korszer\u0171s\u00edt\u00e9se:<\/strong><\/p>\n<p>F\u0171t\u00e9s\u00adkor\u00adszer\u0171\u00ads\u00ed\u00adt\u00e9s (3.1.1.e) pont): Az eddig hasz\u00adn\u00e1lt g\u00e1z\u00adka\u00adz\u00e1n tel\u00adjes eg\u00e9\u00adsz\u00e9\u00adben elbon\u00adt\u00e1sra ker\u00fcl, hely\u00e9re\u00a0 1\u00a0db 1\u00a0db Mitsu\u00adbi\u00adshi Zub\u00ada\u00addan PUHZ-SHW140YHA+ERSC\u2013 VM2CEcodan Hydro\u00admo\u00addul t\u00edpus\u00fa leveg\u0151-v\u00edz h\u0151szi\u00advatty\u00fas k\u00e9sz\u00fc\u00adl\u00e9k\u00a0 ker\u00fcl elhe\u00adlye\u00adz\u00e9sre. A\u00a0h\u0151szi\u00advatty\u00fa k\u00fcls\u0151 id\u0151\u00adj\u00e1\u00adr\u00e1s\u00adf\u00fcgg\u0151 vez\u00e9r\u00adl\u00e9\u00ads\u00e9re sza\u00adb\u00e1\u00adlyoz\u00f3 \u00e9s kieg\u00e9\u00adsz\u00edt\u0151 beren\u00adde\u00adz\u00e9\u00adsek ker\u00fcl\u00adnek be\u00e9p\u00ed\u00adt\u00e9\u00ads\u00e9re. Az \u00e9p\u00fc\u00adlet HMV ell\u00e1\u00adt\u00e1\u00ads\u00e1t a\u00a0ter\u00adve\u00adzett \u00e1lla\u00adpot\u00adban a\u00a0h\u0151szi\u00advatty\u00fa biz\u00adto\u00ads\u00edtja\u00a0majd.<\/p>\n<p><strong>\u00a0<\/strong><\/p>\n<p>Tov\u00e1bbi \u00e9p\u00ed\u00adt\u00e9\u00adszeti mun\u00adk\u00e1\u00adla\u00adtok (3.1.1.a) pont): Az \u00e9p\u00fc\u00adlet vala\u00admennyi hom\u00adlok\u00adza\u00adt\u00e1\u00adnak k\u00fcls\u0151 h\u0151szi\u00adge\u00adte\u00adl\u00e9se; F\u00f6d\u00e9m h\u0151szi\u00adge\u00adte\u00adl\u00e9se a\u00a0meg\u00adfe\u00adlel\u0151 \u00e9rt\u00e9kre; Pin\u00adce\u00adf\u00f6\u00add\u00e9m als\u00f3, Az \u00e9p\u00fc\u00adlet k\u00fcls\u0151 ny\u00ed\u00adl\u00e1\u00adsz\u00e1\u00adr\u00f3\u00adi\u00adnak energia-megtakar\u00edt\u00e1st ered\u00adm\u00e9\u00adnyez\u0151 fel\u00ad\u00faj\u00ed\u00adt\u00e1sa, \u00fcvegcser\u00e9je.<\/p>\n<p>***<\/p>\n<div>\n<h1 align=\"center\"><strong>J\u00c1SZALS\u00d3SZENTGY\u00d6RGY\u00d6N BEFEJEZ\u0150DTEK AZ EG\u00c9SZS\u00c9GH\u00c1Z, A\u00a0POLG\u00c1RMESTERI HIVATAL \u00c9S A\u00a0K\u00d6NYVT\u00c1R \u00c9P\u00dcLETEINEK ENERGETIKAI KORSZER\u0170S\u00cdT\u00c9SI MUNK\u00c1LATAI<\/strong><\/h1>\n<h2>J\u00e1szal\u00ads\u00f3\u00adszent\u00adgy\u00f6rgy K\u00f6z\u00ads\u00e9gi \u00d6nkor\u00adm\u00e1ny\u00adzat k\u00f6z\u00ad\u00e9p\u00fc\u00adle\u00adtei a\u00a0TOP-3.2.1\u201315-JN1-2016\u201300066 azo\u00adno\u00ads\u00edt\u00f3 sz\u00e1\u00admon nyil\u00adv\u00e1n\u00adtar\u00adtott, \u201eAz Eg\u00e9sz\u00ads\u00e9g\u00adh\u00e1z, a\u00a0Pol\u00adg\u00e1r\u00admes\u00adteri Hiva\u00adtal \u00e9s a\u00a0K\u00f6nyv\u00adt\u00e1r \u00e9p\u00fc\u00adle\u00adte\u00adi\u00adnek ener\u00adge\u00adti\u00adkai kor\u00adszer\u0171\u00ads\u00ed\u00adt\u00e9se J\u00e1szal\u00ads\u00f3\u00adszent\u00adgy\u00f6r\u00adgy\u00f6n\u201d c\u00edm\u0171 p\u00e1ly\u00e1\u00adzata \u2013 a\u00a0Sz\u00e9\u00adche\u00adnyi 2020 prog\u00adram kere\u00adt\u00e9\u00adben \u2013 100.861.664.- Ft vissza nem t\u00e9r\u00ed\u00adtend\u0151, 100 sz\u00e1\u00adza\u00adl\u00e9\u00adkos inten\u00adzi\u00adt\u00e1s\u00fa eur\u00f3\u00adpai uni\u00f3s t\u00e1mo\u00adga\u00adt\u00e1s seg\u00edt\u00ads\u00e9\u00adg\u00e9\u00advel \u00fajult\u00a0meg.<\/h2>\n<p>&nbsp;<\/p>\n<h2>A\u00a0<strong>K\u00d6NYVT\u00c1R<\/strong>\u00a0\u00e9p\u00fc\u00adle\u00adt\u00e9\u00adnek ener\u00adge\u00adti\u00adkai kor\u00adszer\u0171\u00ads\u00ed\u00adt\u00e9se kere\u00adt\u00e9\u00adben\u00a0<strong>kon\u00adden\u00adz\u00e1\u00adci\u00f3s f\u00f6ld\u00adg\u00e1z t\u00fcze\u00adl\u00e9s\u0171 kombi kaz\u00e1n ker\u00fclt be\u00e9p\u00ed\u00adt\u00e9sre \u00faj radi\u00ad\u00e1\u00adto\u00adrok\u00adkal,<\/strong>\u00a0ill. meg\u00adva\u00adl\u00f3\u00adsult\u00a0<strong>az \u00e9p\u00fc\u00adlet fala\u00adi\u00adnak bels\u0151 h\u0151szi\u00adge\u00adte\u00adl\u00e9se, a\u00a0z\u00e1r\u00f3\u00adf\u00f6\u00add\u00e9m h\u0151szi\u00adge\u00adte\u00adl\u00e9se, vala\u00admint az \u00e9p\u00fc\u00adlet k\u00fcls\u0151 ny\u00ed\u00adl\u00e1\u00adsz\u00e1\u00adr\u00f3\u00adi\u00adnak cse\u00adr\u00e9je.<\/strong>\u00a0Az aka\u00add\u00e1ly\u00admen\u00adte\u00ads\u00ed\u00adt\u00e9s ter\u00fc\u00adle\u00adt\u00e9n\u00a0<strong>az \u00e9p\u00fc\u00adlet bej\u00e1\u00adra\u00adt\u00e1t \u00e9s a\u00a0mel\u00adl\u00e9k\u00adhe\u00adlyi\u00ads\u00e9\u00adg\u00e9\u00adnek vala\u00admennyi fogya\u00adt\u00e9\u00adkos\u00ads\u00e1gi cso\u00adportra kiter\u00adjed\u0151 komp\u00adlex aka\u00add\u00e1ly\u00admen\u00adte\u00ads\u00ed\u00adt\u00e9\u00ads\u00e9t v\u00e9gez\u00adt\u00fck el<\/strong>.<\/h2>\n<p>&nbsp;<\/p>\n<h2>A\u00a0<strong>POLG\u00c1RMESTERI HIVATAL<\/strong>\u00a0\u00e9p\u00fc\u00adle\u00adt\u00e9\u00adnek f\u0171t\u00e9\u00ads\u00e9re hasz\u00adn\u00e1lt jelen\u00adlegi g\u00e1z\u00adka\u00adz\u00e1nok kicse\u00adr\u00e9\u00adl\u00e9sre ker\u00fcl\u00adtek \u00e9s egy\u00a0<strong>\u00faj g\u00e1z\u00ad\u00fczem\u0171, k\u00fcls\u0151 id\u0151\u00adj\u00e1\u00adr\u00e1s\u00adf\u00fcgg\u0151 vez\u00e9r\u00adl\u00e9\u00ads\u00e9re sza\u00adb\u00e1\u00adlyoz\u00adhat\u00f3 kon\u00adden\u00adz\u00e1\u00adci\u00f3s kaz\u00e1n ker\u00fclt elhe\u00adlye\u00adz\u00e9sre<\/strong>. Emel\u00adlett\u00a0<strong>az \u00e9p\u00fc\u00adlet\u00a0<\/strong>vala\u00admennyi\u00a0<strong>hom\u00adlok\u00adza\u00adt\u00e1\u00adnak meg\u00adl\u00e9v\u0151 h\u0151szi\u00adge\u00adte\u00adl\u00e9\u00ads\u00e9\u00adnek b\u0151v\u00ed\u00adt\u00e9se, a\u00a0f\u00f6d\u00e9m \u00e9s a\u00a0pince szi\u00adge\u00adte\u00adl\u00e9se vala\u00admint az \u00e9p\u00fc\u00adlet k\u00fcls\u0151 ny\u00ed\u00adl\u00e1\u00adsz\u00e1\u00adr\u00f3\u00adi\u00adnak\u00a0<\/strong>energia-megtakar\u00edt\u00e1st ered\u00adm\u00e9\u00adnyez\u0151<strong>\u00a0<\/strong>fel\u00ad\u00faj\u00ed\u00adt\u00e1sa, illetve<strong>\u00a0cse\u00adr\u00e9je val\u00f3\u00adsult\u00a0meg.<\/strong><\/h2>\n<h2><strong>\u00a0<\/strong><\/h2>\n<h2>Az\u00a0<strong>EG\u00c9SZS\u00c9GH\u00c1Z<\/strong>\u00a0\u00e9p\u00fc\u00adle\u00adt\u00e9\u00adben a<strong>\u00a0h\u0151szi\u00advatty\u00fas f\u0171t\u00e9si rend\u00adszer ker\u00fclt elhe\u00adlye\u00adz\u00e9sre<\/strong>, mely k\u00fcls\u0151 id\u0151\u00adj\u00e1\u00adr\u00e1s\u00adf\u00fcgg\u0151 vez\u00e9r\u00adl\u00e9\u00ads\u00e9re tov\u00e1bbi sza\u00adb\u00e1\u00adlyoz\u00f3 \u00e9s kieg\u00e9\u00adsz\u00edt\u0151 beren\u00adde\u00adz\u00e9\u00adsek ker\u00fcl\u00adtek be\u00e9p\u00ed\u00adt\u00e9sre. A\u00a0h\u0151szi\u00advatty\u00fas rend\u00adszer elekt\u00adro\u00admos ener\u00adgia ig\u00e9\u00adny\u00e9t a\u00a0kor\u00e1b\u00adban tele\u00adp\u00ed\u00adtett nap\u00adele\u00admek meg\u00adter\u00adme\u00adlik, \u00edgy\u00a0<strong>a\u00a0pro\u00adjekt kere\u00adt\u00e9\u00adben meg\u00adva\u00adl\u00f3\u00adsult hom\u00adlok\u00adzati \u2013\u00e9s f\u00f6d\u00e9m\u00adszi\u00adge\u00adte\u00adl\u00e9s\u00adsel, ill. ny\u00edl\u00e1sz\u00e1r\u00f3-korszer\u0171s\u00edt\u00e9ssel<\/strong>\u00a0kieg\u00e9\u00adsz\u00fclve az \u00e9p\u00fc\u00adlet f\u0171t\u00e9si \u00e9s elekt\u00adro\u00admos ener\u00adgia k\u00f6lt\u00ads\u00e9ge a\u00a0nul\u00adl\u00e1\u00adhoz k\u00f6ze\u00adl\u00edt\u00a0majd!<\/h2>\n<h2>A fej\u00adlesz\u00adt\u00e9\u00adsek\u00adnek k\u00f6sz\u00f6n\u00adhet\u0151en az \u00d6nkor\u00adm\u00e1ny\u00adzat rezsi\u00adk\u00f6lt\u00ads\u00e9\u00adgei jelent\u0151s m\u00e9r\u00adt\u00e9k\u00adben cs\u00f6k\u00adken\u00adhet\u00adnek majd a\u00a0j\u00f6v\u0151\u00adben, \u00edgy az itt meg\u00adta\u00adka\u00adr\u00ed\u00adtott \u00f6sszeg\u00adb\u0151l az egy\u00e9b k\u00f6te\u00adlez\u0151 fel\u00adada\u00adtok ell\u00e1\u00adt\u00e1\u00ads\u00e1\u00adhoz (utak, j\u00e1r\u00add\u00e1k fel\u00ad\u00faj\u00ed\u00adt\u00e1sa, k\u00f6z\u00adte\u00admet\u0151 fenn\u00adtar\u00adt\u00e1sa stb\u2026) tudunk majd t\u00f6bb\u00adlet\u00adfor\u00adr\u00e1st biztos\u00edtani.<\/h2>\n<p>A pro\u00adjekt meg\u00adva\u00adl\u00f3\u00ads\u00ed\u00adt\u00e1si ideje: 2017.\u00e1prilis\u2013 2018. november<\/p>\n<\/div>\n<\/div>\n","protected":false},"excerpt":{"rendered":"<p>VISSZA A F\u0150OLDALRA TOP-3.2.1\u201315-JN1-2016\u201300066 \u201cAZ EG\u00c9SZS\u00c9GH\u00c1Z, A\u00a0POLG\u00c1RMESTERI HIVATAL \u00c9S A\u00a0K\u00d6NYVT\u00c1R ENERGETIKAI KORSZER\u0170S\u00cdT\u00c9SE J\u00c1SZALS\u00d3SZENTGY\u00d6RGY\u00d6N\u201d &nbsp; &nbsp; &nbsp; &nbsp; &nbsp; &nbsp; &nbsp; Pro\u00adjekt azo\u00adno\u00ads\u00edt\u00f3 sz\u00e1ma:\u00a0 TOP-3.2.1\u201315-JN1-2016\u201300066 &nbsp; Pro\u00adjekt c\u00edme:\u00a0Az Eg\u00e9sz\u00ads\u00e9g\u00adh\u00e1z, a\u00a0Pol\u00adg\u00e1r\u00admes\u00adteri Hiva\u00adtal \u00e9s a\u00a0K\u00f6nyv\u00adt\u00e1r \u00e9p\u00fc\u00adle\u00adte\u00adi\u00adnek ener\u00adge\u00adti\u00adkai kor\u00adszer\u0171\u00ads\u00ed\u00adt\u00e9se J\u00e1szals\u00f3szentgy\u00f6rgy\u00f6n &nbsp; Ked\u00advez\u00adm\u00e9\u00adnye\u00adzett neve:\u00a0J\u00e1szal\u00ads\u00f3\u00adszent\u00adgy\u00f6rgy K\u00f6z\u00ads\u00e9gi \u00d6nkorm\u00e1nyzat &nbsp; T\u00e1mo\u00adga\u00adt\u00e1s \u00f6sszege:\u00a0100.861.664.-Ft &nbsp; T\u00e1mo\u00adga\u00adt\u00e1s m\u00e9r\u00adt\u00e9ke:\u00a0100% &nbsp; Pro\u00adjekt ter\u00adve\u00adzett befe\u00adje\u00adz\u00e9si d\u00e1tuma:\u00a02018. novem\u00adber\u00a030. &nbsp; A&hellip;<\/p>\n","protected":false},"author":1,"featured_media":0,"parent":28,"menu_order":0,"comment_status":"closed","ping_status":"closed","template":"","meta":{"footnotes":""},"class_list":["post-96","page","type-page","status-publish","hentry","entry","no-media"],"_links":{"self":[{"href":"https:\/\/palyazat.jaszalsoszentgyorgy.hu\/index.php?rest_route=\/wp\/v2\/pages\/96","targetHints":{"allow":["GET"]}}],"collection":[{"href":"https:\/\/palyazat.jaszalsoszentgyorgy.hu\/index.php?rest_route=\/wp\/v2\/pages"}],"about":[{"href":"https:\/\/palyazat.jaszalsoszentgyorgy.hu\/index.php?rest_route=\/wp\/v2\/types\/page"}],"author":[{"embeddable":true,"href":"https:\/\/palyazat.jaszalsoszentgyorgy.hu\/index.php?rest_route=\/wp\/v2\/users\/1"}],"replies":[{"embeddable":true,"href":"https:\/\/palyazat.jaszalsoszentgyorgy.hu\/index.php?rest_route=%2Fwp%2Fv2%2Fcomments&post=96"}],"version-history":[{"count":0,"href":"https:\/\/palyazat.jaszalsoszentgyorgy.hu\/index.php?rest_route=\/wp\/v2\/pages\/96\/revisions"}],"up":[{"embeddable":true,"href":"https:\/\/palyazat.jaszalsoszentgyorgy.hu\/index.php?rest_route=\/wp\/v2\/pages\/28"}],"wp:attachment":[{"href":"https:\/\/palyazat.jaszalsoszentgyorgy.hu\/index.php?rest_route=%2Fwp%2Fv2%2Fmedia&parent=96"}],"curies":[{"name":"wp","href":"https:\/\/api.w.org\/{rel}","templated":true}]}}