{"id":98,"date":"2021-01-12T00:37:47","date_gmt":"2021-01-12T00:37:47","guid":{"rendered":"http:\/\/palyazat.jaszalsoszentgyorgy.hu\/?page_id=98"},"modified":"2021-01-12T01:20:52","modified_gmt":"2021-01-12T01:20:52","slug":"kozbeszerzes","status":"publish","type":"page","link":"https:\/\/palyazat.jaszalsoszentgyorgy.hu\/?page_id=98","title":{"rendered":"K\u00d6ZBESZERZ\u00c9S"},"content":{"rendered":"<h2><span style=\"font-size: 10px; font-family: 'book antiqua', palatino, serif; color: #3366ff;\"><a style=\"color: #3366ff;\" href=\"http:\/\/palyazat.jaszalsoszentgyorgy.hu\/\">VISSZA A F\u0150OLDALRA<\/a><\/span><\/h2>\n<p><span style=\"font-family: 'book antiqua', palatino, serif; font-size: 18px;\"><strong>K\u00f6z\u00adbe\u00adszer\u00adz\u00e9s dokumentumai:<\/strong><\/span><\/p>\n<p><span style=\"font-family: 'book antiqua', palatino, serif; font-size: 18px;\"><a href=\"http:\/\/www.jaszalsoszentgyorgy.hu\/wp-content\/uploads\/AF_J%C3%A1szals%C3%B3szentgy%C3%B6rgy_Energetika_0221_signed.pdf\">Aj\u00e1n\u00adlat\u00adt\u00e9\u00adteli felh\u00edv\u00e1s<\/a><\/span><\/p>\n<p><span style=\"font-family: 'book antiqua', palatino, serif; font-size: 18px;\"><a href=\"http:\/\/www.jaszalsoszentgyorgy.hu\/wp-content\/uploads\/K%C3%B6zbeszerz%C3%A9si-dokumentum.pdf\">K\u00f6z\u00adbe\u00adszer\u00adz\u00e9si dokumentum<\/a><\/span><\/p>\n<p><span style=\"font-family: 'book antiqua', palatino, serif; font-size: 18px;\"><a href=\"http:\/\/www.jaszalsoszentgyorgy.hu\/wp-content\/uploads\/Bont%C3%A1si-jegyz%C5%91k%C3%B6nyv-%C3%A9s-jelenl%C3%A9ti-%C3%ADv_signed2.pdf\">Bon\u00adt\u00e1si jegyz\u0151k\u00f6nyv<\/a><\/span><\/p>\n<p><span style=\"font-family: 'book antiqua', palatino, serif; font-size: 18px;\"><a href=\"http:\/\/www.jaszalsoszentgyorgy.hu\/wp-content\/uploads\/%C3%96sszegez%C3%A9s-az-aj%C3%A1nlatok-elb%C3%ADr%C3%A1l%C3%A1s%C3%A1r%C3%B3l_jav%C3%ADtott_20180320_signed.pdf\">\u00d6ssze\u00adge\u00adz\u00e9s az aj\u00e1n\u00adla\u00adtok elb\u00edr\u00e1l\u00e1s\u00e1r\u00f3l<\/a><\/span><\/p>\n<p>&nbsp;<\/p>\n<p><span style=\"font-family: 'book antiqua', palatino, serif; font-size: 18px;\"><strong>Al\u00e1\u00ad\u00edrt v\u00e1l\u00adlal\u00adko\u00adz\u00e1si szerz\u0151d\u00e9sek:<\/strong><\/span><\/p>\n<p><span style=\"font-family: 'book antiqua', palatino, serif; font-size: 18px;\"><a href=\"http:\/\/www.jaszalsoszentgyorgy.hu\/wp-content\/uploads\/V%C3%A1llalkoz%C3%A1si-szerz%C5%91d%C3%A9s-1.r%C3%A9sz.pdf\">V\u00e1l\u00adlal\u00adko\u00adz\u00e1si szerz\u0151\u00add\u00e9s 1.r\u00e9sz<\/a><\/span><\/p>\n<p><span style=\"font-family: 'book antiqua', palatino, serif; font-size: 18px;\"><a href=\"http:\/\/www.jaszalsoszentgyorgy.hu\/wp-content\/uploads\/V%C3%A1llalkoz%C3%A1si-szerz%C5%91d%C3%A9s-2.r%C3%A9sz.pdf\">V\u00e1l\u00adlal\u00adko\u00adz\u00e1si szerz\u0151\u00add\u00e9s 2.r\u00e9sz<\/a><\/span><\/p>\n<p><span style=\"font-family: 'book antiqua', palatino, serif; font-size: 18px;\"><a href=\"http:\/\/www.jaszalsoszentgyorgy.hu\/wp-content\/uploads\/V%C3%A1llalkoz%C3%A1si-szerz%C5%91d%C3%A9s-3.r%C3%A9sz.pdf\">V\u00e1l\u00adlal\u00adko\u00adz\u00e1si szerz\u0151\u00add\u00e9s 3.r\u00e9sz<\/a><\/span><\/p>\n<p>&nbsp;<\/p>\n","protected":false},"excerpt":{"rendered":"<p>VISSZA A F\u0150OLDALRA K\u00f6z\u00adbe\u00adszer\u00adz\u00e9s dokumentumai: Aj\u00e1n\u00adlat\u00adt\u00e9\u00adteli felh\u00edv\u00e1s K\u00f6z\u00adbe\u00adszer\u00adz\u00e9si dokumentum Bon\u00adt\u00e1si jegyz\u0151k\u00f6nyv \u00d6ssze\u00adge\u00adz\u00e9s az aj\u00e1n\u00adla\u00adtok elb\u00edr\u00e1l\u00e1s\u00e1r\u00f3l &nbsp; Al\u00e1\u00ad\u00edrt v\u00e1l\u00adlal\u00adko\u00adz\u00e1si szerz\u0151d\u00e9sek: V\u00e1l\u00adlal\u00adko\u00adz\u00e1si szerz\u0151\u00add\u00e9s 1.r\u00e9sz V\u00e1l\u00adlal\u00adko\u00adz\u00e1si szerz\u0151\u00add\u00e9s 2.r\u00e9sz V\u00e1l\u00adlal\u00adko\u00adz\u00e1si szerz\u0151\u00add\u00e9s 3.r\u00e9sz &nbsp;<\/p>\n","protected":false},"author":1,"featured_media":0,"parent":96,"menu_order":0,"comment_status":"closed","ping_status":"closed","template":"","meta":{"footnotes":""},"class_list":["post-98","page","type-page","status-publish","hentry","entry","no-media"],"_links":{"self":[{"href":"https:\/\/palyazat.jaszalsoszentgyorgy.hu\/index.php?rest_route=\/wp\/v2\/pages\/98","targetHints":{"allow":["GET"]}}],"collection":[{"href":"https:\/\/palyazat.jaszalsoszentgyorgy.hu\/index.php?rest_route=\/wp\/v2\/pages"}],"about":[{"href":"https:\/\/palyazat.jaszalsoszentgyorgy.hu\/index.php?rest_route=\/wp\/v2\/types\/page"}],"author":[{"embeddable":true,"href":"https:\/\/palyazat.jaszalsoszentgyorgy.hu\/index.php?rest_route=\/wp\/v2\/users\/1"}],"replies":[{"embeddable":true,"href":"https:\/\/palyazat.jaszalsoszentgyorgy.hu\/index.php?rest_route=%2Fwp%2Fv2%2Fcomments&post=98"}],"version-history":[{"count":0,"href":"https:\/\/palyazat.jaszalsoszentgyorgy.hu\/index.php?rest_route=\/wp\/v2\/pages\/98\/revisions"}],"up":[{"embeddable":true,"href":"https:\/\/palyazat.jaszalsoszentgyorgy.hu\/index.php?rest_route=\/wp\/v2\/pages\/96"}],"wp:attachment":[{"href":"https:\/\/palyazat.jaszalsoszentgyorgy.hu\/index.php?rest_route=%2Fwp%2Fv2%2Fmedia&parent=98"}],"curies":[{"name":"wp","href":"https:\/\/api.w.org\/{rel}","templated":true}]}}